	{"id":7654357,"date":"2024-12-09T02:14:31","date_gmt":"2024-12-09T01:14:31","guid":{"rendered":"https:\/\/hepsi-markt.de\/produkt\/sultan-haehnchen-gewuerzsalz-1kg\/"},"modified":"2026-04-06T02:15:51","modified_gmt":"2026-04-06T00:15:51","slug":"sultan-haehnchen-gewuerzsalz-1kg","status":"publish","type":"product","link":"https:\/\/hepsi-markt.de\/it\/produkt\/sultan-haehnchen-gewuerzsalz-1kg\/","title":{"rendered":"Sultan H\u00e4hnchen Gew\u00fcrzsalz 1kg"},"content":{"rendered":"<p>Sultan H\u00e4hnchen Gew\u00fcrzsalz 1kg<\/p>\n","protected":false},"excerpt":{"rendered":"<p>1000 G<br \/>1000 Gramm = 4,99<\/p>\n","protected":false},"featured_media":7725792,"template":"","meta":{"_acf_changed":false},"product_brand":[],"product_cat":[400],"product_tag":[],"class_list":{"0":"post-7654357","1":"product","2":"type-product","3":"status-publish","4":"has-post-thumbnail","6":"product_cat-oele-sossen-gewuerze","8":"first","9":"outofstock","10":"shipping-taxable","11":"product-type-simple"},"acf":[],"_links":{"self":[{"href":"https:\/\/hepsi-markt.de\/it\/wp-json\/wp\/v2\/product\/7654357","targetHints":{"allow":["GET"]}}],"collection":[{"href":"https:\/\/hepsi-markt.de\/it\/wp-json\/wp\/v2\/product"}],"about":[{"href":"https:\/\/hepsi-markt.de\/it\/wp-json\/wp\/v2\/types\/product"}],"wp:featuredmedia":[{"embeddable":true,"href":"https:\/\/hepsi-markt.de\/it\/wp-json\/wp\/v2\/media\/7725792"}],"wp:attachment":[{"href":"https:\/\/hepsi-markt.de\/it\/wp-json\/wp\/v2\/media?parent=7654357"}],"wp:term":[{"taxonomy":"product_brand","embeddable":true,"href":"https:\/\/hepsi-markt.de\/it\/wp-json\/wp\/v2\/product_brand?post=7654357"},{"taxonomy":"product_cat","embeddable":true,"href":"https:\/\/hepsi-markt.de\/it\/wp-json\/wp\/v2\/product_cat?post=7654357"},{"taxonomy":"product_tag","embeddable":true,"href":"https:\/\/hepsi-markt.de\/it\/wp-json\/wp\/v2\/product_tag?post=7654357"}],"curies":[{"name":"wp","href":"https:\/\/api.w.org\/{rel}","templated":true}]}}