	{"id":7652322,"date":"2024-12-06T18:12:12","date_gmt":"2024-12-06T17:12:12","guid":{"rendered":"https:\/\/hepsi-markt.de\/produkt\/boerekstange-m-kaese\/"},"modified":"2026-04-06T02:34:21","modified_gmt":"2026-04-06T00:34:21","slug":"boerekstange-m-kaese","status":"publish","type":"product","link":"https:\/\/hepsi-markt.de\/it\/produkt\/boerekstange-m-kaese\/","title":{"rendered":"B\u00f6rekstange M.K\u00e4se"},"content":{"rendered":"<p>B\u00f6rekstange M.K\u00e4se<\/p>\n","protected":false},"excerpt":{"rendered":"<p>1 ST<br \/>St\u00fcck = 0,65<\/p>\n","protected":false},"featured_media":7750772,"template":"","meta":{"_acf_changed":false},"product_brand":[],"product_cat":[394],"product_tag":[],"class_list":{"0":"post-7652322","1":"product","2":"type-product","3":"status-publish","4":"has-post-thumbnail","6":"product_cat-backwaren-aufstriche-cerealien","8":"first","9":"instock","10":"shipping-taxable","11":"product-type-simple"},"acf":[],"_links":{"self":[{"href":"https:\/\/hepsi-markt.de\/it\/wp-json\/wp\/v2\/product\/7652322","targetHints":{"allow":["GET"]}}],"collection":[{"href":"https:\/\/hepsi-markt.de\/it\/wp-json\/wp\/v2\/product"}],"about":[{"href":"https:\/\/hepsi-markt.de\/it\/wp-json\/wp\/v2\/types\/product"}],"wp:featuredmedia":[{"embeddable":true,"href":"https:\/\/hepsi-markt.de\/it\/wp-json\/wp\/v2\/media\/7750772"}],"wp:attachment":[{"href":"https:\/\/hepsi-markt.de\/it\/wp-json\/wp\/v2\/media?parent=7652322"}],"wp:term":[{"taxonomy":"product_brand","embeddable":true,"href":"https:\/\/hepsi-markt.de\/it\/wp-json\/wp\/v2\/product_brand?post=7652322"},{"taxonomy":"product_cat","embeddable":true,"href":"https:\/\/hepsi-markt.de\/it\/wp-json\/wp\/v2\/product_cat?post=7652322"},{"taxonomy":"product_tag","embeddable":true,"href":"https:\/\/hepsi-markt.de\/it\/wp-json\/wp\/v2\/product_tag?post=7652322"}],"curies":[{"name":"wp","href":"https:\/\/api.w.org\/{rel}","templated":true}]}}