	{"id":7651026,"date":"2024-12-06T17:54:57","date_gmt":"2024-12-06T16:54:57","guid":{"rendered":"https:\/\/hepsi-markt.de\/produkt\/oencue-aci-biber-salcasi-370g\/"},"modified":"2026-04-05T02:13:18","modified_gmt":"2026-04-05T00:13:18","slug":"oencue-aci-biber-salcasi-370g","status":"publish","type":"product","link":"https:\/\/hepsi-markt.de\/it\/produkt\/oencue-aci-biber-salcasi-370g\/","title":{"rendered":"\u00d6nc\u00fc Aci Biber Salcasi 370g"},"content":{"rendered":"<p>\u00d6nc\u00fc Aci Biber Salcasi 370g<\/p>\n","protected":false},"excerpt":{"rendered":"<p>370 G<br \/>1000 Gramm = 6,73<\/p>\n","protected":false},"featured_media":7720829,"template":"","meta":{"_acf_changed":false},"product_brand":[],"product_cat":[397],"product_tag":[],"class_list":{"0":"post-7651026","1":"product","2":"type-product","3":"status-publish","4":"has-post-thumbnail","6":"product_cat-fertiggerichte-konserven","8":"first","9":"instock","10":"shipping-taxable","11":"product-type-simple"},"acf":[],"_links":{"self":[{"href":"https:\/\/hepsi-markt.de\/it\/wp-json\/wp\/v2\/product\/7651026","targetHints":{"allow":["GET"]}}],"collection":[{"href":"https:\/\/hepsi-markt.de\/it\/wp-json\/wp\/v2\/product"}],"about":[{"href":"https:\/\/hepsi-markt.de\/it\/wp-json\/wp\/v2\/types\/product"}],"wp:featuredmedia":[{"embeddable":true,"href":"https:\/\/hepsi-markt.de\/it\/wp-json\/wp\/v2\/media\/7720829"}],"wp:attachment":[{"href":"https:\/\/hepsi-markt.de\/it\/wp-json\/wp\/v2\/media?parent=7651026"}],"wp:term":[{"taxonomy":"product_brand","embeddable":true,"href":"https:\/\/hepsi-markt.de\/it\/wp-json\/wp\/v2\/product_brand?post=7651026"},{"taxonomy":"product_cat","embeddable":true,"href":"https:\/\/hepsi-markt.de\/it\/wp-json\/wp\/v2\/product_cat?post=7651026"},{"taxonomy":"product_tag","embeddable":true,"href":"https:\/\/hepsi-markt.de\/it\/wp-json\/wp\/v2\/product_tag?post=7651026"}],"curies":[{"name":"wp","href":"https:\/\/api.w.org\/{rel}","templated":true}]}}