	{"id":7651007,"date":"2024-12-06T17:54:42","date_gmt":"2024-12-06T16:54:42","guid":{"rendered":"https:\/\/hepsi-markt.de\/produkt\/burcu-garnituer-gemuese-370g\/"},"modified":"2026-04-05T02:12:59","modified_gmt":"2026-04-05T00:12:59","slug":"burcu-garnituer-gemuese-370g","status":"publish","type":"product","link":"https:\/\/hepsi-markt.de\/it\/produkt\/burcu-garnituer-gemuese-370g\/","title":{"rendered":"Burcu Garnit\u00fcr Gem\u00fcse 370g"},"content":{"rendered":"<p>Burcu Garnit\u00fcr Gem\u00fcse 370g<\/p>\n","protected":false},"excerpt":{"rendered":"<p>370 G<br \/>1000 Gramm = 4,03<\/p>\n","protected":false},"featured_media":7720505,"template":"","meta":{"_acf_changed":false},"product_brand":[],"product_cat":[397],"product_tag":[],"class_list":{"0":"post-7651007","1":"product","2":"type-product","3":"status-publish","4":"has-post-thumbnail","6":"product_cat-fertiggerichte-konserven","8":"first","9":"outofstock","10":"shipping-taxable","11":"product-type-simple"},"acf":[],"_links":{"self":[{"href":"https:\/\/hepsi-markt.de\/it\/wp-json\/wp\/v2\/product\/7651007","targetHints":{"allow":["GET"]}}],"collection":[{"href":"https:\/\/hepsi-markt.de\/it\/wp-json\/wp\/v2\/product"}],"about":[{"href":"https:\/\/hepsi-markt.de\/it\/wp-json\/wp\/v2\/types\/product"}],"wp:featuredmedia":[{"embeddable":true,"href":"https:\/\/hepsi-markt.de\/it\/wp-json\/wp\/v2\/media\/7720505"}],"wp:attachment":[{"href":"https:\/\/hepsi-markt.de\/it\/wp-json\/wp\/v2\/media?parent=7651007"}],"wp:term":[{"taxonomy":"product_brand","embeddable":true,"href":"https:\/\/hepsi-markt.de\/it\/wp-json\/wp\/v2\/product_brand?post=7651007"},{"taxonomy":"product_cat","embeddable":true,"href":"https:\/\/hepsi-markt.de\/it\/wp-json\/wp\/v2\/product_cat?post=7651007"},{"taxonomy":"product_tag","embeddable":true,"href":"https:\/\/hepsi-markt.de\/it\/wp-json\/wp\/v2\/product_tag?post=7651007"}],"curies":[{"name":"wp","href":"https:\/\/api.w.org\/{rel}","templated":true}]}}