	{"id":7797731,"date":"2025-07-06T21:01:59","date_gmt":"2025-07-06T19:01:59","guid":{"rendered":"https:\/\/hepsi-markt.de\/?page_id=7797731"},"modified":"2025-07-06T21:02:00","modified_gmt":"2025-07-06T19:02:00","slug":"hepsi-bot-whatsapp","status":"publish","type":"page","link":"https:\/\/hepsi-markt.de\/it\/hepsi-bot-whatsapp\/","title":{"rendered":"Hepsi Bot Whatsapp"},"content":{"rendered":"\t\t<div data-elementor-type=\"wp-page\" data-elementor-id=\"7797731\" class=\"elementor elementor-7797731 elementor-7793039\" data-elementor-post-type=\"page\">\n\t\t\t\t<div class=\"elementor-element elementor-element-c8ae141 e-con-full e-flex e-con e-parent\" data-id=\"c8ae141\" data-element_type=\"container\">\n\t\t\t\t<div class=\"elementor-element elementor-element-653099e elementor-widget elementor-widget-image\" data-id=\"653099e\" data-element_type=\"widget\" data-widget_type=\"image.default\">\n\t\t\t\t<div class=\"elementor-widget-container\">\n\t\t\t\t\t\t\t\t\t\t\t\t\t\t\t\t<a href=\"https:\/\/hpzi.de\/s6\" target=\"_blank\" rel=\"noopener\">\n\t\t\t\t\t\t\t<img fetchpriority=\"high\" decoding=\"async\" width=\"1024\" height=\"576\" src=\"https:\/\/hepsi-markt.de\/wp-content\/uploads\/2025\/07\/2-1024x576.jpg\" class=\"attachment-large size-large wp-image-7797674\" alt=\"\" srcset=\"https:\/\/hepsi-markt.de\/wp-content\/uploads\/2025\/07\/2-1024x576.jpg 1024w, https:\/\/hepsi-markt.de\/wp-content\/uploads\/2025\/07\/2-300x169.jpg 300w, https:\/\/hepsi-markt.de\/wp-content\/uploads\/2025\/07\/2-768x432.jpg 768w, https:\/\/hepsi-markt.de\/wp-content\/uploads\/2025\/07\/2-1536x864.jpg 1536w, https:\/\/hepsi-markt.de\/wp-content\/uploads\/2025\/07\/2-2048x1151.jpg 2048w, https:\/\/hepsi-markt.de\/wp-content\/uploads\/2025\/07\/2-500x281.jpg 500w\" sizes=\"(max-width: 1024px) 100vw, 1024px\" \/>\t\t\t\t\t\t\t\t<\/a>\n\t\t\t\t\t\t\t\t\t\t\t\t\t\t\t<\/div>\n\t\t\t\t<\/div>\n\t\t\t\t<\/div>\n\t\t<div class=\"elementor-element elementor-element-12ad535 e-con-full e-flex e-con e-parent\" data-id=\"12ad535\" data-element_type=\"container\">\n\t\t<div class=\"elementor-element elementor-element-0882fd8 e-con-full e-flex e-con e-child\" data-id=\"0882fd8\" data-element_type=\"container\">\n\t\t\t\t<div class=\"elementor-element elementor-element-727a2e2 elementor-widget elementor-widget-heading\" data-id=\"727a2e2\" data-element_type=\"widget\" data-widget_type=\"heading.default\">\n\t\t\t\t<div class=\"elementor-widget-container\">\n\t\t\t\t\t<h2 class=\"elementor-heading-title elementor-size-default\">Iscriviti qui per ricevere la brochure Whatsapp<\/h2>\t\t\t\t<\/div>\n\t\t\t\t<\/div>\n\t\t\t\t<\/div>\n\t\t\t\t<\/div>\n\t\t<div class=\"elementor-element elementor-element-001990c e-flex e-con-boxed e-con e-parent\" data-id=\"001990c\" data-element_type=\"container\">\n\t\t\t\t\t<div class=\"e-con-inner\">\n\t\t<div class=\"elementor-element elementor-element-504d8a2 e-con-full e-flex e-con e-child\" data-id=\"504d8a2\" data-element_type=\"container\">\n\t\t\t\t<div class=\"elementor-element elementor-element-3ac39ba elementor-widget elementor-widget-heading\" data-id=\"3ac39ba\" data-element_type=\"widget\" data-widget_type=\"heading.default\">\n\t\t\t\t<div class=\"elementor-widget-container\">\n\t\t\t\t\t<h2 class=\"elementor-heading-title elementor-size-default\">Vuoi essere il primo a sapere cosa c'\u00e8 nell'ultima brochure e non perdere mai pi\u00f9 un'offerta?<br><br>Allora iscriviti subito al nostro bot WhatsApp con un solo clic. Il servizio \u00e8 gratuito e pu\u00f2 fare molto di pi\u00f9 che inviarti la brochure... \n<br><br>Ti aiuta a comporre piatti deliziosi a partire dalle specialit\u00e0 settimanali, a consegnare i prezzi su richiesta e persino a creare liste della spesa complete in base alle tue preferenze.\n<br><br>E questo \u00e8 solo l'inizio. Provalo e scopri quanto pu\u00f2 essere comodo risparmiare, direttamente tramite WhatsApp. <\/h2>\t\t\t\t<\/div>\n\t\t\t\t<\/div>\n\t\t\t\t<\/div>\n\t\t<div class=\"elementor-element elementor-element-3df63da e-con-full e-flex e-con e-child\" data-id=\"3df63da\" data-element_type=\"container\">\n\t\t\t\t<div class=\"elementor-element elementor-element-8525488 elementor-widget elementor-widget-image\" data-id=\"8525488\" data-element_type=\"widget\" data-widget_type=\"image.default\">\n\t\t\t\t<div class=\"elementor-widget-container\">\n\t\t\t\t\t\t\t\t\t\t\t\t\t\t\t\t<a href=\"https:\/\/hpzi.de\/s6\" target=\"_blank\" rel=\"noopener\">\n\t\t\t\t\t\t\t<img decoding=\"async\" width=\"1024\" height=\"576\" src=\"https:\/\/hepsi-markt.de\/wp-content\/uploads\/2025\/07\/Hepsi-WhatsApp-Website-5-1024x576.png\" class=\"attachment-large size-large wp-image-7797596\" alt=\"\" srcset=\"https:\/\/hepsi-markt.de\/wp-content\/uploads\/2025\/07\/Hepsi-WhatsApp-Website-5-1024x576.png 1024w, https:\/\/hepsi-markt.de\/wp-content\/uploads\/2025\/07\/Hepsi-WhatsApp-Website-5-300x169.png 300w, https:\/\/hepsi-markt.de\/wp-content\/uploads\/2025\/07\/Hepsi-WhatsApp-Website-5-768x432.png 768w, https:\/\/hepsi-markt.de\/wp-content\/uploads\/2025\/07\/Hepsi-WhatsApp-Website-5-1536x863.png 1536w, https:\/\/hepsi-markt.de\/wp-content\/uploads\/2025\/07\/Hepsi-WhatsApp-Website-5-2048x1151.png 2048w, https:\/\/hepsi-markt.de\/wp-content\/uploads\/2025\/07\/Hepsi-WhatsApp-Website-5-500x281.png 500w\" sizes=\"(max-width: 1024px) 100vw, 1024px\" \/>\t\t\t\t\t\t\t\t<\/a>\n\t\t\t\t\t\t\t\t\t\t\t\t\t\t\t<\/div>\n\t\t\t\t<\/div>\n\t\t\t\t<\/div>\n\t\t\t\t\t<\/div>\n\t\t\t\t<\/div>\n\t\t<div class=\"elementor-element elementor-element-7dac542 e-flex e-con-boxed e-con e-parent\" data-id=\"7dac542\" data-element_type=\"container\">\n\t\t\t\t\t<div class=\"e-con-inner\">\n\t\t<div class=\"elementor-element elementor-element-5868170 e-con-full e-flex e-con e-child\" data-id=\"5868170\" data-element_type=\"container\">\n\t\t\t\t<div class=\"elementor-element elementor-element-80108ff elementor-align-right elementor-mobile-align-center elementor-widget elementor-widget-button\" data-id=\"80108ff\" data-element_type=\"widget\" data-widget_type=\"button.default\">\n\t\t\t\t<div class=\"elementor-widget-container\">\n\t\t\t\t\t\t\t\t\t<div class=\"elementor-button-wrapper\">\n\t\t\t\t\t<a class=\"elementor-button elementor-button-link elementor-size-sm\" href=\"https:\/\/hpzi.de\/s6\" target=\"_blank\" rel=\"noopener\">\n\t\t\t\t\t\t<span class=\"elementor-button-content-wrapper\">\n\t\t\t\t\t\t\t\t\t<span class=\"elementor-button-text\">Registrati qui<\/span>\n\t\t\t\t\t<\/span>\n\t\t\t\t\t<\/a>\n\t\t\t\t<\/div>\n\t\t\t\t\t\t\t\t<\/div>\n\t\t\t\t<\/div>\n\t\t\t\t<\/div>\n\t\t<div class=\"elementor-element elementor-element-7ced5ae e-con-full e-flex e-con e-child\" data-id=\"7ced5ae\" data-element_type=\"container\">\n\t\t\t\t<div class=\"elementor-element elementor-element-687dfaf elementor-mobile-align-center elementor-widget elementor-widget-button\" data-id=\"687dfaf\" data-element_type=\"widget\" data-widget_type=\"button.default\">\n\t\t\t\t<div class=\"elementor-widget-container\">\n\t\t\t\t\t\t\t\t\t<div class=\"elementor-button-wrapper\">\n\t\t\t\t\t<a class=\"elementor-button elementor-button-link elementor-size-sm\" href=\"#faq\">\n\t\t\t\t\t\t<span class=\"elementor-button-content-wrapper\">\n\t\t\t\t\t\t\t\t\t<span class=\"elementor-button-text\">Per saperne di pi\u00f9<\/span>\n\t\t\t\t\t<\/span>\n\t\t\t\t\t<\/a>\n\t\t\t\t<\/div>\n\t\t\t\t\t\t\t\t<\/div>\n\t\t\t\t<\/div>\n\t\t\t\t<\/div>\n\t\t\t\t\t<\/div>\n\t\t\t\t<\/div>\n\t\t<div class=\"elementor-element elementor-element-a331051 e-flex e-con-boxed e-con e-parent\" data-id=\"a331051\" data-element_type=\"container\">\n\t\t\t\t\t<div class=\"e-con-inner\">\n\t\t\t\t<div class=\"elementor-element elementor-element-eb3ffc0 elementor-widget-divider--view-line elementor-widget elementor-widget-divider\" data-id=\"eb3ffc0\" data-element_type=\"widget\" data-widget_type=\"divider.default\">\n\t\t\t\t<div class=\"elementor-widget-container\">\n\t\t\t\t\t\t\t<div class=\"elementor-divider\">\n\t\t\t<span class=\"elementor-divider-separator\">\n\t\t\t\t\t\t<\/span>\n\t\t<\/div>\n\t\t\t\t\t\t<\/div>\n\t\t\t\t<\/div>\n\t\t\t\t<div class=\"elementor-element elementor-element-52d770c elementor-widget elementor-widget-heading\" data-id=\"52d770c\" data-element_type=\"widget\" data-widget_type=\"heading.default\">\n\t\t\t\t<div class=\"elementor-widget-container\">\n\t\t\t\t\t<h2 class=\"elementor-heading-title elementor-size-default\"><a href=\"https:\/\/hpzi.de\/s6\" target=\"_blank\" rel=\"noopener\">\u00c8 cos\u00ec semplice<\/a><\/h2>\t\t\t\t<\/div>\n\t\t\t\t<\/div>\n\t\t\t\t\t<\/div>\n\t\t\t\t<\/div>\n\t\t<div class=\"elementor-element elementor-element-27becfd e-flex e-con-boxed e-con e-parent\" data-id=\"27becfd\" data-element_type=\"container\">\n\t\t\t\t\t<div class=\"e-con-inner\">\n\t\t<div class=\"elementor-element elementor-element-3dba659 e-con-full e-flex e-con e-child\" data-id=\"3dba659\" data-element_type=\"container\">\n\t\t\t\t<div class=\"elementor-element elementor-element-e872f3d elementor-widget elementor-widget-image\" data-id=\"e872f3d\" data-element_type=\"widget\" data-widget_type=\"image.default\">\n\t\t\t\t<div class=\"elementor-widget-container\">\n\t\t\t\t\t\t\t\t\t\t\t\t\t\t\t<img decoding=\"async\" width=\"819\" height=\"1024\" src=\"https:\/\/hepsi-markt.de\/wp-content\/uploads\/2025\/07\/1-819x1024.png\" class=\"attachment-large size-large wp-image-7797609\" alt=\"\" srcset=\"https:\/\/hepsi-markt.de\/wp-content\/uploads\/2025\/07\/1-819x1024.png 819w, https:\/\/hepsi-markt.de\/wp-content\/uploads\/2025\/07\/1-240x300.png 240w, https:\/\/hepsi-markt.de\/wp-content\/uploads\/2025\/07\/1-768x960.png 768w, https:\/\/hepsi-markt.de\/wp-content\/uploads\/2025\/07\/1-1229x1536.png 1229w, https:\/\/hepsi-markt.de\/wp-content\/uploads\/2025\/07\/1-500x625.png 500w, https:\/\/hepsi-markt.de\/wp-content\/uploads\/2025\/07\/1.png 1485w\" sizes=\"(max-width: 819px) 100vw, 819px\" \/>\t\t\t\t\t\t\t\t\t\t\t\t\t\t\t<\/div>\n\t\t\t\t<\/div>\n\t\t\t\t<div class=\"elementor-element elementor-element-8912157 elementor-widget elementor-widget-text-editor\" data-id=\"8912157\" data-element_type=\"widget\" data-widget_type=\"text-editor.default\">\n\t\t\t\t<div class=\"elementor-widget-container\">\n\t\t\t\t\t\t\t\t\t<p>Clicca sul pulsante<a href=\"https:\/\/hpzi.de\/s6\" target=\"_blank\" rel=\"noopener\">&#8220;Registrati qui<\/a>&#8221; o scansiona il codice QR e invia il messaggio gi\u00e0 pronto.  <\/p>\t\t\t\t\t\t\t\t<\/div>\n\t\t\t\t<\/div>\n\t\t\t\t<\/div>\n\t\t<div class=\"elementor-element elementor-element-1558943 e-con-full e-flex e-con e-child\" data-id=\"1558943\" data-element_type=\"container\">\n\t\t\t\t<div class=\"elementor-element elementor-element-0d99ae7 elementor-widget elementor-widget-image\" data-id=\"0d99ae7\" data-element_type=\"widget\" data-widget_type=\"image.default\">\n\t\t\t\t<div class=\"elementor-widget-container\">\n\t\t\t\t\t\t\t\t\t\t\t\t\t\t\t\t<a href=\"https:\/\/hpzi.de\/s6\" target=\"_blank\" rel=\"noopener\">\n\t\t\t\t\t\t\t<img loading=\"lazy\" decoding=\"async\" width=\"819\" height=\"1024\" src=\"https:\/\/hepsi-markt.de\/wp-content\/uploads\/2025\/07\/2-819x1024.png\" class=\"attachment-large size-large wp-image-7797622\" alt=\"\" srcset=\"https:\/\/hepsi-markt.de\/wp-content\/uploads\/2025\/07\/2-819x1024.png 819w, https:\/\/hepsi-markt.de\/wp-content\/uploads\/2025\/07\/2-240x300.png 240w, https:\/\/hepsi-markt.de\/wp-content\/uploads\/2025\/07\/2-768x960.png 768w, https:\/\/hepsi-markt.de\/wp-content\/uploads\/2025\/07\/2-1229x1536.png 1229w, https:\/\/hepsi-markt.de\/wp-content\/uploads\/2025\/07\/2-500x625.png 500w, https:\/\/hepsi-markt.de\/wp-content\/uploads\/2025\/07\/2.png 1485w\" sizes=\"(max-width: 819px) 100vw, 819px\" \/>\t\t\t\t\t\t\t\t<\/a>\n\t\t\t\t\t\t\t\t\t\t\t\t\t\t\t<\/div>\n\t\t\t\t<\/div>\n\t\t\t\t<div class=\"elementor-element elementor-element-9869a34 elementor-widget elementor-widget-text-editor\" data-id=\"9869a34\" data-element_type=\"widget\" data-widget_type=\"text-editor.default\">\n\t\t\t\t<div class=\"elementor-widget-container\">\n\t\t\t\t\t\t\t\t\t<p>Accetta la nostra politica sulla privacy e invia un &#8220;Inizio&#8221;. Questo \u00e8 necessario per ricevere le brochure. <\/p>\t\t\t\t\t\t\t\t<\/div>\n\t\t\t\t<\/div>\n\t\t\t\t<\/div>\n\t\t<div class=\"elementor-element elementor-element-3478799 e-con-full e-flex e-con e-child\" data-id=\"3478799\" data-element_type=\"container\">\n\t\t\t\t<div class=\"elementor-element elementor-element-90ff652 elementor-widget elementor-widget-image\" data-id=\"90ff652\" data-element_type=\"widget\" data-widget_type=\"image.default\">\n\t\t\t\t<div class=\"elementor-widget-container\">\n\t\t\t\t\t\t\t\t\t\t\t\t\t\t\t\t<a href=\"https:\/\/hpzi.de\/s6\" target=\"_blank\" rel=\"noopener\">\n\t\t\t\t\t\t\t<img loading=\"lazy\" decoding=\"async\" width=\"819\" height=\"1024\" src=\"https:\/\/hepsi-markt.de\/wp-content\/uploads\/2025\/07\/3-819x1024.png\" class=\"attachment-large size-large wp-image-7797635\" alt=\"\" srcset=\"https:\/\/hepsi-markt.de\/wp-content\/uploads\/2025\/07\/3-819x1024.png 819w, https:\/\/hepsi-markt.de\/wp-content\/uploads\/2025\/07\/3-240x300.png 240w, https:\/\/hepsi-markt.de\/wp-content\/uploads\/2025\/07\/3-768x960.png 768w, https:\/\/hepsi-markt.de\/wp-content\/uploads\/2025\/07\/3-1229x1536.png 1229w, https:\/\/hepsi-markt.de\/wp-content\/uploads\/2025\/07\/3-500x625.png 500w, https:\/\/hepsi-markt.de\/wp-content\/uploads\/2025\/07\/3.png 1485w\" sizes=\"(max-width: 819px) 100vw, 819px\" \/>\t\t\t\t\t\t\t\t<\/a>\n\t\t\t\t\t\t\t\t\t\t\t\t\t\t\t<\/div>\n\t\t\t\t<\/div>\n\t\t\t\t<div class=\"elementor-element elementor-element-7a02976 elementor-widget elementor-widget-text-editor\" data-id=\"7a02976\" data-element_type=\"widget\" data-widget_type=\"text-editor.default\">\n\t\t\t\t<div class=\"elementor-widget-container\">\n\t\t\t\t\t\t\t\t\t<p>Riceverai la prima brochure: ora puoi pianificare e risparmiare!<\/p>\t\t\t\t\t\t\t\t<\/div>\n\t\t\t\t<\/div>\n\t\t\t\t<\/div>\n\t\t\t\t\t<\/div>\n\t\t\t\t<\/div>\n\t\t<div class=\"elementor-element elementor-element-2cac5fd e-flex e-con-boxed e-con e-parent\" data-id=\"2cac5fd\" data-element_type=\"container\">\n\t\t\t\t\t<div class=\"e-con-inner\">\n\t\t\t\t<div class=\"elementor-element elementor-element-f8eae65 elementor-align-center elementor-widget__width-inherit elementor-widget elementor-widget-button\" data-id=\"f8eae65\" data-element_type=\"widget\" data-widget_type=\"button.default\">\n\t\t\t\t<div class=\"elementor-widget-container\">\n\t\t\t\t\t\t\t\t\t<div class=\"elementor-button-wrapper\">\n\t\t\t\t\t<a class=\"elementor-button elementor-button-link elementor-size-sm\" href=\"https:\/\/hpzi.de\/s6\" target=\"_blank\" rel=\"noopener\">\n\t\t\t\t\t\t<span class=\"elementor-button-content-wrapper\">\n\t\t\t\t\t\t\t\t\t<span class=\"elementor-button-text\">Registrati qui<\/span>\n\t\t\t\t\t<\/span>\n\t\t\t\t\t<\/a>\n\t\t\t\t<\/div>\n\t\t\t\t\t\t\t\t<\/div>\n\t\t\t\t<\/div>\n\t\t\t\t\t<\/div>\n\t\t\t\t<\/div>\n\t\t<div class=\"elementor-element elementor-element-fe092a7 e-flex e-con-boxed e-con e-parent\" data-id=\"fe092a7\" data-element_type=\"container\" data-settings=\"{&quot;background_background&quot;:&quot;classic&quot;}\">\n\t\t\t\t\t<div class=\"e-con-inner\">\n\t\t\t\t<div class=\"elementor-element elementor-element-5057a7e elementor-widget elementor-widget-heading\" data-id=\"5057a7e\" data-element_type=\"widget\" id=\"faq\" data-widget_type=\"heading.default\">\n\t\t\t\t<div class=\"elementor-widget-container\">\n\t\t\t\t\t<h2 class=\"elementor-heading-title elementor-size-default\">Domande e risposte sulla nostra brochure Whatsapp<\/h2>\t\t\t\t<\/div>\n\t\t\t\t<\/div>\n\t\t\t\t<div class=\"elementor-element elementor-element-5547054 elementor-widget elementor-widget-n-accordion\" data-id=\"5547054\" data-element_type=\"widget\" data-settings=\"{&quot;default_state&quot;:&quot;expanded&quot;,&quot;max_items_expended&quot;:&quot;one&quot;,&quot;n_accordion_animation_duration&quot;:{&quot;unit&quot;:&quot;ms&quot;,&quot;size&quot;:400,&quot;sizes&quot;:[]}}\" data-widget_type=\"nested-accordion.default\">\n\t\t\t\t<div class=\"elementor-widget-container\">\n\t\t\t\t\t\t\t<div class=\"e-n-accordion\" aria-label=\"Accordion. Open links with Enter or Space, close with Escape, and navigate with Arrow Keys\">\n\t\t\t\t\t\t<details id=\"e-n-accordion-item-8940\" class=\"e-n-accordion-item\" open>\n\t\t\t\t<summary class=\"e-n-accordion-item-title\" data-accordion-index=\"1\" tabindex=\"0\" aria-expanded=\"true\" aria-controls=\"e-n-accordion-item-8940\" >\n\t\t\t\t\t<span class='e-n-accordion-item-title-header'><div class=\"e-n-accordion-item-title-text\"> Come posso iscrivermi al prospetto informativo? <\/div><\/span>\n\t\t\t\t\t\t\t<span class='e-n-accordion-item-title-icon'>\n\t\t\t<span class='e-opened' ><i aria-hidden=\"true\" class=\"fas fa-minus-square\"><\/i><\/span>\n\t\t\t<span class='e-closed'><i aria-hidden=\"true\" class=\"far fa-caret-square-down\"><\/i><\/span>\n\t\t<\/span>\n\n\t\t\t\t\t\t<\/summary>\n\t\t\t\t<div role=\"region\" aria-labelledby=\"e-n-accordion-item-8940\" class=\"elementor-element elementor-element-c19d469 e-con-full e-flex e-con e-child\" data-id=\"c19d469\" data-element_type=\"container\">\n\t\t\t\t<div class=\"elementor-element elementor-element-07c355b elementor-widget elementor-widget-text-editor\" data-id=\"07c355b\" data-element_type=\"widget\" data-widget_type=\"text-editor.default\">\n\t\t\t\t<div class=\"elementor-widget-container\">\n\t\t\t\t\t\t\t\t\t<p>Basta cliccare su uno dei pulsanti &#8220;Registrati qui&#8221; o scansionare il codice QR. I passi successivi sono spiegati sopra. <\/p>\t\t\t\t\t\t\t\t<\/div>\n\t\t\t\t<\/div>\n\t\t\t\t<\/div>\n\t\t\t\t\t<\/details>\n\t\t\t\t\t\t<details id=\"e-n-accordion-item-8941\" class=\"e-n-accordion-item\" >\n\t\t\t\t<summary class=\"e-n-accordion-item-title\" data-accordion-index=\"2\" tabindex=\"-1\" aria-expanded=\"false\" aria-controls=\"e-n-accordion-item-8941\" >\n\t\t\t\t\t<span class='e-n-accordion-item-title-header'><div class=\"e-n-accordion-item-title-text\"> Quanto mi costa la brochure di WhatsApp? <\/div><\/span>\n\t\t\t\t\t\t\t<span class='e-n-accordion-item-title-icon'>\n\t\t\t<span class='e-opened' ><i aria-hidden=\"true\" class=\"fas fa-minus-square\"><\/i><\/span>\n\t\t\t<span class='e-closed'><i aria-hidden=\"true\" class=\"far fa-caret-square-down\"><\/i><\/span>\n\t\t<\/span>\n\n\t\t\t\t\t\t<\/summary>\n\t\t\t\t<div role=\"region\" aria-labelledby=\"e-n-accordion-item-8941\" class=\"elementor-element elementor-element-a812bd7 e-con-full e-flex e-con e-child\" data-id=\"a812bd7\" data-element_type=\"container\">\n\t\t\t\t<div class=\"elementor-element elementor-element-e6e6f8d elementor-widget elementor-widget-text-editor\" data-id=\"e6e6f8d\" data-element_type=\"widget\" data-widget_type=\"text-editor.default\">\n\t\t\t\t<div class=\"elementor-widget-container\">\n\t\t\t\t\t\t\t\t\t<p>Il Hepsi-Markt Il bot di WhatsApp \u00e8 completamente gratuito per te. Tutto ci\u00f2 di cui hai bisogno \u00e8 il tuo smartphone e un account WhatsApp. <\/p>\t\t\t\t\t\t\t\t<\/div>\n\t\t\t\t<\/div>\n\t\t\t\t<\/div>\n\t\t\t\t\t<\/details>\n\t\t\t\t\t\t<details id=\"e-n-accordion-item-8942\" class=\"e-n-accordion-item\" >\n\t\t\t\t<summary class=\"e-n-accordion-item-title\" data-accordion-index=\"3\" tabindex=\"-1\" aria-expanded=\"false\" aria-controls=\"e-n-accordion-item-8942\" >\n\t\t\t\t\t<span class='e-n-accordion-item-title-header'><div class=\"e-n-accordion-item-title-text\"> Ricever\u00f2 altre notizie oltre alla brochure? <\/div><\/span>\n\t\t\t\t\t\t\t<span class='e-n-accordion-item-title-icon'>\n\t\t\t<span class='e-opened' ><i aria-hidden=\"true\" class=\"fas fa-minus-square\"><\/i><\/span>\n\t\t\t<span class='e-closed'><i aria-hidden=\"true\" class=\"far fa-caret-square-down\"><\/i><\/span>\n\t\t<\/span>\n\n\t\t\t\t\t\t<\/summary>\n\t\t\t\t<div role=\"region\" aria-labelledby=\"e-n-accordion-item-8942\" class=\"elementor-element elementor-element-7316e71 e-con-full e-flex e-con e-child\" data-id=\"7316e71\" data-element_type=\"container\">\n\t\t\t\t<div class=\"elementor-element elementor-element-b1144c1 elementor-widget elementor-widget-text-editor\" data-id=\"b1144c1\" data-element_type=\"widget\" data-widget_type=\"text-editor.default\">\n\t\t\t\t<div class=\"elementor-widget-container\">\n\t\t\t\t\t\t\t\t\t<p>No, riceverai solo le brochure e gli entusiasmanti consigli per le rispettive brochure. Niente spam! <\/p>\t\t\t\t\t\t\t\t<\/div>\n\t\t\t\t<\/div>\n\t\t\t\t<\/div>\n\t\t\t\t\t<\/details>\n\t\t\t\t\t\t<details id=\"e-n-accordion-item-8943\" class=\"e-n-accordion-item\" >\n\t\t\t\t<summary class=\"e-n-accordion-item-title\" data-accordion-index=\"4\" tabindex=\"-1\" aria-expanded=\"false\" aria-controls=\"e-n-accordion-item-8943\" >\n\t\t\t\t\t<span class='e-n-accordion-item-title-header'><div class=\"e-n-accordion-item-title-text\"> Cosa succede ai miei dati? <\/div><\/span>\n\t\t\t\t\t\t\t<span class='e-n-accordion-item-title-icon'>\n\t\t\t<span class='e-opened' ><i aria-hidden=\"true\" class=\"fas fa-minus-square\"><\/i><\/span>\n\t\t\t<span class='e-closed'><i aria-hidden=\"true\" class=\"far fa-caret-square-down\"><\/i><\/span>\n\t\t<\/span>\n\n\t\t\t\t\t\t<\/summary>\n\t\t\t\t<div role=\"region\" aria-labelledby=\"e-n-accordion-item-8943\" class=\"elementor-element elementor-element-079b33e e-flex e-con-boxed e-con e-child\" data-id=\"079b33e\" data-element_type=\"container\">\n\t\t\t\t\t<div class=\"e-con-inner\">\n\t\t\t\t<div class=\"elementor-element elementor-element-37b4d65 elementor-widget elementor-widget-text-editor\" data-id=\"37b4d65\" data-element_type=\"widget\" data-widget_type=\"text-editor.default\">\n\t\t\t\t<div class=\"elementor-widget-container\">\n\t\t\t\t\t\t\t\t\t<p>Agiamo in stretta conformit\u00e0 con le normative vigenti in materia di protezione dei dati. I tuoi dati sono al sicuro con noi. Se vuoi saperne di pi\u00f9, clicca qui: <a href=\"https:\/\/hepsi-markt.de\/it\/informativa-sulla-privacy\/\">Informativa sulla privacy<\/a>.  <\/p>\t\t\t\t\t\t\t\t<\/div>\n\t\t\t\t<\/div>\n\t\t\t\t\t<\/div>\n\t\t\t\t<\/div>\n\t\t\t\t\t<\/details>\n\t\t\t\t\t\t<details id=\"e-n-accordion-item-8944\" class=\"e-n-accordion-item\" >\n\t\t\t\t<summary class=\"e-n-accordion-item-title\" data-accordion-index=\"5\" tabindex=\"-1\" aria-expanded=\"false\" aria-controls=\"e-n-accordion-item-8944\" >\n\t\t\t\t\t<span class='e-n-accordion-item-title-header'><div class=\"e-n-accordion-item-title-text\"> Come posso annullare l'iscrizione? <\/div><\/span>\n\t\t\t\t\t\t\t<span class='e-n-accordion-item-title-icon'>\n\t\t\t<span class='e-opened' ><i aria-hidden=\"true\" class=\"fas fa-minus-square\"><\/i><\/span>\n\t\t\t<span class='e-closed'><i aria-hidden=\"true\" class=\"far fa-caret-square-down\"><\/i><\/span>\n\t\t<\/span>\n\n\t\t\t\t\t\t<\/summary>\n\t\t\t\t<div role=\"region\" aria-labelledby=\"e-n-accordion-item-8944\" class=\"elementor-element elementor-element-4a94796 e-flex e-con-boxed e-con e-child\" data-id=\"4a94796\" data-element_type=\"container\">\n\t\t\t\t\t<div class=\"e-con-inner\">\n\t\t\t\t<div class=\"elementor-element elementor-element-0204f64 elementor-widget elementor-widget-text-editor\" data-id=\"0204f64\" data-element_type=\"widget\" data-widget_type=\"text-editor.default\">\n\t\t\t\t<div class=\"elementor-widget-container\">\n\t\t\t\t\t\t\t\t\t<p>Basta inviare un &#8220;STOP&#8221; nella chat di Whatsapp e sarai immediatamente disconnesso.<\/p>\t\t\t\t\t\t\t\t<\/div>\n\t\t\t\t<\/div>\n\t\t\t\t\t<\/div>\n\t\t\t\t<\/div>\n\t\t\t\t\t<\/details>\n\t\t\t\t\t\t<details id=\"e-n-accordion-item-8945\" class=\"e-n-accordion-item\" >\n\t\t\t\t<summary class=\"e-n-accordion-item-title\" data-accordion-index=\"6\" tabindex=\"-1\" aria-expanded=\"false\" aria-controls=\"e-n-accordion-item-8945\" >\n\t\t\t\t\t<span class='e-n-accordion-item-title-header'><div class=\"e-n-accordion-item-title-text\"> Posso condividere il bot di WhatsApp dal menu Hepsi-Markt condivisione? <\/div><\/span>\n\t\t\t\t\t\t\t<span class='e-n-accordion-item-title-icon'>\n\t\t\t<span class='e-opened' ><i aria-hidden=\"true\" class=\"fas fa-minus-square\"><\/i><\/span>\n\t\t\t<span class='e-closed'><i aria-hidden=\"true\" class=\"far fa-caret-square-down\"><\/i><\/span>\n\t\t<\/span>\n\n\t\t\t\t\t\t<\/summary>\n\t\t\t\t<div role=\"region\" aria-labelledby=\"e-n-accordion-item-8945\" class=\"elementor-element elementor-element-6d329b6 e-flex e-con-boxed e-con e-child\" data-id=\"6d329b6\" data-element_type=\"container\">\n\t\t\t\t\t<div class=\"e-con-inner\">\n\t\t\t\t<div class=\"elementor-element elementor-element-c569fc3 elementor-widget elementor-widget-text-editor\" data-id=\"c569fc3\" data-element_type=\"widget\" data-widget_type=\"text-editor.default\">\n\t\t\t\t<div class=\"elementor-widget-container\">\n\t\t\t\t\t\t\t\t\t<p>Condividere il nostro bot \u00e8 molto semplice. Basta cliccare sul nostro nome con il logo verde nella parte superiore della chat di WhatsApp. Sotto la nostra immagine del profilo, troverai l&#8217;opzione per condividere il nostro account aziendale con i tuoi contatti WhatsApp. Il tuo contatto non dovr\u00e0 fare altro che inviarci il messaggio &#8220;Inizia&#8221; e il gioco \u00e8 fatto.   <\/p>\t\t\t\t\t\t\t\t<\/div>\n\t\t\t\t<\/div>\n\t\t\t\t\t<\/div>\n\t\t\t\t<\/div>\n\t\t\t\t\t<\/details>\n\t\t\t\t\t<\/div>\n\t\t\t\t\t\t<\/div>\n\t\t\t\t<\/div>\n\t\t\t\t\t<\/div>\n\t\t\t\t<\/div>\n\t\t\t\t<\/div>\n\t\t","protected":false},"excerpt":{"rendered":"<p>Iscriviti qui per ricevere la brochure Whatsapp Vuoi essere il primo a sapere cosa c&#8217;\u00e8 nell&#8217;ultima brochure e non perdere mai pi\u00f9 un&#8217;offerta? Allora iscriviti subito al nostro bot WhatsApp con un solo clic. Il servizio \u00e8 gratuito e pu\u00f2 fare molto di pi\u00f9 che inviarti la brochure&#8230; Ti aiuta a comporre piatti deliziosi a [&hellip;]<\/p>\n","protected":false},"author":6,"featured_media":0,"parent":0,"menu_order":0,"comment_status":"closed","ping_status":"closed","template":"elementor_header_footer","meta":{"_acf_changed":false,"footnotes":""},"class_list":["post-7797731","page","type-page","status-publish","hentry"],"acf":[],"_links":{"self":[{"href":"https:\/\/hepsi-markt.de\/it\/wp-json\/wp\/v2\/pages\/7797731","targetHints":{"allow":["GET"]}}],"collection":[{"href":"https:\/\/hepsi-markt.de\/it\/wp-json\/wp\/v2\/pages"}],"about":[{"href":"https:\/\/hepsi-markt.de\/it\/wp-json\/wp\/v2\/types\/page"}],"author":[{"embeddable":true,"href":"https:\/\/hepsi-markt.de\/it\/wp-json\/wp\/v2\/users\/6"}],"replies":[{"embeddable":true,"href":"https:\/\/hepsi-markt.de\/it\/wp-json\/wp\/v2\/comments?post=7797731"}],"version-history":[{"count":2,"href":"https:\/\/hepsi-markt.de\/it\/wp-json\/wp\/v2\/pages\/7797731\/revisions"}],"predecessor-version":[{"id":7797741,"href":"https:\/\/hepsi-markt.de\/it\/wp-json\/wp\/v2\/pages\/7797731\/revisions\/7797741"}],"wp:attachment":[{"href":"https:\/\/hepsi-markt.de\/it\/wp-json\/wp\/v2\/media?parent=7797731"}],"curies":[{"name":"wp","href":"https:\/\/api.w.org\/{rel}","templated":true}]}}