	{"id":6594,"date":"2022-02-24T15:59:55","date_gmt":"2022-02-24T14:59:55","guid":{"rendered":"https:\/\/hepsi-markt.de\/carta-regalo\/"},"modified":"2024-12-11T09:40:58","modified_gmt":"2024-12-11T08:40:58","slug":"carta-regalo","status":"publish","type":"page","link":"https:\/\/hepsi-markt.de\/it\/carta-regalo\/","title":{"rendered":"Carta regalo"},"content":{"rendered":"\t\t<div data-elementor-type=\"wp-page\" data-elementor-id=\"6594\" class=\"elementor elementor-6594 elementor-3370\" data-elementor-post-type=\"page\">\n\t\t\t\t\t\t<section class=\"elementor-section elementor-top-section elementor-element elementor-element-2370ac01 elementor-section-full_width elementor-section-height-default elementor-section-height-default\" data-id=\"2370ac01\" data-element_type=\"section\">\n\t\t\t\t\t\t<div class=\"elementor-container elementor-column-gap-default\">\n\t\t\t\t\t<div class=\"elementor-column elementor-col-100 elementor-top-column elementor-element elementor-element-38de9ee2\" data-id=\"38de9ee2\" data-element_type=\"column\">\n\t\t\t<div class=\"elementor-widget-wrap\">\n\t\t\t\t\t\t\t<\/div>\n\t\t<\/div>\n\t\t\t\t\t<\/div>\n\t\t<\/section>\n\t\t\t\t<section class=\"elementor-section elementor-top-section elementor-element elementor-element-4efe565 elementor-section-full_width elementor-section-stretched elementor-section-height-default elementor-section-height-default\" data-id=\"4efe565\" data-element_type=\"section\" data-settings=\"{&quot;stretch_section&quot;:&quot;section-stretched&quot;}\">\n\t\t\t\t\t\t<div class=\"elementor-container elementor-column-gap-default\">\n\t\t\t\t\t<div class=\"elementor-column elementor-col-100 elementor-top-column elementor-element elementor-element-9472e8c\" data-id=\"9472e8c\" data-element_type=\"column\">\n\t\t\t<div class=\"elementor-widget-wrap elementor-element-populated\">\n\t\t\t\t\t\t<div class=\"elementor-element elementor-element-2e418f6 elementor-widget elementor-widget-heading\" data-id=\"2e418f6\" data-element_type=\"widget\" data-widget_type=\"heading.default\">\n\t\t\t\t<div class=\"elementor-widget-container\">\n\t\t\t\t\t<h1 class=\"elementor-heading-title elementor-size-default\">Hepsi-Biglietto regalo<\/h1>\t\t\t\t<\/div>\n\t\t\t\t<\/div>\n\t\t\t\t<div class=\"elementor-element elementor-element-3653f52 elementor-widget elementor-widget-spacer\" data-id=\"3653f52\" data-element_type=\"widget\" data-widget_type=\"spacer.default\">\n\t\t\t\t<div class=\"elementor-widget-container\">\n\t\t\t\t\t\t\t<div class=\"elementor-spacer\">\n\t\t\t<div class=\"elementor-spacer-inner\"><\/div>\n\t\t<\/div>\n\t\t\t\t\t\t<\/div>\n\t\t\t\t<\/div>\n\t\t\t\t\t<\/div>\n\t\t<\/div>\n\t\t\t\t\t<\/div>\n\t\t<\/section>\n\t\t\t\t<section class=\"elementor-section elementor-top-section elementor-element elementor-element-6a399a98 elementor-section-boxed elementor-section-height-default elementor-section-height-default\" data-id=\"6a399a98\" data-element_type=\"section\">\n\t\t\t\t\t\t<div class=\"elementor-container elementor-column-gap-default\">\n\t\t\t\t\t<div class=\"elementor-column elementor-col-100 elementor-top-column elementor-element elementor-element-50c549f3\" data-id=\"50c549f3\" data-element_type=\"column\">\n\t\t\t<div class=\"elementor-widget-wrap elementor-element-populated\">\n\t\t\t\t\t\t<div class=\"elementor-element elementor-element-304b6f13 elementor-widget elementor-widget-text-editor\" data-id=\"304b6f13\" data-element_type=\"widget\" data-widget_type=\"text-editor.default\">\n\t\t\t\t<div class=\"elementor-widget-container\">\n\t\t\t\t\t\t\t\t\t<h4><b>HepsiLa carta regalo lo rende possibile: ora l&#8217;intera gamma \u00e8 a portata di tasca.<\/b><\/h4>\n<h4>HepsiRegalare denaro \u00e8 un ricordo del passato: con la carta regalo puoi regalare freschezza, qualit\u00e0 e piacere. Che si tratti di parenti, amici o dipendenti, sono adatti per ogni occasione! La carta regalo Hepsi, nel pratico formato di biglietto da visita, \u00e8 disponibile alla cassa in ogni negozio.<br \/>\nE si pu\u00f2 pagare in tutte le filiali Hepsi.  Fare regali e acquisti \u00e8 un gioco da ragazzi!<\/h4>\n<p>Esistono due versioni: una con un saldo fisso di 20 euro e una con un saldo variabile tra 5 e 250 euro.<\/p>\n\t\t\t\t\t\t\t\t<\/div>\n\t\t\t\t<\/div>\n\t\t\t\t\t<\/div>\n\t\t<\/div>\n\t\t\t\t\t<\/div>\n\t\t<\/section>\n\t\t\t\t<section class=\"elementor-section elementor-top-section elementor-element elementor-element-9b33496 elementor-section-boxed elementor-section-height-default elementor-section-height-default\" data-id=\"9b33496\" data-element_type=\"section\">\n\t\t\t\t\t\t<div class=\"elementor-container elementor-column-gap-default\">\n\t\t\t\t\t<div class=\"elementor-column elementor-col-100 elementor-top-column elementor-element elementor-element-4167da9\" data-id=\"4167da9\" data-element_type=\"column\">\n\t\t\t<div class=\"elementor-widget-wrap elementor-element-populated\">\n\t\t\t\t\t\t<div class=\"elementor-element elementor-element-73c9ebd elementor-widget elementor-widget-spacer\" data-id=\"73c9ebd\" data-element_type=\"widget\" data-widget_type=\"spacer.default\">\n\t\t\t\t<div class=\"elementor-widget-container\">\n\t\t\t\t\t\t\t<div class=\"elementor-spacer\">\n\t\t\t<div class=\"elementor-spacer-inner\"><\/div>\n\t\t<\/div>\n\t\t\t\t\t\t<\/div>\n\t\t\t\t<\/div>\n\t\t\t\t\t<\/div>\n\t\t<\/div>\n\t\t\t\t\t<\/div>\n\t\t<\/section>\n\t\t\t\t<section class=\"elementor-section elementor-top-section elementor-element elementor-element-5721233 elementor-section-boxed elementor-section-height-default elementor-section-height-default\" data-id=\"5721233\" data-element_type=\"section\">\n\t\t\t\t\t\t<div class=\"elementor-container elementor-column-gap-default\">\n\t\t\t\t\t<div class=\"elementor-column elementor-col-50 elementor-top-column elementor-element elementor-element-da0cd9c\" data-id=\"da0cd9c\" data-element_type=\"column\">\n\t\t\t<div class=\"elementor-widget-wrap elementor-element-populated\">\n\t\t\t\t\t\t<div class=\"elementor-element elementor-element-1c71bf9 elementor-widget elementor-widget-image\" data-id=\"1c71bf9\" data-element_type=\"widget\" data-widget_type=\"image.default\">\n\t\t\t\t<div class=\"elementor-widget-container\">\n\t\t\t\t\t\t\t\t\t\t\t\t\t\t\t<img fetchpriority=\"high\" decoding=\"async\" width=\"693\" height=\"1024\" src=\"https:\/\/hepsi-markt.de\/wp-content\/uploads\/2023\/07\/Geschenkkarte-20-693x1024.webp\" class=\"attachment-large size-large wp-image-4145\" alt=\"Geschenkkarte 20 Euro\" srcset=\"https:\/\/hepsi-markt.de\/wp-content\/uploads\/2023\/07\/Geschenkkarte-20-693x1024.webp 693w, https:\/\/hepsi-markt.de\/wp-content\/uploads\/2023\/07\/Geschenkkarte-20-500x738.webp 500w, https:\/\/hepsi-markt.de\/wp-content\/uploads\/2023\/07\/Geschenkkarte-20-203x300.webp 203w, https:\/\/hepsi-markt.de\/wp-content\/uploads\/2023\/07\/Geschenkkarte-20-768x1134.webp 768w, https:\/\/hepsi-markt.de\/wp-content\/uploads\/2023\/07\/Geschenkkarte-20.webp 1040w\" sizes=\"(max-width: 693px) 100vw, 693px\" \/>\t\t\t\t\t\t\t\t\t\t\t\t\t\t\t<\/div>\n\t\t\t\t<\/div>\n\t\t\t\t\t<\/div>\n\t\t<\/div>\n\t\t\t\t<div class=\"elementor-column elementor-col-50 elementor-top-column elementor-element elementor-element-937fa6d\" data-id=\"937fa6d\" data-element_type=\"column\">\n\t\t\t<div class=\"elementor-widget-wrap elementor-element-populated\">\n\t\t\t\t\t\t<div class=\"elementor-element elementor-element-e7365e2 elementor-widget elementor-widget-image\" data-id=\"e7365e2\" data-element_type=\"widget\" data-widget_type=\"image.default\">\n\t\t\t\t<div class=\"elementor-widget-container\">\n\t\t\t\t\t\t\t\t\t\t\t\t\t\t\t<img decoding=\"async\" width=\"693\" height=\"1024\" src=\"https:\/\/hepsi-markt.de\/wp-content\/uploads\/2023\/07\/Geschenkkarte-250-693x1024.webp\" class=\"attachment-large size-large wp-image-4144\" alt=\"Geschenkkarte 250 Euro\" srcset=\"https:\/\/hepsi-markt.de\/wp-content\/uploads\/2023\/07\/Geschenkkarte-250-693x1024.webp 693w, https:\/\/hepsi-markt.de\/wp-content\/uploads\/2023\/07\/Geschenkkarte-250-500x738.webp 500w, https:\/\/hepsi-markt.de\/wp-content\/uploads\/2023\/07\/Geschenkkarte-250-203x300.webp 203w, https:\/\/hepsi-markt.de\/wp-content\/uploads\/2023\/07\/Geschenkkarte-250-768x1134.webp 768w, https:\/\/hepsi-markt.de\/wp-content\/uploads\/2023\/07\/Geschenkkarte-250.webp 1040w\" sizes=\"(max-width: 693px) 100vw, 693px\" \/>\t\t\t\t\t\t\t\t\t\t\t\t\t\t\t<\/div>\n\t\t\t\t<\/div>\n\t\t\t\t\t<\/div>\n\t\t<\/div>\n\t\t\t\t\t<\/div>\n\t\t<\/section>\n\t\t\t\t<section class=\"elementor-section elementor-top-section elementor-element elementor-element-bf062ea elementor-section-boxed elementor-section-height-default elementor-section-height-default\" data-id=\"bf062ea\" data-element_type=\"section\">\n\t\t\t\t\t\t<div class=\"elementor-container elementor-column-gap-default\">\n\t\t\t\t\t<div class=\"elementor-column elementor-col-100 elementor-top-column elementor-element elementor-element-5fe37cf\" data-id=\"5fe37cf\" data-element_type=\"column\">\n\t\t\t<div class=\"elementor-widget-wrap elementor-element-populated\">\n\t\t\t\t\t\t<div class=\"elementor-element elementor-element-cf041f9 elementor-widget elementor-widget-spacer\" data-id=\"cf041f9\" data-element_type=\"widget\" data-widget_type=\"spacer.default\">\n\t\t\t\t<div class=\"elementor-widget-container\">\n\t\t\t\t\t\t\t<div class=\"elementor-spacer\">\n\t\t\t<div class=\"elementor-spacer-inner\"><\/div>\n\t\t<\/div>\n\t\t\t\t\t\t<\/div>\n\t\t\t\t<\/div>\n\t\t\t\t\t<\/div>\n\t\t<\/div>\n\t\t\t\t\t<\/div>\n\t\t<\/section>\n\t\t\t\t<section class=\"elementor-section elementor-top-section elementor-element elementor-element-cb50428 elementor-section-boxed elementor-section-height-default elementor-section-height-default\" data-id=\"cb50428\" data-element_type=\"section\">\n\t\t\t\t\t\t<div class=\"elementor-container elementor-column-gap-default\">\n\t\t\t\t\t<div class=\"elementor-column elementor-col-100 elementor-top-column elementor-element elementor-element-5e69d08\" data-id=\"5e69d08\" data-element_type=\"column\">\n\t\t\t<div class=\"elementor-widget-wrap elementor-element-populated\">\n\t\t\t\t\t\t<div class=\"elementor-element elementor-element-d1d8efa elementor-widget elementor-widget-text-editor\" data-id=\"d1d8efa\" data-element_type=\"widget\" data-widget_type=\"text-editor.default\">\n\t\t\t\t<div class=\"elementor-widget-container\">\n\t\t\t\t\t\t\t\t\t<h2>HepsiInformazioni sulle carte regalo<\/h2>\n<p>Hepsi HepsiQuanto segue si applica alle carte regalo che possono essere acquistate nei negozi in Germania:<\/p>\n<ul>\n<li>\u00e8 possibile riscattare una sola carta regalo per ogni processo d&#8217;ordine<\/li>\n<li>l&#8217;eventuale importo residuo rimane sulla carta<\/li>\n<li>un pagamento in contanti non \u00e8 purtroppo possibile<\/li>\n<\/ul>\n\t\t\t\t\t\t\t\t<\/div>\n\t\t\t\t<\/div>\n\t\t\t\t\t<\/div>\n\t\t<\/div>\n\t\t\t\t\t<\/div>\n\t\t<\/section>\n\t\t\t\t<section class=\"elementor-section elementor-top-section elementor-element elementor-element-7e09809 elementor-section-boxed elementor-section-height-default elementor-section-height-default\" data-id=\"7e09809\" data-element_type=\"section\">\n\t\t\t\t\t\t<div class=\"elementor-container elementor-column-gap-default\">\n\t\t\t\t\t<div class=\"elementor-column elementor-col-100 elementor-top-column elementor-element elementor-element-804fa64\" data-id=\"804fa64\" data-element_type=\"column\">\n\t\t\t<div class=\"elementor-widget-wrap elementor-element-populated\">\n\t\t\t\t\t\t<div class=\"elementor-element elementor-element-b9208d0 elementor-widget elementor-widget-text-editor\" data-id=\"b9208d0\" data-element_type=\"widget\" data-widget_type=\"text-editor.default\">\n\t\t\t\t<div class=\"elementor-widget-container\">\n\t\t\t\t\t\t\t\t\t<h3>Conservare la carta, il numero di carta e la prova d&#8217;acquisto in un luogo sicuro.<\/h3>\n<p>Hepsi Emittente: Markt K\u00fcppersteger Str. 3, 51373 Leverkusen. Hepsi La carta pu\u00f2 essere utilizzata per un numero qualsiasi di pagamenti in tutte le filiali fino al valore della carta stessa.  <br>\u00c8 possibile effettuare una richiesta di credito alla cassa. In caso di domande sulla carta, di difetti o di smarrimento, si prega di contattare il nostro personale o di visitare il sito info@hepsi-markt.de. Nessun diritto di restituzione della carta attivata, nessun pagamento del credito (residuo). La carta \u00e8 valida per 36 mesi dalla data di attivazione.<\/p>\t\t\t\t\t\t\t\t<\/div>\n\t\t\t\t<\/div>\n\t\t\t\t\t<\/div>\n\t\t<\/div>\n\t\t\t\t\t<\/div>\n\t\t<\/section>\n\t\t\t\t<section class=\"elementor-section elementor-top-section elementor-element elementor-element-5210859 elementor-section-boxed elementor-section-height-default elementor-section-height-default\" data-id=\"5210859\" data-element_type=\"section\">\n\t\t\t\t\t\t<div class=\"elementor-container elementor-column-gap-default\">\n\t\t\t\t\t<div class=\"elementor-column elementor-col-100 elementor-top-column elementor-element elementor-element-3c9360d\" data-id=\"3c9360d\" data-element_type=\"column\">\n\t\t\t<div class=\"elementor-widget-wrap elementor-element-populated\">\n\t\t\t\t\t\t<div class=\"elementor-element elementor-element-c356def elementor-widget elementor-widget-image\" data-id=\"c356def\" data-element_type=\"widget\" data-widget_type=\"image.default\">\n\t\t\t\t<div class=\"elementor-widget-container\">\n\t\t\t\t\t\t\t\t\t\t\t\t<figure class=\"wp-caption\">\n\t\t\t\t\t\t\t\t\t\t\t<a href=\"https:\/\/hepsi-markt.de\/wp-content\/uploads\/2023\/07\/AGBs-Hepsi-Geschenkkarten.pdf\" target=\"_blank\">\n\t\t\t\t\t\t\t<img decoding=\"async\" width=\"300\" height=\"300\" src=\"https:\/\/hepsi-markt.de\/wp-content\/uploads\/2023\/07\/pdf-icon-2-300x300.png\" class=\"attachment-medium size-medium wp-image-4187\" alt=\"PDF Datei herunterladen\" srcset=\"https:\/\/hepsi-markt.de\/wp-content\/uploads\/2023\/07\/pdf-icon-2-300x300.png 300w, https:\/\/hepsi-markt.de\/wp-content\/uploads\/2023\/07\/pdf-icon-2-500x500.png 500w, https:\/\/hepsi-markt.de\/wp-content\/uploads\/2023\/07\/pdf-icon-2-100x100.png 100w, https:\/\/hepsi-markt.de\/wp-content\/uploads\/2023\/07\/pdf-icon-2-150x150.png 150w, https:\/\/hepsi-markt.de\/wp-content\/uploads\/2023\/07\/pdf-icon-2.png 512w\" sizes=\"(max-width: 300px) 100vw, 300px\" \/>\t\t\t\t\t\t\t\t<\/a>\n\t\t\t\t\t\t\t\t\t\t\t<figcaption class=\"widget-image-caption wp-caption-text\">HepsiTermini e condizioni -Carte regalo<\/figcaption>\n\t\t\t\t\t\t\t\t\t\t<\/figure>\n\t\t\t\t\t\t\t\t\t<\/div>\n\t\t\t\t<\/div>\n\t\t\t\t<div class=\"elementor-element elementor-element-18ca206 elementor-widget elementor-widget-spacer\" data-id=\"18ca206\" data-element_type=\"widget\" data-widget_type=\"spacer.default\">\n\t\t\t\t<div class=\"elementor-widget-container\">\n\t\t\t\t\t\t\t<div class=\"elementor-spacer\">\n\t\t\t<div class=\"elementor-spacer-inner\"><\/div>\n\t\t<\/div>\n\t\t\t\t\t\t<\/div>\n\t\t\t\t<\/div>\n\t\t\t\t\t<\/div>\n\t\t<\/div>\n\t\t\t\t\t<\/div>\n\t\t<\/section>\n\t\t\t\t<\/div>\n\t\t","protected":false},"excerpt":{"rendered":"<p>Hepsi-Biglietto regalo HepsiLa carta regalo lo rende possibile: ora l&#8217;intera gamma \u00e8 a portata di tasca. HepsiRegalare denaro \u00e8 un ricordo del passato: con la carta regalo puoi regalare freschezza, qualit\u00e0 e piacere. Che si tratti di parenti, amici o dipendenti, sono adatti per ogni occasione! La carta regalo Hepsi, nel pratico formato di biglietto [&hellip;]<\/p>\n","protected":false},"author":1,"featured_media":0,"parent":0,"menu_order":0,"comment_status":"closed","ping_status":"closed","template":"elementor_header_footer","meta":{"_acf_changed":false,"footnotes":""},"class_list":["post-6594","page","type-page","status-publish","hentry"],"acf":[],"_links":{"self":[{"href":"https:\/\/hepsi-markt.de\/it\/wp-json\/wp\/v2\/pages\/6594","targetHints":{"allow":["GET"]}}],"collection":[{"href":"https:\/\/hepsi-markt.de\/it\/wp-json\/wp\/v2\/pages"}],"about":[{"href":"https:\/\/hepsi-markt.de\/it\/wp-json\/wp\/v2\/types\/page"}],"author":[{"embeddable":true,"href":"https:\/\/hepsi-markt.de\/it\/wp-json\/wp\/v2\/users\/1"}],"replies":[{"embeddable":true,"href":"https:\/\/hepsi-markt.de\/it\/wp-json\/wp\/v2\/comments?post=6594"}],"version-history":[{"count":2,"href":"https:\/\/hepsi-markt.de\/it\/wp-json\/wp\/v2\/pages\/6594\/revisions"}],"predecessor-version":[{"id":7660799,"href":"https:\/\/hepsi-markt.de\/it\/wp-json\/wp\/v2\/pages\/6594\/revisions\/7660799"}],"wp:attachment":[{"href":"https:\/\/hepsi-markt.de\/it\/wp-json\/wp\/v2\/media?parent=6594"}],"curies":[{"name":"wp","href":"https:\/\/api.w.org\/{rel}","templated":true}]}}