	{"id":6143,"date":"2021-04-26T11:37:26","date_gmt":"2021-04-26T09:37:26","guid":{"rendered":"https:\/\/hepsi-markt.de\/carriera\/"},"modified":"2024-12-11T09:43:35","modified_gmt":"2024-12-11T08:43:35","slug":"carriera","status":"publish","type":"page","link":"https:\/\/hepsi-markt.de\/it\/carriera\/","title":{"rendered":"Carriera"},"content":{"rendered":"\t\t<div data-elementor-type=\"wp-page\" data-elementor-id=\"6143\" class=\"elementor elementor-6143 elementor-684\" data-elementor-post-type=\"page\">\n\t\t\t\t\t\t<section class=\"elementor-section elementor-top-section elementor-element elementor-element-04e7d8d elementor-section-full_width elementor-section-height-default elementor-section-height-default\" data-id=\"04e7d8d\" data-element_type=\"section\">\n\t\t\t\t\t\t<div class=\"elementor-container elementor-column-gap-default\">\n\t\t\t\t\t<div class=\"elementor-column elementor-col-100 elementor-top-column elementor-element elementor-element-244805d\" data-id=\"244805d\" data-element_type=\"column\">\n\t\t\t<div class=\"elementor-widget-wrap\">\n\t\t\t\t\t\t\t<\/div>\n\t\t<\/div>\n\t\t\t\t\t<\/div>\n\t\t<\/section>\n\t\t\t\t<section class=\"elementor-section elementor-top-section elementor-element elementor-element-7518a9a8 elementor-section-full_width elementor-section-stretched elementor-section-height-default elementor-section-height-default\" data-id=\"7518a9a8\" data-element_type=\"section\" data-settings=\"{&quot;stretch_section&quot;:&quot;section-stretched&quot;}\">\n\t\t\t\t\t\t<div class=\"elementor-container elementor-column-gap-default\">\n\t\t\t\t\t<div class=\"elementor-column elementor-col-100 elementor-top-column elementor-element elementor-element-1fcf0c13\" data-id=\"1fcf0c13\" data-element_type=\"column\">\n\t\t\t<div class=\"elementor-widget-wrap elementor-element-populated\">\n\t\t\t\t\t\t<div class=\"elementor-element elementor-element-3387d7e7 elementor-widget elementor-widget-heading\" data-id=\"3387d7e7\" data-element_type=\"widget\" data-widget_type=\"heading.default\">\n\t\t\t\t<div class=\"elementor-widget-container\">\n\t\t\t\t\t<h1 class=\"elementor-heading-title elementor-size-default\">Hepsi Vale la pena di intraprendere una carriera in un'azienda<\/h1>\t\t\t\t<\/div>\n\t\t\t\t<\/div>\n\t\t\t\t<div class=\"elementor-element elementor-element-9c33601 elementor-widget elementor-widget-html\" data-id=\"9c33601\" data-element_type=\"widget\" data-widget_type=\"html.default\">\n\t\t\t\t<div class=\"elementor-widget-container\">\n\t\t\t\t\t[conversion-pixel pixel=\"meta\" meta-event=\"ViewCareer\"]\t\t\t\t<\/div>\n\t\t\t\t<\/div>\n\t\t\t\t\t<\/div>\n\t\t<\/div>\n\t\t\t\t\t<\/div>\n\t\t<\/section>\n\t\t\t\t<section class=\"elementor-section elementor-top-section elementor-element elementor-element-7f2aaa5a elementor-section-boxed elementor-section-height-default elementor-section-height-default\" data-id=\"7f2aaa5a\" data-element_type=\"section\">\n\t\t\t\t\t\t<div class=\"elementor-container elementor-column-gap-default\">\n\t\t\t\t\t<div class=\"elementor-column elementor-col-33 elementor-top-column elementor-element elementor-element-5dcfc6ec\" data-id=\"5dcfc6ec\" data-element_type=\"column\">\n\t\t\t<div class=\"elementor-widget-wrap elementor-element-populated\">\n\t\t\t\t\t\t<div class=\"elementor-element elementor-element-6a2e1a91 elementor-widget elementor-widget-spacer\" data-id=\"6a2e1a91\" data-element_type=\"widget\" data-widget_type=\"spacer.default\">\n\t\t\t\t<div class=\"elementor-widget-container\">\n\t\t\t\t\t\t\t<div class=\"elementor-spacer\">\n\t\t\t<div class=\"elementor-spacer-inner\"><\/div>\n\t\t<\/div>\n\t\t\t\t\t\t<\/div>\n\t\t\t\t<\/div>\n\t\t\t\t<div class=\"elementor-element elementor-element-d953970 elementor-view-default elementor-position-top elementor-mobile-position-top elementor-widget elementor-widget-icon-box\" data-id=\"d953970\" data-element_type=\"widget\" data-widget_type=\"icon-box.default\">\n\t\t\t\t<div class=\"elementor-widget-container\">\n\t\t\t\t\t\t\t<div class=\"elementor-icon-box-wrapper\">\n\n\t\t\t\t\t\t<div class=\"elementor-icon-box-icon\">\n\t\t\t\t<a href=\"https:\/\/hepsi-markt.de\/it\/carriera\/lavori-di-logistica\/\" class=\"elementor-icon\" tabindex=\"-1\" aria-label=\"Offerte di lavoro nella logistica\">\n\t\t\t\t<svg xmlns=\"http:\/\/www.w3.org\/2000\/svg\" viewBox=\"0 0 51.02 51.02\"><defs><style>.cls-1{fill:#a5c400;}<\/style><\/defs><g id=\"Ebene_2\" data-name=\"Ebene 2\"><path class=\"cls-1\" d=\"M35.77,31.72a47.92,47.92,0,0,0,3.79-19A34.71,34.71,0,0,0,29.14,26.66a48,48,0,0,0-3.79-19,48.44,48.44,0,0,0-3.81,19.06,34.77,34.77,0,0,0-10.41-14,48.37,48.37,0,0,0,3.81,19A23.33,23.33,0,0,0,.72,26.67C6,38.82,15.51,45.61,25.3,45.65l0,0v0h0v0l0,0a23.1,23.1,0,0,0,14.21-5.09A34.74,34.74,0,0,0,50,26.65,23.07,23.07,0,0,0,35.77,31.72ZM25.33,45.63Z\"><\/path><\/g><\/svg>\t\t\t\t<\/a>\n\t\t\t<\/div>\n\t\t\t\n\t\t\t\t\t\t<div class=\"elementor-icon-box-content\">\n\n\t\t\t\t\t\t\t\t\t<h3 class=\"elementor-icon-box-title\">\n\t\t\t\t\t\t<a href=\"https:\/\/hepsi-markt.de\/it\/carriera\/lavori-di-logistica\/\" >\n\t\t\t\t\t\t\tOfferte di lavoro nella logistica\t\t\t\t\t\t<\/a>\n\t\t\t\t\t<\/h3>\n\t\t\t\t\n\t\t\t\t\t\t\t\t\t<p class=\"elementor-icon-box-description\">\n\t\t\t\t\t\tPer saperne di pi\u00f9 e candidarsi subito!\t\t\t\t\t<\/p>\n\t\t\t\t\n\t\t\t<\/div>\n\t\t\t\n\t\t<\/div>\n\t\t\t\t\t\t<\/div>\n\t\t\t\t<\/div>\n\t\t\t\t\t<\/div>\n\t\t<\/div>\n\t\t\t\t<div class=\"elementor-column elementor-col-33 elementor-top-column elementor-element elementor-element-06c4090\" data-id=\"06c4090\" data-element_type=\"column\">\n\t\t\t<div class=\"elementor-widget-wrap elementor-element-populated\">\n\t\t\t\t\t\t<div class=\"elementor-element elementor-element-6ee9db0 elementor-widget elementor-widget-spacer\" data-id=\"6ee9db0\" data-element_type=\"widget\" data-widget_type=\"spacer.default\">\n\t\t\t\t<div class=\"elementor-widget-container\">\n\t\t\t\t\t\t\t<div class=\"elementor-spacer\">\n\t\t\t<div class=\"elementor-spacer-inner\"><\/div>\n\t\t<\/div>\n\t\t\t\t\t\t<\/div>\n\t\t\t\t<\/div>\n\t\t\t\t<div class=\"elementor-element elementor-element-3be9da2 elementor-view-default elementor-position-top elementor-mobile-position-top elementor-widget elementor-widget-icon-box\" data-id=\"3be9da2\" data-element_type=\"widget\" data-widget_type=\"icon-box.default\">\n\t\t\t\t<div class=\"elementor-widget-container\">\n\t\t\t\t\t\t\t<div class=\"elementor-icon-box-wrapper\">\n\n\t\t\t\t\t\t<div class=\"elementor-icon-box-icon\">\n\t\t\t\t<a href=\"https:\/\/hepsi-markt.de\/it\/carriera\/carriera-di-vendita\/\" class=\"elementor-icon\" tabindex=\"-1\" aria-label=\"Lavorare nelle vendite\">\n\t\t\t\t<svg xmlns=\"http:\/\/www.w3.org\/2000\/svg\" viewBox=\"0 0 51.02 51.02\"><defs><style>.cls-1{fill:#a5c400;}<\/style><\/defs><g id=\"Ebene_2\" data-name=\"Ebene 2\"><path class=\"cls-1\" d=\"M35.77,31.72a47.92,47.92,0,0,0,3.79-19A34.71,34.71,0,0,0,29.14,26.66a48,48,0,0,0-3.79-19,48.44,48.44,0,0,0-3.81,19.06,34.77,34.77,0,0,0-10.41-14,48.37,48.37,0,0,0,3.81,19A23.33,23.33,0,0,0,.72,26.67C6,38.82,15.51,45.61,25.3,45.65l0,0v0h0v0l0,0a23.1,23.1,0,0,0,14.21-5.09A34.74,34.74,0,0,0,50,26.65,23.07,23.07,0,0,0,35.77,31.72ZM25.33,45.63Z\"><\/path><\/g><\/svg>\t\t\t\t<\/a>\n\t\t\t<\/div>\n\t\t\t\n\t\t\t\t\t\t<div class=\"elementor-icon-box-content\">\n\n\t\t\t\t\t\t\t\t\t<h3 class=\"elementor-icon-box-title\">\n\t\t\t\t\t\t<a href=\"https:\/\/hepsi-markt.de\/it\/carriera\/carriera-di-vendita\/\" >\n\t\t\t\t\t\t\tLavorare nelle vendite\t\t\t\t\t\t<\/a>\n\t\t\t\t\t<\/h3>\n\t\t\t\t\n\t\t\t\t\t\t\t\t\t<p class=\"elementor-icon-box-description\">\n\t\t\t\t\t\tPer saperne di pi\u00f9 e candidarsi subito!\t\t\t\t\t<\/p>\n\t\t\t\t\n\t\t\t<\/div>\n\t\t\t\n\t\t<\/div>\n\t\t\t\t\t\t<\/div>\n\t\t\t\t<\/div>\n\t\t\t\t\t<\/div>\n\t\t<\/div>\n\t\t\t\t<div class=\"elementor-column elementor-col-33 elementor-top-column elementor-element elementor-element-576ed14\" data-id=\"576ed14\" data-element_type=\"column\">\n\t\t\t<div class=\"elementor-widget-wrap elementor-element-populated\">\n\t\t\t\t\t\t<div class=\"elementor-element elementor-element-dac2b76 elementor-widget elementor-widget-spacer\" data-id=\"dac2b76\" data-element_type=\"widget\" data-widget_type=\"spacer.default\">\n\t\t\t\t<div class=\"elementor-widget-container\">\n\t\t\t\t\t\t\t<div class=\"elementor-spacer\">\n\t\t\t<div class=\"elementor-spacer-inner\"><\/div>\n\t\t<\/div>\n\t\t\t\t\t\t<\/div>\n\t\t\t\t<\/div>\n\t\t\t\t<div class=\"elementor-element elementor-element-341f518 elementor-view-default elementor-position-top elementor-mobile-position-top elementor-widget elementor-widget-icon-box\" data-id=\"341f518\" data-element_type=\"widget\" data-widget_type=\"icon-box.default\">\n\t\t\t\t<div class=\"elementor-widget-container\">\n\t\t\t\t\t\t\t<div class=\"elementor-icon-box-wrapper\">\n\n\t\t\t\t\t\t<div class=\"elementor-icon-box-icon\">\n\t\t\t\t<a href=\"https:\/\/hepsi-markt.de\/it\/carriera\/formazione-professionale\/\" class=\"elementor-icon\" tabindex=\"-1\" aria-label=\"Diventa apprendista presso Hepsi\">\n\t\t\t\t<svg xmlns=\"http:\/\/www.w3.org\/2000\/svg\" viewBox=\"0 0 51.02 51.02\"><defs><style>.cls-1{fill:#a5c400;}<\/style><\/defs><g id=\"Ebene_2\" data-name=\"Ebene 2\"><path class=\"cls-1\" d=\"M35.77,31.72a47.92,47.92,0,0,0,3.79-19A34.71,34.71,0,0,0,29.14,26.66a48,48,0,0,0-3.79-19,48.44,48.44,0,0,0-3.81,19.06,34.77,34.77,0,0,0-10.41-14,48.37,48.37,0,0,0,3.81,19A23.33,23.33,0,0,0,.72,26.67C6,38.82,15.51,45.61,25.3,45.65l0,0v0h0v0l0,0a23.1,23.1,0,0,0,14.21-5.09A34.74,34.74,0,0,0,50,26.65,23.07,23.07,0,0,0,35.77,31.72ZM25.33,45.63Z\"><\/path><\/g><\/svg>\t\t\t\t<\/a>\n\t\t\t<\/div>\n\t\t\t\n\t\t\t\t\t\t<div class=\"elementor-icon-box-content\">\n\n\t\t\t\t\t\t\t\t\t<h3 class=\"elementor-icon-box-title\">\n\t\t\t\t\t\t<a href=\"https:\/\/hepsi-markt.de\/it\/carriera\/formazione-professionale\/\" >\n\t\t\t\t\t\t\tDiventa apprendista presso Hepsi\t\t\t\t\t\t<\/a>\n\t\t\t\t\t<\/h3>\n\t\t\t\t\n\t\t\t\t\t\t\t\t\t<p class=\"elementor-icon-box-description\">\n\t\t\t\t\t\tPer saperne di pi\u00f9 e candidarsi subito!\t\t\t\t\t<\/p>\n\t\t\t\t\n\t\t\t<\/div>\n\t\t\t\n\t\t<\/div>\n\t\t\t\t\t\t<\/div>\n\t\t\t\t<\/div>\n\t\t\t\t\t<\/div>\n\t\t<\/div>\n\t\t\t\t\t<\/div>\n\t\t<\/section>\n\t\t\t\t<section class=\"elementor-section elementor-top-section elementor-element elementor-element-3f1262c elementor-section-boxed elementor-section-height-default elementor-section-height-default\" data-id=\"3f1262c\" data-element_type=\"section\">\n\t\t\t\t\t\t<div class=\"elementor-container elementor-column-gap-default\">\n\t\t\t\t\t<div class=\"elementor-column elementor-col-100 elementor-top-column elementor-element elementor-element-2309679\" data-id=\"2309679\" data-element_type=\"column\">\n\t\t\t<div class=\"elementor-widget-wrap elementor-element-populated\">\n\t\t\t\t\t\t<div class=\"elementor-element elementor-element-5a2d1c4 elementor-widget elementor-widget-spacer\" data-id=\"5a2d1c4\" data-element_type=\"widget\" data-widget_type=\"spacer.default\">\n\t\t\t\t<div class=\"elementor-widget-container\">\n\t\t\t\t\t\t\t<div class=\"elementor-spacer\">\n\t\t\t<div class=\"elementor-spacer-inner\"><\/div>\n\t\t<\/div>\n\t\t\t\t\t\t<\/div>\n\t\t\t\t<\/div>\n\t\t\t\t\t<\/div>\n\t\t<\/div>\n\t\t\t\t\t<\/div>\n\t\t<\/section>\n\t\t\t\t<section class=\"elementor-section elementor-top-section elementor-element elementor-element-3d5677e6 elementor-section-boxed elementor-section-height-default elementor-section-height-default\" data-id=\"3d5677e6\" data-element_type=\"section\">\n\t\t\t\t\t\t<div class=\"elementor-container elementor-column-gap-default\">\n\t\t\t\t\t<div class=\"elementor-column elementor-col-100 elementor-top-column elementor-element elementor-element-3d226e99\" data-id=\"3d226e99\" data-element_type=\"column\">\n\t\t\t<div class=\"elementor-widget-wrap elementor-element-populated\">\n\t\t\t\t\t\t<div class=\"elementor-element elementor-element-11490d1a elementor-widget elementor-widget-text-editor\" data-id=\"11490d1a\" data-element_type=\"widget\" data-widget_type=\"text-editor.default\">\n\t\t\t\t<div class=\"elementor-widget-container\">\n\t\t\t\t\t\t\t\t\t<h2><strong>Hepsi-Markt &#8211; Un datore di lavoro interessante per un futuro sicuro<\/strong><\/h2>\n<p>Hepsi Se vuoi assumerti delle responsabilit\u00e0 e dimostrare di che pasta sei fatto, un futuro ricco di prospettive e opportunit\u00e0 di avanzamento ti aspetta a . Da venditore a direttore di filiale: sono molti i percorsi possibili. Hepsi Aiutiamo i nostri dipendenti a familiarizzare passo dopo passo con le nuove mansioni e a crescere con loro. In generale, ognuno ha l&#8217;opportunit\u00e0 di svilupparsi dove preferisce e pu\u00f2 sviluppare al meglio le proprie prestazioni. Questo \u00e8 ci\u00f2 che intendiamo per cooperazione sostenibile e successo comune.<\/p>\n\t\t\t\t\t\t\t\t<\/div>\n\t\t\t\t<\/div>\n\t\t\t\t<div class=\"elementor-element elementor-element-4f2567ca elementor-widget elementor-widget-spacer\" data-id=\"4f2567ca\" data-element_type=\"widget\" data-widget_type=\"spacer.default\">\n\t\t\t\t<div class=\"elementor-widget-container\">\n\t\t\t\t\t\t\t<div class=\"elementor-spacer\">\n\t\t\t<div class=\"elementor-spacer-inner\"><\/div>\n\t\t<\/div>\n\t\t\t\t\t\t<\/div>\n\t\t\t\t<\/div>\n\t\t\t\t\t<\/div>\n\t\t<\/div>\n\t\t\t\t\t<\/div>\n\t\t<\/section>\n\t\t\t\t<section class=\"elementor-section elementor-top-section elementor-element elementor-element-2f83fb7c elementor-section-boxed elementor-section-height-default elementor-section-height-default\" data-id=\"2f83fb7c\" data-element_type=\"section\">\n\t\t\t\t\t\t<div class=\"elementor-container elementor-column-gap-default\">\n\t\t\t\t\t<div class=\"elementor-column elementor-col-100 elementor-top-column elementor-element elementor-element-7ffe08a5\" data-id=\"7ffe08a5\" data-element_type=\"column\">\n\t\t\t<div class=\"elementor-widget-wrap elementor-element-populated\">\n\t\t\t\t\t\t<div class=\"elementor-element elementor-element-49673fa1 elementor-widget elementor-widget-image\" data-id=\"49673fa1\" data-element_type=\"widget\" data-widget_type=\"image.default\">\n\t\t\t\t<div class=\"elementor-widget-container\">\n\t\t\t\t\t\t\t\t\t\t\t\t\t\t\t<img fetchpriority=\"high\" decoding=\"async\" width=\"2560\" height=\"1280\" src=\"https:\/\/hepsi-markt.de\/wp-content\/uploads\/2024\/12\/Hepsi-Filialleiter-2.jpg\" class=\"attachment-full size-full wp-image-7644973\" alt=\"Hepsi Karriere\" srcset=\"https:\/\/hepsi-markt.de\/wp-content\/uploads\/2024\/12\/Hepsi-Filialleiter-2.jpg 2560w, https:\/\/hepsi-markt.de\/wp-content\/uploads\/2024\/12\/Hepsi-Filialleiter-2-300x150.jpg 300w, https:\/\/hepsi-markt.de\/wp-content\/uploads\/2024\/12\/Hepsi-Filialleiter-2-1024x512.jpg 1024w, https:\/\/hepsi-markt.de\/wp-content\/uploads\/2024\/12\/Hepsi-Filialleiter-2-768x384.jpg 768w, https:\/\/hepsi-markt.de\/wp-content\/uploads\/2024\/12\/Hepsi-Filialleiter-2-1536x768.jpg 1536w, https:\/\/hepsi-markt.de\/wp-content\/uploads\/2024\/12\/Hepsi-Filialleiter-2-2048x1024.jpg 2048w, https:\/\/hepsi-markt.de\/wp-content\/uploads\/2024\/12\/Hepsi-Filialleiter-2-500x250.jpg 500w\" sizes=\"(max-width: 2560px) 100vw, 2560px\" \/>\t\t\t\t\t\t\t\t\t\t\t\t\t\t\t<\/div>\n\t\t\t\t<\/div>\n\t\t\t\t<div class=\"elementor-element elementor-element-64bd6c2c bu elementor-widget elementor-widget-text-editor\" data-id=\"64bd6c2c\" data-element_type=\"widget\" data-widget_type=\"text-editor.default\">\n\t\t\t\t<div class=\"elementor-widget-container\">\n\t\t\t\t\t\t\t\t\t<p>Diventa parte del team Hepsi<\/p>\n\t\t\t\t\t\t\t\t<\/div>\n\t\t\t\t<\/div>\n\t\t\t\t\t<\/div>\n\t\t<\/div>\n\t\t\t\t\t<\/div>\n\t\t<\/section>\n\t\t\t\t<section class=\"elementor-section elementor-top-section elementor-element elementor-element-7b67cac elementor-section-boxed elementor-section-height-default elementor-section-height-default\" data-id=\"7b67cac\" data-element_type=\"section\">\n\t\t\t\t\t\t<div class=\"elementor-container elementor-column-gap-default\">\n\t\t\t\t\t<div class=\"elementor-column elementor-col-100 elementor-top-column elementor-element elementor-element-2a922dfb\" data-id=\"2a922dfb\" data-element_type=\"column\">\n\t\t\t<div class=\"elementor-widget-wrap elementor-element-populated\">\n\t\t\t\t\t\t<div class=\"elementor-element elementor-element-594864b1 elementor-widget elementor-widget-text-editor\" data-id=\"594864b1\" data-element_type=\"widget\" data-widget_type=\"text-editor.default\">\n\t\t\t\t<div class=\"elementor-widget-container\">\n\t\t\t\t\t\t\t\t\t<h2><strong>Salari equi<\/strong><\/h2>\n<p>Hepsi Tutti i dipendenti hanno le stesse opportunit\u00e0 di crescita personale e professionale e tutti coloro che occupano la stessa posizione ricevono lo stesso stipendio. Paghiamo uno stipendio iniziale di almeno 14 euro\/ora, che \u00e8 pi\u00f9 alto della scala retributiva standard, o molto di pi\u00f9 a seconda della vostra esperienza professionale. In un lavoro a tempo pieno presso Hepsi, si possono guadagnare pi\u00f9 di 2.400 euro al mese, indipendentemente dalla zona.\nAnche i dipendenti che non hanno completato la formazione professionale, i lavoratori a tempo parziale e il personale temporaneo beneficiano dell&#8217;interessante salario minimo iniziale di Hepsi. <\/p>\n<h2>Condizioni di lavoro eque<\/h2>\n<p>Hepsi Vogliamo che i nostri dipendenti possano concentrarsi pienamente sul loro lavoro e non debbano preoccuparsi del loro futuro. Per questo motivo offriamo generalmente contratti di lavoro a tempo indeterminato. I nostri dipendenti coperti da contratti collettivi di lavoro beneficiano di orari di lavoro calcolati al minuto. Le ore di lavoro straordinario vengono registrate direttamente e possono essere retribuite o, previo accordo, ridotte con permessi sostitutivi.<\/p>\n<h2>Rispetto e apprezzamento in un grande team<\/h2>\n<p>Nel Hepsi-Markt attribuiamo grande importanza a un&#8217;atmosfera piacevole all&#8217;interno del team, a un&#8217;interazione rispettosa e all&#8217;apprezzamento reciproco. Perch\u00e9 solo i dipendenti che si sentono a proprio agio sul posto di lavoro possono ottenere buone prestazioni e fare esperienze positive nel loro ambiente. Apprezziamo le competenze e le idee dei nostri dipendenti con background culturali o etnici diversi e siamo orgogliosi di impiegare persone provenienti da molte nazioni. Per noi \u00e8 ovvio che trattiamo tutti con rispetto, indipendentemente dal sesso, dall&#8217;origine o dalla religione.<\/p>\t\t\t\t\t\t\t\t<\/div>\n\t\t\t\t<\/div>\n\t\t\t\t<div class=\"elementor-element elementor-element-b9c55fd elementor-blockquote--skin-quotation elementor-blockquote--align-left elementor-widget elementor-widget-blockquote\" data-id=\"b9c55fd\" data-element_type=\"widget\" data-widget_type=\"blockquote.default\">\n\t\t\t\t<div class=\"elementor-widget-container\">\n\t\t\t\t\t\t\t<blockquote class=\"elementor-blockquote\">\n\t\t\t<p class=\"elementor-blockquote__content\">\n\t\t\t\tHepsi \"Mi piace il fatto che si possa fare carriera a . Il mio responsabile di linea ha constatato il mio impegno e la mia volont\u00e0 di assumermi delle responsabilit\u00e0. Ho potuto seguire un'ulteriore formazione e presto passer\u00f2 a una posizione dirigenziale.\n\t\t\t<\/p>\n\t\t\t\t\t<\/blockquote>\n\t\t\t\t\t\t<\/div>\n\t\t\t\t<\/div>\n\t\t\t\t<div class=\"elementor-element elementor-element-7109db2 elementor-widget elementor-widget-spacer\" data-id=\"7109db2\" data-element_type=\"widget\" data-widget_type=\"spacer.default\">\n\t\t\t\t<div class=\"elementor-widget-container\">\n\t\t\t\t\t\t\t<div class=\"elementor-spacer\">\n\t\t\t<div class=\"elementor-spacer-inner\"><\/div>\n\t\t<\/div>\n\t\t\t\t\t\t<\/div>\n\t\t\t\t<\/div>\n\t\t\t\t\t<\/div>\n\t\t<\/div>\n\t\t\t\t\t<\/div>\n\t\t<\/section>\n\t\t\t\t<\/div>\n\t\t","protected":false},"excerpt":{"rendered":"<p>Hepsi Vale la pena di intraprendere una carriera in un&#8217;azienda [conversion-pixel pixel=&#8221;meta&#8221; meta-event=&#8221;ViewCareer&#8221;] Offerte di lavoro nella logistica Per saperne di pi\u00f9 e candidarsi subito! Lavorare nelle vendite Per saperne di pi\u00f9 e candidarsi subito! Diventa apprendista presso Hepsi Per saperne di pi\u00f9 e candidarsi subito! Hepsi-Markt &#8211; Un datore di lavoro interessante per un [&hellip;]<\/p>\n","protected":false},"author":1,"featured_media":0,"parent":0,"menu_order":0,"comment_status":"closed","ping_status":"closed","template":"elementor_header_footer","meta":{"_acf_changed":false,"footnotes":""},"class_list":["post-6143","page","type-page","status-publish","hentry"],"acf":[],"_links":{"self":[{"href":"https:\/\/hepsi-markt.de\/it\/wp-json\/wp\/v2\/pages\/6143","targetHints":{"allow":["GET"]}}],"collection":[{"href":"https:\/\/hepsi-markt.de\/it\/wp-json\/wp\/v2\/pages"}],"about":[{"href":"https:\/\/hepsi-markt.de\/it\/wp-json\/wp\/v2\/types\/page"}],"author":[{"embeddable":true,"href":"https:\/\/hepsi-markt.de\/it\/wp-json\/wp\/v2\/users\/1"}],"replies":[{"embeddable":true,"href":"https:\/\/hepsi-markt.de\/it\/wp-json\/wp\/v2\/comments?post=6143"}],"version-history":[{"count":2,"href":"https:\/\/hepsi-markt.de\/it\/wp-json\/wp\/v2\/pages\/6143\/revisions"}],"predecessor-version":[{"id":7661192,"href":"https:\/\/hepsi-markt.de\/it\/wp-json\/wp\/v2\/pages\/6143\/revisions\/7661192"}],"wp:attachment":[{"href":"https:\/\/hepsi-markt.de\/it\/wp-json\/wp\/v2\/media?parent=6143"}],"curies":[{"name":"wp","href":"https:\/\/api.w.org\/{rel}","templated":true}]}}