	{"id":7829733,"date":"2026-04-16T02:54:48","date_gmt":"2026-04-16T00:54:48","guid":{"rendered":"https:\/\/hepsi-markt.de\/produkt\/oezyoerem-etsisz-cig-koefte-dueruem-176g\/"},"modified":"2026-04-18T02:30:21","modified_gmt":"2026-04-18T00:30:21","slug":"oezyoerem-etsisz-cig-koefte-dueruem-176g","status":"publish","type":"product","link":"https:\/\/hepsi-markt.de\/fr\/produkt\/oezyoerem-etsisz-cig-koefte-dueruem-176g\/","title":{"rendered":"\u00d6zy\u00f6rem Etsisz Cig K\u00f6fte D\u00fcr\u00fcm 176g"},"content":{"rendered":"<p>\u00d6zy\u00f6rem Etsisz Cig K\u00f6fte D\u00fcr\u00fcm 176g<\/p>\n","protected":false},"excerpt":{"rendered":"<p>180 G<br \/>100 Gramm = 1,13<\/p>\n","protected":false},"featured_media":7752545,"template":"","meta":{"_acf_changed":false},"product_brand":[],"product_cat":[395],"product_tag":[],"class_list":{"0":"post-7829733","1":"product","2":"type-product","3":"status-publish","4":"has-post-thumbnail","6":"product_cat-kochen-backen","8":"first","9":"outofstock","10":"shipping-taxable","11":"product-type-simple"},"acf":[],"_links":{"self":[{"href":"https:\/\/hepsi-markt.de\/fr\/wp-json\/wp\/v2\/product\/7829733","targetHints":{"allow":["GET"]}}],"collection":[{"href":"https:\/\/hepsi-markt.de\/fr\/wp-json\/wp\/v2\/product"}],"about":[{"href":"https:\/\/hepsi-markt.de\/fr\/wp-json\/wp\/v2\/types\/product"}],"wp:featuredmedia":[{"embeddable":true,"href":"https:\/\/hepsi-markt.de\/fr\/wp-json\/wp\/v2\/media\/7752545"}],"wp:attachment":[{"href":"https:\/\/hepsi-markt.de\/fr\/wp-json\/wp\/v2\/media?parent=7829733"}],"wp:term":[{"taxonomy":"product_brand","embeddable":true,"href":"https:\/\/hepsi-markt.de\/fr\/wp-json\/wp\/v2\/product_brand?post=7829733"},{"taxonomy":"product_cat","embeddable":true,"href":"https:\/\/hepsi-markt.de\/fr\/wp-json\/wp\/v2\/product_cat?post=7829733"},{"taxonomy":"product_tag","embeddable":true,"href":"https:\/\/hepsi-markt.de\/fr\/wp-json\/wp\/v2\/product_tag?post=7829733"}],"curies":[{"name":"wp","href":"https:\/\/api.w.org\/{rel}","templated":true}]}}