	{"id":7783161,"date":"2025-03-14T02:35:30","date_gmt":"2025-03-14T01:35:30","guid":{"rendered":"https:\/\/hepsi-markt.de\/produkt\/oezmirac-cigkoefte-koefte-acili-324g\/"},"modified":"2025-03-25T02:28:35","modified_gmt":"2025-03-25T01:28:35","slug":"oezmirac-cigkoefte-koefte-acili-324g","status":"publish","type":"product","link":"https:\/\/hepsi-markt.de\/fr\/produkt\/oezmirac-cigkoefte-koefte-acili-324g\/","title":{"rendered":"\u00d6zmirac Cigk\u00f6fte K\u00f6fte Acili 324g"},"content":{"rendered":"","protected":false},"excerpt":{"rendered":"<p>324g<br \/>1000 Gramm = 6,14<\/p>\n","protected":false},"featured_media":7778882,"template":"","meta":{"_acf_changed":false},"product_brand":[],"product_cat":[401],"product_tag":[],"class_list":{"0":"post-7783161","1":"product","2":"type-product","3":"status-publish","4":"has-post-thumbnail","6":"product_cat-wurstwaren","8":"first","9":"outofstock","10":"shipping-taxable","11":"product-type-simple"},"acf":[],"_links":{"self":[{"href":"https:\/\/hepsi-markt.de\/fr\/wp-json\/wp\/v2\/product\/7783161","targetHints":{"allow":["GET"]}}],"collection":[{"href":"https:\/\/hepsi-markt.de\/fr\/wp-json\/wp\/v2\/product"}],"about":[{"href":"https:\/\/hepsi-markt.de\/fr\/wp-json\/wp\/v2\/types\/product"}],"wp:featuredmedia":[{"embeddable":true,"href":"https:\/\/hepsi-markt.de\/fr\/wp-json\/wp\/v2\/media\/7778882"}],"wp:attachment":[{"href":"https:\/\/hepsi-markt.de\/fr\/wp-json\/wp\/v2\/media?parent=7783161"}],"wp:term":[{"taxonomy":"product_brand","embeddable":true,"href":"https:\/\/hepsi-markt.de\/fr\/wp-json\/wp\/v2\/product_brand?post=7783161"},{"taxonomy":"product_cat","embeddable":true,"href":"https:\/\/hepsi-markt.de\/fr\/wp-json\/wp\/v2\/product_cat?post=7783161"},{"taxonomy":"product_tag","embeddable":true,"href":"https:\/\/hepsi-markt.de\/fr\/wp-json\/wp\/v2\/product_tag?post=7783161"}],"curies":[{"name":"wp","href":"https:\/\/api.w.org\/{rel}","templated":true}]}}