	{"id":7657968,"date":"2024-12-09T11:36:43","date_gmt":"2024-12-09T10:36:43","guid":{"rendered":"https:\/\/hepsi-markt.de\/produkt\/egetuerk-oezlem-hindi-salam-150g\/"},"modified":"2026-04-04T03:13:04","modified_gmt":"2026-04-04T01:13:04","slug":"egetuerk-oezlem-hindi-salam-150g","status":"publish","type":"product","link":"https:\/\/hepsi-markt.de\/fr\/produkt\/egetuerk-oezlem-hindi-salam-150g\/","title":{"rendered":"Eget\u00fcrk \u00d6zlem Hindi Salam 150g"},"content":{"rendered":"<p>Eget\u00fcrk \u00d6zlem Hindi Salam 150g<\/p>\n","protected":false},"excerpt":{"rendered":"<p>150g<br \/>1000 Gramm = 17,93<\/p>\n","protected":false},"featured_media":7731204,"template":"","meta":{"_acf_changed":false},"product_brand":[],"product_cat":[401],"product_tag":[],"class_list":{"0":"post-7657968","1":"product","2":"type-product","3":"status-publish","4":"has-post-thumbnail","6":"product_cat-wurstwaren","8":"first","9":"outofstock","10":"shipping-taxable","11":"product-type-simple"},"acf":[],"_links":{"self":[{"href":"https:\/\/hepsi-markt.de\/fr\/wp-json\/wp\/v2\/product\/7657968","targetHints":{"allow":["GET"]}}],"collection":[{"href":"https:\/\/hepsi-markt.de\/fr\/wp-json\/wp\/v2\/product"}],"about":[{"href":"https:\/\/hepsi-markt.de\/fr\/wp-json\/wp\/v2\/types\/product"}],"wp:featuredmedia":[{"embeddable":true,"href":"https:\/\/hepsi-markt.de\/fr\/wp-json\/wp\/v2\/media\/7731204"}],"wp:attachment":[{"href":"https:\/\/hepsi-markt.de\/fr\/wp-json\/wp\/v2\/media?parent=7657968"}],"wp:term":[{"taxonomy":"product_brand","embeddable":true,"href":"https:\/\/hepsi-markt.de\/fr\/wp-json\/wp\/v2\/product_brand?post=7657968"},{"taxonomy":"product_cat","embeddable":true,"href":"https:\/\/hepsi-markt.de\/fr\/wp-json\/wp\/v2\/product_cat?post=7657968"},{"taxonomy":"product_tag","embeddable":true,"href":"https:\/\/hepsi-markt.de\/fr\/wp-json\/wp\/v2\/product_tag?post=7657968"}],"curies":[{"name":"wp","href":"https:\/\/api.w.org\/{rel}","templated":true}]}}