	{"id":7657963,"date":"2024-12-09T11:36:39","date_gmt":"2024-12-09T10:36:39","guid":{"rendered":"https:\/\/hepsi-markt.de\/produkt\/egetuerk-guerbuez-150g\/"},"modified":"2026-04-04T03:12:57","modified_gmt":"2026-04-04T01:12:57","slug":"egetuerk-guerbuez-150g","status":"publish","type":"product","link":"https:\/\/hepsi-markt.de\/fr\/produkt\/egetuerk-guerbuez-150g\/","title":{"rendered":"Eget\u00fcrk G\u00fcrb\u00fcz  200g"},"content":{"rendered":"<p>Eget\u00fcrk G\u00fcrb\u00fcz 150g<\/p>\n","protected":false},"excerpt":{"rendered":"<p>200g<br \/>1000 Gramm = 9,95<\/p>\n","protected":false},"featured_media":7731140,"template":"","meta":{"_acf_changed":false},"product_brand":[],"product_cat":[401],"product_tag":[],"class_list":{"0":"post-7657963","1":"product","2":"type-product","3":"status-publish","4":"has-post-thumbnail","6":"product_cat-wurstwaren","8":"first","9":"outofstock","10":"shipping-taxable","11":"product-type-simple"},"acf":[],"_links":{"self":[{"href":"https:\/\/hepsi-markt.de\/fr\/wp-json\/wp\/v2\/product\/7657963","targetHints":{"allow":["GET"]}}],"collection":[{"href":"https:\/\/hepsi-markt.de\/fr\/wp-json\/wp\/v2\/product"}],"about":[{"href":"https:\/\/hepsi-markt.de\/fr\/wp-json\/wp\/v2\/types\/product"}],"wp:featuredmedia":[{"embeddable":true,"href":"https:\/\/hepsi-markt.de\/fr\/wp-json\/wp\/v2\/media\/7731140"}],"wp:attachment":[{"href":"https:\/\/hepsi-markt.de\/fr\/wp-json\/wp\/v2\/media?parent=7657963"}],"wp:term":[{"taxonomy":"product_brand","embeddable":true,"href":"https:\/\/hepsi-markt.de\/fr\/wp-json\/wp\/v2\/product_brand?post=7657963"},{"taxonomy":"product_cat","embeddable":true,"href":"https:\/\/hepsi-markt.de\/fr\/wp-json\/wp\/v2\/product_cat?post=7657963"},{"taxonomy":"product_tag","embeddable":true,"href":"https:\/\/hepsi-markt.de\/fr\/wp-json\/wp\/v2\/product_tag?post=7657963"}],"curies":[{"name":"wp","href":"https:\/\/api.w.org\/{rel}","templated":true}]}}