	{"id":7651283,"date":"2024-12-06T17:58:19","date_gmt":"2024-12-06T16:58:19","guid":{"rendered":"https:\/\/hepsi-markt.de\/produkt\/porcoez-rostkalkloeser-1lt\/"},"modified":"2026-04-04T03:08:51","modified_gmt":"2026-04-04T01:08:51","slug":"porcoez-rostkalkloeser-1lt","status":"publish","type":"product","link":"https:\/\/hepsi-markt.de\/fr\/produkt\/porcoez-rostkalkloeser-1lt\/","title":{"rendered":"Porc\u00f6z Rost&amp;kalkl\u00f6ser 1lt"},"content":{"rendered":"<p>Porc\u00f6z Rost&amp;kalkl\u00f6ser 1lt<\/p>\n","protected":false},"excerpt":{"rendered":"<p>1000 ML<br \/>1000 Milliliter = 2,49<\/p>\n","protected":false},"featured_media":7727127,"template":"","meta":{"_acf_changed":false},"product_brand":[],"product_cat":[391],"product_tag":[],"class_list":{"0":"post-7651283","1":"product","2":"type-product","3":"status-publish","4":"has-post-thumbnail","6":"product_cat-drogerie-kosmetik","8":"first","9":"outofstock","10":"shipping-taxable","11":"product-type-simple"},"acf":[],"_links":{"self":[{"href":"https:\/\/hepsi-markt.de\/fr\/wp-json\/wp\/v2\/product\/7651283","targetHints":{"allow":["GET"]}}],"collection":[{"href":"https:\/\/hepsi-markt.de\/fr\/wp-json\/wp\/v2\/product"}],"about":[{"href":"https:\/\/hepsi-markt.de\/fr\/wp-json\/wp\/v2\/types\/product"}],"wp:featuredmedia":[{"embeddable":true,"href":"https:\/\/hepsi-markt.de\/fr\/wp-json\/wp\/v2\/media\/7727127"}],"wp:attachment":[{"href":"https:\/\/hepsi-markt.de\/fr\/wp-json\/wp\/v2\/media?parent=7651283"}],"wp:term":[{"taxonomy":"product_brand","embeddable":true,"href":"https:\/\/hepsi-markt.de\/fr\/wp-json\/wp\/v2\/product_brand?post=7651283"},{"taxonomy":"product_cat","embeddable":true,"href":"https:\/\/hepsi-markt.de\/fr\/wp-json\/wp\/v2\/product_cat?post=7651283"},{"taxonomy":"product_tag","embeddable":true,"href":"https:\/\/hepsi-markt.de\/fr\/wp-json\/wp\/v2\/product_tag?post=7651283"}],"curies":[{"name":"wp","href":"https:\/\/api.w.org\/{rel}","templated":true}]}}