	{"id":7797733,"date":"2025-07-06T21:01:59","date_gmt":"2025-07-06T19:01:59","guid":{"rendered":"https:\/\/hepsi-markt.de\/?page_id=7797733"},"modified":"2025-07-06T21:02:00","modified_gmt":"2025-07-06T19:02:00","slug":"hepsi-bot-whatsapp","status":"publish","type":"page","link":"https:\/\/hepsi-markt.de\/fr\/hepsi-bot-whatsapp\/","title":{"rendered":"Hepsi Bot Whatsapp"},"content":{"rendered":"\t\t<div data-elementor-type=\"wp-page\" data-elementor-id=\"7797733\" class=\"elementor elementor-7797733 elementor-7793039\" data-elementor-post-type=\"page\">\n\t\t\t\t<div class=\"elementor-element elementor-element-c8ae141 e-con-full e-flex e-con e-parent\" data-id=\"c8ae141\" data-element_type=\"container\">\n\t\t\t\t<div class=\"elementor-element elementor-element-653099e elementor-widget elementor-widget-image\" data-id=\"653099e\" data-element_type=\"widget\" data-widget_type=\"image.default\">\n\t\t\t\t<div class=\"elementor-widget-container\">\n\t\t\t\t\t\t\t\t\t\t\t\t\t\t\t\t<a href=\"https:\/\/hpzi.de\/s6\" target=\"_blank\" rel=\"noopener\">\n\t\t\t\t\t\t\t<img fetchpriority=\"high\" decoding=\"async\" width=\"1024\" height=\"576\" src=\"https:\/\/hepsi-markt.de\/wp-content\/uploads\/2025\/07\/2-1024x576.jpg\" class=\"attachment-large size-large wp-image-7797673\" alt=\"\" srcset=\"https:\/\/hepsi-markt.de\/wp-content\/uploads\/2025\/07\/2-1024x576.jpg 1024w, https:\/\/hepsi-markt.de\/wp-content\/uploads\/2025\/07\/2-300x169.jpg 300w, https:\/\/hepsi-markt.de\/wp-content\/uploads\/2025\/07\/2-768x432.jpg 768w, https:\/\/hepsi-markt.de\/wp-content\/uploads\/2025\/07\/2-1536x864.jpg 1536w, https:\/\/hepsi-markt.de\/wp-content\/uploads\/2025\/07\/2-2048x1151.jpg 2048w, https:\/\/hepsi-markt.de\/wp-content\/uploads\/2025\/07\/2-500x281.jpg 500w\" sizes=\"(max-width: 1024px) 100vw, 1024px\" \/>\t\t\t\t\t\t\t\t<\/a>\n\t\t\t\t\t\t\t\t\t\t\t\t\t\t\t<\/div>\n\t\t\t\t<\/div>\n\t\t\t\t<\/div>\n\t\t<div class=\"elementor-element elementor-element-12ad535 e-con-full e-flex e-con e-parent\" data-id=\"12ad535\" data-element_type=\"container\">\n\t\t<div class=\"elementor-element elementor-element-0882fd8 e-con-full e-flex e-con e-child\" data-id=\"0882fd8\" data-element_type=\"container\">\n\t\t\t\t<div class=\"elementor-element elementor-element-727a2e2 elementor-widget elementor-widget-heading\" data-id=\"727a2e2\" data-element_type=\"widget\" data-widget_type=\"heading.default\">\n\t\t\t\t<div class=\"elementor-widget-container\">\n\t\t\t\t\t<h2 class=\"elementor-heading-title elementor-size-default\">Inscrivez-vous ici pour recevoir la brochure Whatsapp<\/h2>\t\t\t\t<\/div>\n\t\t\t\t<\/div>\n\t\t\t\t<\/div>\n\t\t\t\t<\/div>\n\t\t<div class=\"elementor-element elementor-element-001990c e-flex e-con-boxed e-con e-parent\" data-id=\"001990c\" data-element_type=\"container\">\n\t\t\t\t\t<div class=\"e-con-inner\">\n\t\t<div class=\"elementor-element elementor-element-504d8a2 e-con-full e-flex e-con e-child\" data-id=\"504d8a2\" data-element_type=\"container\">\n\t\t\t\t<div class=\"elementor-element elementor-element-3ac39ba elementor-widget elementor-widget-heading\" data-id=\"3ac39ba\" data-element_type=\"widget\" data-widget_type=\"heading.default\">\n\t\t\t\t<div class=\"elementor-widget-container\">\n\t\t\t\t\t<h2 class=\"elementor-heading-title elementor-size-default\">Vous voulez \u00eatre le premier \u00e0 savoir ce qui se trouve dans le prospectus actuel - et ne plus manquer aucune offre ?<br><br>Alors inscrivez-vous d\u00e8s maintenant et en un seul clic \u00e0 notre WhatsApp Bot. Le service est gratuit et peut faire bien plus que de vous envoyer le prospectus... \n<br><br>Il vous aide \u00e0 composer de d\u00e9licieux plats \u00e0 partir des offres de la semaine, \u00e0 fournir des prix \u00e0 la demande et m\u00eame \u00e0 cr\u00e9er des listes de courses compl\u00e8tes en fonction de vos pr\u00e9f\u00e9rences.\n<br><br>Et ce n'est que le d\u00e9but. Essayez-le et d\u00e9couvrez \u00e0 quel point il peut \u00eatre pratique d'\u00e9conomiser - directement via WhatsApp. <\/h2>\t\t\t\t<\/div>\n\t\t\t\t<\/div>\n\t\t\t\t<\/div>\n\t\t<div class=\"elementor-element elementor-element-3df63da e-con-full e-flex e-con e-child\" data-id=\"3df63da\" data-element_type=\"container\">\n\t\t\t\t<div class=\"elementor-element elementor-element-8525488 elementor-widget elementor-widget-image\" data-id=\"8525488\" data-element_type=\"widget\" data-widget_type=\"image.default\">\n\t\t\t\t<div class=\"elementor-widget-container\">\n\t\t\t\t\t\t\t\t\t\t\t\t\t\t\t\t<a href=\"https:\/\/hpzi.de\/s6\" target=\"_blank\" rel=\"noopener\">\n\t\t\t\t\t\t\t<img decoding=\"async\" width=\"1024\" height=\"576\" src=\"https:\/\/hepsi-markt.de\/wp-content\/uploads\/2025\/07\/Hepsi-WhatsApp-Website-5-1024x576.png\" class=\"attachment-large size-large wp-image-7797595\" alt=\"\" srcset=\"https:\/\/hepsi-markt.de\/wp-content\/uploads\/2025\/07\/Hepsi-WhatsApp-Website-5-1024x576.png 1024w, https:\/\/hepsi-markt.de\/wp-content\/uploads\/2025\/07\/Hepsi-WhatsApp-Website-5-300x169.png 300w, https:\/\/hepsi-markt.de\/wp-content\/uploads\/2025\/07\/Hepsi-WhatsApp-Website-5-768x432.png 768w, https:\/\/hepsi-markt.de\/wp-content\/uploads\/2025\/07\/Hepsi-WhatsApp-Website-5-1536x863.png 1536w, https:\/\/hepsi-markt.de\/wp-content\/uploads\/2025\/07\/Hepsi-WhatsApp-Website-5-2048x1151.png 2048w, https:\/\/hepsi-markt.de\/wp-content\/uploads\/2025\/07\/Hepsi-WhatsApp-Website-5-500x281.png 500w\" sizes=\"(max-width: 1024px) 100vw, 1024px\" \/>\t\t\t\t\t\t\t\t<\/a>\n\t\t\t\t\t\t\t\t\t\t\t\t\t\t\t<\/div>\n\t\t\t\t<\/div>\n\t\t\t\t<\/div>\n\t\t\t\t\t<\/div>\n\t\t\t\t<\/div>\n\t\t<div class=\"elementor-element elementor-element-7dac542 e-flex e-con-boxed e-con e-parent\" data-id=\"7dac542\" data-element_type=\"container\">\n\t\t\t\t\t<div class=\"e-con-inner\">\n\t\t<div class=\"elementor-element elementor-element-5868170 e-con-full e-flex e-con e-child\" data-id=\"5868170\" data-element_type=\"container\">\n\t\t\t\t<div class=\"elementor-element elementor-element-80108ff elementor-align-right elementor-mobile-align-center elementor-widget elementor-widget-button\" data-id=\"80108ff\" data-element_type=\"widget\" data-widget_type=\"button.default\">\n\t\t\t\t<div class=\"elementor-widget-container\">\n\t\t\t\t\t\t\t\t\t<div class=\"elementor-button-wrapper\">\n\t\t\t\t\t<a class=\"elementor-button elementor-button-link elementor-size-sm\" href=\"https:\/\/hpzi.de\/s6\" target=\"_blank\" rel=\"noopener\">\n\t\t\t\t\t\t<span class=\"elementor-button-content-wrapper\">\n\t\t\t\t\t\t\t\t\t<span class=\"elementor-button-text\">S'inscrire ici<\/span>\n\t\t\t\t\t<\/span>\n\t\t\t\t\t<\/a>\n\t\t\t\t<\/div>\n\t\t\t\t\t\t\t\t<\/div>\n\t\t\t\t<\/div>\n\t\t\t\t<\/div>\n\t\t<div class=\"elementor-element elementor-element-7ced5ae e-con-full e-flex e-con e-child\" data-id=\"7ced5ae\" data-element_type=\"container\">\n\t\t\t\t<div class=\"elementor-element elementor-element-687dfaf elementor-mobile-align-center elementor-widget elementor-widget-button\" data-id=\"687dfaf\" data-element_type=\"widget\" data-widget_type=\"button.default\">\n\t\t\t\t<div class=\"elementor-widget-container\">\n\t\t\t\t\t\t\t\t\t<div class=\"elementor-button-wrapper\">\n\t\t\t\t\t<a class=\"elementor-button elementor-button-link elementor-size-sm\" href=\"#faq\">\n\t\t\t\t\t\t<span class=\"elementor-button-content-wrapper\">\n\t\t\t\t\t\t\t\t\t<span class=\"elementor-button-text\">En savoir plus<\/span>\n\t\t\t\t\t<\/span>\n\t\t\t\t\t<\/a>\n\t\t\t\t<\/div>\n\t\t\t\t\t\t\t\t<\/div>\n\t\t\t\t<\/div>\n\t\t\t\t<\/div>\n\t\t\t\t\t<\/div>\n\t\t\t\t<\/div>\n\t\t<div class=\"elementor-element elementor-element-a331051 e-flex e-con-boxed e-con e-parent\" data-id=\"a331051\" data-element_type=\"container\">\n\t\t\t\t\t<div class=\"e-con-inner\">\n\t\t\t\t<div class=\"elementor-element elementor-element-eb3ffc0 elementor-widget-divider--view-line elementor-widget elementor-widget-divider\" data-id=\"eb3ffc0\" data-element_type=\"widget\" data-widget_type=\"divider.default\">\n\t\t\t\t<div class=\"elementor-widget-container\">\n\t\t\t\t\t\t\t<div class=\"elementor-divider\">\n\t\t\t<span class=\"elementor-divider-separator\">\n\t\t\t\t\t\t<\/span>\n\t\t<\/div>\n\t\t\t\t\t\t<\/div>\n\t\t\t\t<\/div>\n\t\t\t\t<div class=\"elementor-element elementor-element-52d770c elementor-widget elementor-widget-heading\" data-id=\"52d770c\" data-element_type=\"widget\" data-widget_type=\"heading.default\">\n\t\t\t\t<div class=\"elementor-widget-container\">\n\t\t\t\t\t<h2 class=\"elementor-heading-title elementor-size-default\"><a href=\"https:\/\/hpzi.de\/s6\" target=\"_blank\" rel=\"noopener\">C'est aussi simple que cela<\/a><\/h2>\t\t\t\t<\/div>\n\t\t\t\t<\/div>\n\t\t\t\t\t<\/div>\n\t\t\t\t<\/div>\n\t\t<div class=\"elementor-element elementor-element-27becfd e-flex e-con-boxed e-con e-parent\" data-id=\"27becfd\" data-element_type=\"container\">\n\t\t\t\t\t<div class=\"e-con-inner\">\n\t\t<div class=\"elementor-element elementor-element-3dba659 e-con-full e-flex e-con e-child\" data-id=\"3dba659\" data-element_type=\"container\">\n\t\t\t\t<div class=\"elementor-element elementor-element-e872f3d elementor-widget elementor-widget-image\" data-id=\"e872f3d\" data-element_type=\"widget\" data-widget_type=\"image.default\">\n\t\t\t\t<div class=\"elementor-widget-container\">\n\t\t\t\t\t\t\t\t\t\t\t\t\t\t\t<img decoding=\"async\" width=\"819\" height=\"1024\" src=\"https:\/\/hepsi-markt.de\/wp-content\/uploads\/2025\/07\/1-819x1024.png\" class=\"attachment-large size-large wp-image-7797608\" alt=\"\" srcset=\"https:\/\/hepsi-markt.de\/wp-content\/uploads\/2025\/07\/1-819x1024.png 819w, https:\/\/hepsi-markt.de\/wp-content\/uploads\/2025\/07\/1-240x300.png 240w, https:\/\/hepsi-markt.de\/wp-content\/uploads\/2025\/07\/1-768x960.png 768w, https:\/\/hepsi-markt.de\/wp-content\/uploads\/2025\/07\/1-1229x1536.png 1229w, https:\/\/hepsi-markt.de\/wp-content\/uploads\/2025\/07\/1-500x625.png 500w, https:\/\/hepsi-markt.de\/wp-content\/uploads\/2025\/07\/1.png 1485w\" sizes=\"(max-width: 819px) 100vw, 819px\" \/>\t\t\t\t\t\t\t\t\t\t\t\t\t\t\t<\/div>\n\t\t\t\t<\/div>\n\t\t\t\t<div class=\"elementor-element elementor-element-8912157 elementor-widget elementor-widget-text-editor\" data-id=\"8912157\" data-element_type=\"widget\" data-widget_type=\"text-editor.default\">\n\t\t\t\t<div class=\"elementor-widget-container\">\n\t\t\t\t\t\t\t\t\t<p>Cliquez sur le bouton<a href=\"https:\/\/hpzi.de\/s6\" target=\"_blank\" rel=\"noopener\">\u00ab\u00a0S&rsquo;inscrire ici<\/a>\u00a0\u00bb ou scannez le code QR et envoyez le message pr\u00e9-rempli.  <\/p>\t\t\t\t\t\t\t\t<\/div>\n\t\t\t\t<\/div>\n\t\t\t\t<\/div>\n\t\t<div class=\"elementor-element elementor-element-1558943 e-con-full e-flex e-con e-child\" data-id=\"1558943\" data-element_type=\"container\">\n\t\t\t\t<div class=\"elementor-element elementor-element-0d99ae7 elementor-widget elementor-widget-image\" data-id=\"0d99ae7\" data-element_type=\"widget\" data-widget_type=\"image.default\">\n\t\t\t\t<div class=\"elementor-widget-container\">\n\t\t\t\t\t\t\t\t\t\t\t\t\t\t\t\t<a href=\"https:\/\/hpzi.de\/s6\" target=\"_blank\" rel=\"noopener\">\n\t\t\t\t\t\t\t<img loading=\"lazy\" decoding=\"async\" width=\"819\" height=\"1024\" src=\"https:\/\/hepsi-markt.de\/wp-content\/uploads\/2025\/07\/2-819x1024.png\" class=\"attachment-large size-large wp-image-7797621\" alt=\"\" srcset=\"https:\/\/hepsi-markt.de\/wp-content\/uploads\/2025\/07\/2-819x1024.png 819w, https:\/\/hepsi-markt.de\/wp-content\/uploads\/2025\/07\/2-240x300.png 240w, https:\/\/hepsi-markt.de\/wp-content\/uploads\/2025\/07\/2-768x960.png 768w, https:\/\/hepsi-markt.de\/wp-content\/uploads\/2025\/07\/2-1229x1536.png 1229w, https:\/\/hepsi-markt.de\/wp-content\/uploads\/2025\/07\/2-500x625.png 500w, https:\/\/hepsi-markt.de\/wp-content\/uploads\/2025\/07\/2.png 1485w\" sizes=\"(max-width: 819px) 100vw, 819px\" \/>\t\t\t\t\t\t\t\t<\/a>\n\t\t\t\t\t\t\t\t\t\t\t\t\t\t\t<\/div>\n\t\t\t\t<\/div>\n\t\t\t\t<div class=\"elementor-element elementor-element-9869a34 elementor-widget elementor-widget-text-editor\" data-id=\"9869a34\" data-element_type=\"widget\" data-widget_type=\"text-editor.default\">\n\t\t\t\t<div class=\"elementor-widget-container\">\n\t\t\t\t\t\t\t\t\t<p>Acceptez notre politique de confidentialit\u00e9 et envoyez un \u00ab\u00a0Start\u00a0\u00bb. Ceci est n\u00e9cessaire pour que vous puissiez recevoir les prospectus. <\/p>\t\t\t\t\t\t\t\t<\/div>\n\t\t\t\t<\/div>\n\t\t\t\t<\/div>\n\t\t<div class=\"elementor-element elementor-element-3478799 e-con-full e-flex e-con e-child\" data-id=\"3478799\" data-element_type=\"container\">\n\t\t\t\t<div class=\"elementor-element elementor-element-90ff652 elementor-widget elementor-widget-image\" data-id=\"90ff652\" data-element_type=\"widget\" data-widget_type=\"image.default\">\n\t\t\t\t<div class=\"elementor-widget-container\">\n\t\t\t\t\t\t\t\t\t\t\t\t\t\t\t\t<a href=\"https:\/\/hpzi.de\/s6\" target=\"_blank\" rel=\"noopener\">\n\t\t\t\t\t\t\t<img loading=\"lazy\" decoding=\"async\" width=\"819\" height=\"1024\" src=\"https:\/\/hepsi-markt.de\/wp-content\/uploads\/2025\/07\/3-819x1024.png\" class=\"attachment-large size-large wp-image-7797634\" alt=\"\" srcset=\"https:\/\/hepsi-markt.de\/wp-content\/uploads\/2025\/07\/3-819x1024.png 819w, https:\/\/hepsi-markt.de\/wp-content\/uploads\/2025\/07\/3-240x300.png 240w, https:\/\/hepsi-markt.de\/wp-content\/uploads\/2025\/07\/3-768x960.png 768w, https:\/\/hepsi-markt.de\/wp-content\/uploads\/2025\/07\/3-1229x1536.png 1229w, https:\/\/hepsi-markt.de\/wp-content\/uploads\/2025\/07\/3-500x625.png 500w, https:\/\/hepsi-markt.de\/wp-content\/uploads\/2025\/07\/3.png 1485w\" sizes=\"(max-width: 819px) 100vw, 819px\" \/>\t\t\t\t\t\t\t\t<\/a>\n\t\t\t\t\t\t\t\t\t\t\t\t\t\t\t<\/div>\n\t\t\t\t<\/div>\n\t\t\t\t<div class=\"elementor-element elementor-element-7a02976 elementor-widget elementor-widget-text-editor\" data-id=\"7a02976\" data-element_type=\"widget\" data-widget_type=\"text-editor.default\">\n\t\t\t\t<div class=\"elementor-widget-container\">\n\t\t\t\t\t\t\t\t\t<p>Vous recevrez ensuite la premi\u00e8re brochure &#8211; vous pouvez maintenant planifier et \u00e9conomiser !<\/p>\t\t\t\t\t\t\t\t<\/div>\n\t\t\t\t<\/div>\n\t\t\t\t<\/div>\n\t\t\t\t\t<\/div>\n\t\t\t\t<\/div>\n\t\t<div class=\"elementor-element elementor-element-2cac5fd e-flex e-con-boxed e-con e-parent\" data-id=\"2cac5fd\" data-element_type=\"container\">\n\t\t\t\t\t<div class=\"e-con-inner\">\n\t\t\t\t<div class=\"elementor-element elementor-element-f8eae65 elementor-align-center elementor-widget__width-inherit elementor-widget elementor-widget-button\" data-id=\"f8eae65\" data-element_type=\"widget\" data-widget_type=\"button.default\">\n\t\t\t\t<div class=\"elementor-widget-container\">\n\t\t\t\t\t\t\t\t\t<div class=\"elementor-button-wrapper\">\n\t\t\t\t\t<a class=\"elementor-button elementor-button-link elementor-size-sm\" href=\"https:\/\/hpzi.de\/s6\" target=\"_blank\" rel=\"noopener\">\n\t\t\t\t\t\t<span class=\"elementor-button-content-wrapper\">\n\t\t\t\t\t\t\t\t\t<span class=\"elementor-button-text\">S'inscrire ici<\/span>\n\t\t\t\t\t<\/span>\n\t\t\t\t\t<\/a>\n\t\t\t\t<\/div>\n\t\t\t\t\t\t\t\t<\/div>\n\t\t\t\t<\/div>\n\t\t\t\t\t<\/div>\n\t\t\t\t<\/div>\n\t\t<div class=\"elementor-element elementor-element-fe092a7 e-flex e-con-boxed e-con e-parent\" data-id=\"fe092a7\" data-element_type=\"container\" data-settings=\"{&quot;background_background&quot;:&quot;classic&quot;}\">\n\t\t\t\t\t<div class=\"e-con-inner\">\n\t\t\t\t<div class=\"elementor-element elementor-element-5057a7e elementor-widget elementor-widget-heading\" data-id=\"5057a7e\" data-element_type=\"widget\" id=\"faq\" data-widget_type=\"heading.default\">\n\t\t\t\t<div class=\"elementor-widget-container\">\n\t\t\t\t\t<h2 class=\"elementor-heading-title elementor-size-default\">Questions et r\u00e9ponses sur notre brochure Whatsapp<\/h2>\t\t\t\t<\/div>\n\t\t\t\t<\/div>\n\t\t\t\t<div class=\"elementor-element elementor-element-5547054 elementor-widget elementor-widget-n-accordion\" data-id=\"5547054\" data-element_type=\"widget\" data-settings=\"{&quot;default_state&quot;:&quot;expanded&quot;,&quot;max_items_expended&quot;:&quot;one&quot;,&quot;n_accordion_animation_duration&quot;:{&quot;unit&quot;:&quot;ms&quot;,&quot;size&quot;:400,&quot;sizes&quot;:[]}}\" data-widget_type=\"nested-accordion.default\">\n\t\t\t\t<div class=\"elementor-widget-container\">\n\t\t\t\t\t\t\t<div class=\"e-n-accordion\" aria-label=\"Accordion. Open links with Enter or Space, close with Escape, and navigate with Arrow Keys\">\n\t\t\t\t\t\t<details id=\"e-n-accordion-item-8940\" class=\"e-n-accordion-item\" open>\n\t\t\t\t<summary class=\"e-n-accordion-item-title\" data-accordion-index=\"1\" tabindex=\"0\" aria-expanded=\"true\" aria-controls=\"e-n-accordion-item-8940\" >\n\t\t\t\t\t<span class='e-n-accordion-item-title-header'><div class=\"e-n-accordion-item-title-text\"> Comment s'inscrire pour recevoir la brochure ? <\/div><\/span>\n\t\t\t\t\t\t\t<span class='e-n-accordion-item-title-icon'>\n\t\t\t<span class='e-opened' ><i aria-hidden=\"true\" class=\"fas fa-minus-square\"><\/i><\/span>\n\t\t\t<span class='e-closed'><i aria-hidden=\"true\" class=\"far fa-caret-square-down\"><\/i><\/span>\n\t\t<\/span>\n\n\t\t\t\t\t\t<\/summary>\n\t\t\t\t<div role=\"region\" aria-labelledby=\"e-n-accordion-item-8940\" class=\"elementor-element elementor-element-c19d469 e-con-full e-flex e-con e-child\" data-id=\"c19d469\" data-element_type=\"container\">\n\t\t\t\t<div class=\"elementor-element elementor-element-07c355b elementor-widget elementor-widget-text-editor\" data-id=\"07c355b\" data-element_type=\"widget\" data-widget_type=\"text-editor.default\">\n\t\t\t\t<div class=\"elementor-widget-container\">\n\t\t\t\t\t\t\t\t\t<p>Il vous suffit de cliquer sur l&rsquo;un des boutons \u00ab\u00a0S&rsquo;inscrire ici\u00a0\u00bb ou de scanner le code QR. Les \u00e9tapes suivantes sont expliqu\u00e9es ci-dessus. <\/p>\t\t\t\t\t\t\t\t<\/div>\n\t\t\t\t<\/div>\n\t\t\t\t<\/div>\n\t\t\t\t\t<\/details>\n\t\t\t\t\t\t<details id=\"e-n-accordion-item-8941\" class=\"e-n-accordion-item\" >\n\t\t\t\t<summary class=\"e-n-accordion-item-title\" data-accordion-index=\"2\" tabindex=\"-1\" aria-expanded=\"false\" aria-controls=\"e-n-accordion-item-8941\" >\n\t\t\t\t\t<span class='e-n-accordion-item-title-header'><div class=\"e-n-accordion-item-title-text\"> Combien me co\u00fbte le prospectus WhatsApp ? <\/div><\/span>\n\t\t\t\t\t\t\t<span class='e-n-accordion-item-title-icon'>\n\t\t\t<span class='e-opened' ><i aria-hidden=\"true\" class=\"fas fa-minus-square\"><\/i><\/span>\n\t\t\t<span class='e-closed'><i aria-hidden=\"true\" class=\"far fa-caret-square-down\"><\/i><\/span>\n\t\t<\/span>\n\n\t\t\t\t\t\t<\/summary>\n\t\t\t\t<div role=\"region\" aria-labelledby=\"e-n-accordion-item-8941\" class=\"elementor-element elementor-element-a812bd7 e-con-full e-flex e-con e-child\" data-id=\"a812bd7\" data-element_type=\"container\">\n\t\t\t\t<div class=\"elementor-element elementor-element-e6e6f8d elementor-widget elementor-widget-text-editor\" data-id=\"e6e6f8d\" data-element_type=\"widget\" data-widget_type=\"text-editor.default\">\n\t\t\t\t<div class=\"elementor-widget-container\">\n\t\t\t\t\t\t\t\t\t<p>Le site Hepsi-Markt WhatsApp-Bot est enti\u00e8rement gratuit pour vous. Tout ce dont vous avez besoin, c&rsquo;est de votre smartphone et d&rsquo;un compte WhatsApp. <\/p>\t\t\t\t\t\t\t\t<\/div>\n\t\t\t\t<\/div>\n\t\t\t\t<\/div>\n\t\t\t\t\t<\/details>\n\t\t\t\t\t\t<details id=\"e-n-accordion-item-8942\" class=\"e-n-accordion-item\" >\n\t\t\t\t<summary class=\"e-n-accordion-item-title\" data-accordion-index=\"3\" tabindex=\"-1\" aria-expanded=\"false\" aria-controls=\"e-n-accordion-item-8942\" >\n\t\t\t\t\t<span class='e-n-accordion-item-title-header'><div class=\"e-n-accordion-item-title-text\"> Est-ce que je re\u00e7ois d'autres messages que le prospectus ? <\/div><\/span>\n\t\t\t\t\t\t\t<span class='e-n-accordion-item-title-icon'>\n\t\t\t<span class='e-opened' ><i aria-hidden=\"true\" class=\"fas fa-minus-square\"><\/i><\/span>\n\t\t\t<span class='e-closed'><i aria-hidden=\"true\" class=\"far fa-caret-square-down\"><\/i><\/span>\n\t\t<\/span>\n\n\t\t\t\t\t\t<\/summary>\n\t\t\t\t<div role=\"region\" aria-labelledby=\"e-n-accordion-item-8942\" class=\"elementor-element elementor-element-7316e71 e-con-full e-flex e-con e-child\" data-id=\"7316e71\" data-element_type=\"container\">\n\t\t\t\t<div class=\"elementor-element elementor-element-b1144c1 elementor-widget elementor-widget-text-editor\" data-id=\"b1144c1\" data-element_type=\"widget\" data-widget_type=\"text-editor.default\">\n\t\t\t\t<div class=\"elementor-widget-container\">\n\t\t\t\t\t\t\t\t\t<p>Non, vous ne recevez que les prospectus et les recommandations passionnantes concernant le prospectus en question. Pas de spam ! <\/p>\t\t\t\t\t\t\t\t<\/div>\n\t\t\t\t<\/div>\n\t\t\t\t<\/div>\n\t\t\t\t\t<\/details>\n\t\t\t\t\t\t<details id=\"e-n-accordion-item-8943\" class=\"e-n-accordion-item\" >\n\t\t\t\t<summary class=\"e-n-accordion-item-title\" data-accordion-index=\"4\" tabindex=\"-1\" aria-expanded=\"false\" aria-controls=\"e-n-accordion-item-8943\" >\n\t\t\t\t\t<span class='e-n-accordion-item-title-header'><div class=\"e-n-accordion-item-title-text\"> Qu'advient-il de mes donn\u00e9es ? <\/div><\/span>\n\t\t\t\t\t\t\t<span class='e-n-accordion-item-title-icon'>\n\t\t\t<span class='e-opened' ><i aria-hidden=\"true\" class=\"fas fa-minus-square\"><\/i><\/span>\n\t\t\t<span class='e-closed'><i aria-hidden=\"true\" class=\"far fa-caret-square-down\"><\/i><\/span>\n\t\t<\/span>\n\n\t\t\t\t\t\t<\/summary>\n\t\t\t\t<div role=\"region\" aria-labelledby=\"e-n-accordion-item-8943\" class=\"elementor-element elementor-element-079b33e e-flex e-con-boxed e-con e-child\" data-id=\"079b33e\" data-element_type=\"container\">\n\t\t\t\t\t<div class=\"e-con-inner\">\n\t\t\t\t<div class=\"elementor-element elementor-element-37b4d65 elementor-widget elementor-widget-text-editor\" data-id=\"37b4d65\" data-element_type=\"widget\" data-widget_type=\"text-editor.default\">\n\t\t\t\t<div class=\"elementor-widget-container\">\n\t\t\t\t\t\t\t\t\t<p>Nous agissons dans le strict respect des r\u00e9glementations actuelles en mati\u00e8re de protection des donn\u00e9es. Vos donn\u00e9es sont en s\u00e9curit\u00e9 chez nous. Si vous voulez en savoir plus, cliquez ici : <a href=\"https:\/\/hepsi-markt.de\/fr\/declaration-de-confidentialite\/\">Informations sur la protection des donn\u00e9es<\/a>.  <\/p>\t\t\t\t\t\t\t\t<\/div>\n\t\t\t\t<\/div>\n\t\t\t\t\t<\/div>\n\t\t\t\t<\/div>\n\t\t\t\t\t<\/details>\n\t\t\t\t\t\t<details id=\"e-n-accordion-item-8944\" class=\"e-n-accordion-item\" >\n\t\t\t\t<summary class=\"e-n-accordion-item-title\" data-accordion-index=\"5\" tabindex=\"-1\" aria-expanded=\"false\" aria-controls=\"e-n-accordion-item-8944\" >\n\t\t\t\t\t<span class='e-n-accordion-item-title-header'><div class=\"e-n-accordion-item-title-text\"> Comment se d\u00e9sinscrire ? <\/div><\/span>\n\t\t\t\t\t\t\t<span class='e-n-accordion-item-title-icon'>\n\t\t\t<span class='e-opened' ><i aria-hidden=\"true\" class=\"fas fa-minus-square\"><\/i><\/span>\n\t\t\t<span class='e-closed'><i aria-hidden=\"true\" class=\"far fa-caret-square-down\"><\/i><\/span>\n\t\t<\/span>\n\n\t\t\t\t\t\t<\/summary>\n\t\t\t\t<div role=\"region\" aria-labelledby=\"e-n-accordion-item-8944\" class=\"elementor-element elementor-element-4a94796 e-flex e-con-boxed e-con e-child\" data-id=\"4a94796\" data-element_type=\"container\">\n\t\t\t\t\t<div class=\"e-con-inner\">\n\t\t\t\t<div class=\"elementor-element elementor-element-0204f64 elementor-widget elementor-widget-text-editor\" data-id=\"0204f64\" data-element_type=\"widget\" data-widget_type=\"text-editor.default\">\n\t\t\t\t<div class=\"elementor-widget-container\">\n\t\t\t\t\t\t\t\t\t<p>Envoyez simplement un \u00ab\u00a0STOP\u00a0\u00bb dans le chat Whatsapp et vous serez imm\u00e9diatement d\u00e9connect\u00e9.<\/p>\t\t\t\t\t\t\t\t<\/div>\n\t\t\t\t<\/div>\n\t\t\t\t\t<\/div>\n\t\t\t\t<\/div>\n\t\t\t\t\t<\/details>\n\t\t\t\t\t\t<details id=\"e-n-accordion-item-8945\" class=\"e-n-accordion-item\" >\n\t\t\t\t<summary class=\"e-n-accordion-item-title\" data-accordion-index=\"6\" tabindex=\"-1\" aria-expanded=\"false\" aria-controls=\"e-n-accordion-item-8945\" >\n\t\t\t\t\t<span class='e-n-accordion-item-title-header'><div class=\"e-n-accordion-item-title-text\"> Puis-je utiliser le bot WhatsApp du Hepsi-Markt partager ? <\/div><\/span>\n\t\t\t\t\t\t\t<span class='e-n-accordion-item-title-icon'>\n\t\t\t<span class='e-opened' ><i aria-hidden=\"true\" class=\"fas fa-minus-square\"><\/i><\/span>\n\t\t\t<span class='e-closed'><i aria-hidden=\"true\" class=\"far fa-caret-square-down\"><\/i><\/span>\n\t\t<\/span>\n\n\t\t\t\t\t\t<\/summary>\n\t\t\t\t<div role=\"region\" aria-labelledby=\"e-n-accordion-item-8945\" class=\"elementor-element elementor-element-6d329b6 e-flex e-con-boxed e-con e-child\" data-id=\"6d329b6\" data-element_type=\"container\">\n\t\t\t\t\t<div class=\"e-con-inner\">\n\t\t\t\t<div class=\"elementor-element elementor-element-c569fc3 elementor-widget elementor-widget-text-editor\" data-id=\"c569fc3\" data-element_type=\"widget\" data-widget_type=\"text-editor.default\">\n\t\t\t\t<div class=\"elementor-widget-container\">\n\t\t\t\t\t\t\t\t\t<p>Partager notre bot est tr\u00e8s facile. Pour ce faire, cliquez sur notre nom avec le logo vert dans la partie sup\u00e9rieure de la discussion WhatsApp. En dessous de notre photo de profil, vous trouverez la possibilit\u00e9 de partager notre compte d&rsquo;entreprise avec vos contacts WhatsApp. Votre contact n&rsquo;a plus qu&rsquo;\u00e0 nous envoyer le message \u00ab\u00a0Start\u00a0\u00bb et c&rsquo;est parti.   <\/p>\t\t\t\t\t\t\t\t<\/div>\n\t\t\t\t<\/div>\n\t\t\t\t\t<\/div>\n\t\t\t\t<\/div>\n\t\t\t\t\t<\/details>\n\t\t\t\t\t<\/div>\n\t\t\t\t\t\t<\/div>\n\t\t\t\t<\/div>\n\t\t\t\t\t<\/div>\n\t\t\t\t<\/div>\n\t\t\t\t<\/div>\n\t\t","protected":false},"excerpt":{"rendered":"<p>Inscrivez-vous ici pour recevoir la brochure Whatsapp Vous voulez \u00eatre le premier \u00e0 savoir ce qui se trouve dans le prospectus actuel &#8211; et ne plus manquer aucune offre ? Alors inscrivez-vous d\u00e8s maintenant et en un seul clic \u00e0 notre WhatsApp Bot. Le service est gratuit et peut faire bien plus que de vous [&hellip;]<\/p>\n","protected":false},"author":6,"featured_media":0,"parent":0,"menu_order":0,"comment_status":"closed","ping_status":"closed","template":"elementor_header_footer","meta":{"_acf_changed":false,"footnotes":""},"class_list":["post-7797733","page","type-page","status-publish","hentry"],"acf":[],"_links":{"self":[{"href":"https:\/\/hepsi-markt.de\/fr\/wp-json\/wp\/v2\/pages\/7797733","targetHints":{"allow":["GET"]}}],"collection":[{"href":"https:\/\/hepsi-markt.de\/fr\/wp-json\/wp\/v2\/pages"}],"about":[{"href":"https:\/\/hepsi-markt.de\/fr\/wp-json\/wp\/v2\/types\/page"}],"author":[{"embeddable":true,"href":"https:\/\/hepsi-markt.de\/fr\/wp-json\/wp\/v2\/users\/6"}],"replies":[{"embeddable":true,"href":"https:\/\/hepsi-markt.de\/fr\/wp-json\/wp\/v2\/comments?post=7797733"}],"version-history":[{"count":2,"href":"https:\/\/hepsi-markt.de\/fr\/wp-json\/wp\/v2\/pages\/7797733\/revisions"}],"predecessor-version":[{"id":7797740,"href":"https:\/\/hepsi-markt.de\/fr\/wp-json\/wp\/v2\/pages\/7797733\/revisions\/7797740"}],"wp:attachment":[{"href":"https:\/\/hepsi-markt.de\/fr\/wp-json\/wp\/v2\/media?parent=7797733"}],"curies":[{"name":"wp","href":"https:\/\/api.w.org\/{rel}","templated":true}]}}