	{"id":6392,"date":"2021-05-12T12:11:27","date_gmt":"2021-05-12T10:11:27","guid":{"rendered":"https:\/\/hepsi-markt.de\/offres\/"},"modified":"2026-05-03T11:51:15","modified_gmt":"2026-05-03T09:51:15","slug":"offres","status":"publish","type":"page","link":"https:\/\/hepsi-markt.de\/fr\/offres\/","title":{"rendered":"Prospectus"},"content":{"rendered":"\t\t<div data-elementor-type=\"wp-page\" data-elementor-id=\"6392\" class=\"elementor elementor-6392 elementor-1375\" data-elementor-post-type=\"page\">\n\t\t\t\t\t\t<section class=\"elementor-section elementor-top-section elementor-element elementor-element-2370ac01 elementor-section-full_width elementor-section-height-default elementor-section-height-default\" data-id=\"2370ac01\" data-element_type=\"section\">\n\t\t\t\t\t\t<div class=\"elementor-container elementor-column-gap-default\">\n\t\t\t\t\t<div class=\"elementor-column elementor-col-100 elementor-top-column elementor-element elementor-element-38de9ee2\" data-id=\"38de9ee2\" data-element_type=\"column\">\n\t\t\t<div class=\"elementor-widget-wrap\">\n\t\t\t\t\t\t\t<\/div>\n\t\t<\/div>\n\t\t\t\t\t<\/div>\n\t\t<\/section>\n\t\t\t\t<section class=\"elementor-section elementor-top-section elementor-element elementor-element-f28a85a elementor-section-full_width elementor-section-stretched elementor-section-height-default elementor-section-height-default\" data-id=\"f28a85a\" data-element_type=\"section\" data-settings=\"{&quot;stretch_section&quot;:&quot;section-stretched&quot;}\">\n\t\t\t\t\t\t<div class=\"elementor-container elementor-column-gap-default\">\n\t\t\t\t\t<div class=\"elementor-column elementor-col-100 elementor-top-column elementor-element elementor-element-232a367\" data-id=\"232a367\" data-element_type=\"column\">\n\t\t\t<div class=\"elementor-widget-wrap elementor-element-populated\">\n\t\t\t\t\t\t<div class=\"elementor-element elementor-element-64b356d elementor-widget elementor-widget-heading\" data-id=\"64b356d\" data-element_type=\"widget\" data-widget_type=\"heading.default\">\n\t\t\t\t<div class=\"elementor-widget-container\">\n\t\t\t\t\t<h1 class=\"elementor-heading-title elementor-size-default\">Promotions actuelles du Hepsi-Markt<\/h1>\t\t\t\t<\/div>\n\t\t\t\t<\/div>\n\t\t\t\t<div class=\"elementor-element elementor-element-821a7fe elementor-widget elementor-widget-spacer\" data-id=\"821a7fe\" data-element_type=\"widget\" data-widget_type=\"spacer.default\">\n\t\t\t\t<div class=\"elementor-widget-container\">\n\t\t\t\t\t\t\t<div class=\"elementor-spacer\">\n\t\t\t<div class=\"elementor-spacer-inner\"><\/div>\n\t\t<\/div>\n\t\t\t\t\t\t<\/div>\n\t\t\t\t<\/div>\n\t\t\t\t\t<\/div>\n\t\t<\/div>\n\t\t\t\t\t<\/div>\n\t\t<\/section>\n\t\t\t\t<section class=\"elementor-section elementor-top-section elementor-element elementor-element-1e25a9f elementor-section-boxed elementor-section-height-default elementor-section-height-default\" data-id=\"1e25a9f\" data-element_type=\"section\">\n\t\t\t\t\t\t<div class=\"elementor-container elementor-column-gap-default\">\n\t\t\t\t\t<div class=\"elementor-column elementor-col-100 elementor-top-column elementor-element elementor-element-4c612b0\" data-id=\"4c612b0\" data-element_type=\"column\">\n\t\t\t<div class=\"elementor-widget-wrap elementor-element-populated\">\n\t\t\t\t\t\t<div class=\"elementor-element elementor-element-b880dcd elementor-widget elementor-widget-text-editor\" data-id=\"b880dcd\" data-element_type=\"widget\" data-widget_type=\"text-editor.default\">\n\t\t\t\t<div class=\"elementor-widget-container\">\n\t\t\t\t\t\t\t\t\t<h2 style=\"text-align: center;\"><span style=\"text-align: left;\"><b>Hepsi-Super action :<\/b><\/span><\/h2><h4 style=\"text-align: center;\">  D\u00e9couvrez de  <strong>Dienstag, den 04.05. bis Samstag, den 09.05.2026 <\/strong>  de superbes offres \u00e0 des prix exceptionnels dans nos Hepsi-Markt magasins de <strong>M\u00fclheim an der Ruhr, Essen &amp; Leverkusen<\/strong>.<\/h4>\t\t\t\t\t\t\t\t<\/div>\n\t\t\t\t<\/div>\n\t\t\t\t<div class=\"elementor-element elementor-element-0bf8072 elementor-arrows-position-inside elementor-pagination-position-outside elementor-widget elementor-widget-image-carousel\" data-id=\"0bf8072\" data-element_type=\"widget\" data-settings=\"{&quot;slides_to_show&quot;:&quot;2&quot;,&quot;navigation&quot;:&quot;both&quot;,&quot;autoplay&quot;:&quot;yes&quot;,&quot;pause_on_hover&quot;:&quot;yes&quot;,&quot;pause_on_interaction&quot;:&quot;yes&quot;,&quot;autoplay_speed&quot;:5000,&quot;infinite&quot;:&quot;yes&quot;,&quot;speed&quot;:500}\" data-widget_type=\"image-carousel.default\">\n\t\t\t\t<div class=\"elementor-widget-container\">\n\t\t\t\t\t\t\t<div class=\"elementor-image-carousel-wrapper swiper\" role=\"region\" aria-roledescription=\"carousel\" aria-label=\"Image Carousel\" dir=\"ltr\">\n\t\t\t<div class=\"elementor-image-carousel swiper-wrapper\" aria-live=\"off\">\n\t\t\t\t\t\t\t\t<div class=\"swiper-slide\" role=\"group\" aria-roledescription=\"slide\" aria-label=\"1 sur 12\"><figure class=\"swiper-slide-inner\"><img decoding=\"async\" class=\"swiper-slide-image\" src=\"https:\/\/hepsi-markt.de\/wp-content\/uploads\/2026\/05\/01_Hepsi-Angebote_KW19-768x1086.webp\" alt=\"01_Hepsi-Angebote_KW19\" \/><\/figure><\/div><div class=\"swiper-slide\" role=\"group\" aria-roledescription=\"slide\" aria-label=\"2 sur 12\"><figure class=\"swiper-slide-inner\"><img decoding=\"async\" class=\"swiper-slide-image\" src=\"https:\/\/hepsi-markt.de\/wp-content\/uploads\/2026\/05\/02_Hepsi-Angebote_KW19-768x1086.webp\" alt=\"02_Hepsi-Angebote_KW19\" \/><\/figure><\/div><div class=\"swiper-slide\" role=\"group\" aria-roledescription=\"slide\" aria-label=\"3 sur 12\"><figure class=\"swiper-slide-inner\"><img decoding=\"async\" class=\"swiper-slide-image\" src=\"https:\/\/hepsi-markt.de\/wp-content\/uploads\/2026\/05\/03_Hepsi-Angebote_KW19-768x1086.webp\" alt=\"03_Hepsi-Angebote_KW19\" \/><\/figure><\/div><div class=\"swiper-slide\" role=\"group\" aria-roledescription=\"slide\" aria-label=\"4 sur 12\"><figure class=\"swiper-slide-inner\"><img decoding=\"async\" class=\"swiper-slide-image\" src=\"https:\/\/hepsi-markt.de\/wp-content\/uploads\/2026\/05\/04_Hepsi-Angebote_KW19-768x1086.webp\" alt=\"04_Hepsi-Angebote_KW19\" \/><\/figure><\/div><div class=\"swiper-slide\" role=\"group\" aria-roledescription=\"slide\" aria-label=\"5 sur 12\"><figure class=\"swiper-slide-inner\"><img decoding=\"async\" class=\"swiper-slide-image\" src=\"https:\/\/hepsi-markt.de\/wp-content\/uploads\/2026\/05\/05_Hepsi-Angebote_KW19-768x1086.webp\" alt=\"05_Hepsi-Angebote_KW19\" \/><\/figure><\/div><div class=\"swiper-slide\" role=\"group\" aria-roledescription=\"slide\" aria-label=\"6 sur 12\"><figure class=\"swiper-slide-inner\"><img decoding=\"async\" class=\"swiper-slide-image\" src=\"https:\/\/hepsi-markt.de\/wp-content\/uploads\/2026\/05\/06_Hepsi-Angebote_KW19-768x1086.webp\" alt=\"06_Hepsi-Angebote_KW19\" \/><\/figure><\/div><div class=\"swiper-slide\" role=\"group\" aria-roledescription=\"slide\" aria-label=\"7 sur 12\"><figure class=\"swiper-slide-inner\"><img decoding=\"async\" class=\"swiper-slide-image\" src=\"https:\/\/hepsi-markt.de\/wp-content\/uploads\/2026\/05\/07_Hepsi-Angebote_KW19-768x1086.webp\" alt=\"07_Hepsi-Angebote_KW19\" \/><\/figure><\/div><div class=\"swiper-slide\" role=\"group\" aria-roledescription=\"slide\" aria-label=\"8 sur 12\"><figure class=\"swiper-slide-inner\"><img decoding=\"async\" class=\"swiper-slide-image\" src=\"https:\/\/hepsi-markt.de\/wp-content\/uploads\/2026\/05\/08_Hepsi-Angebote_KW19-768x1086.webp\" alt=\"08_Hepsi-Angebote_KW19\" \/><\/figure><\/div><div class=\"swiper-slide\" role=\"group\" aria-roledescription=\"slide\" aria-label=\"9 sur 12\"><figure class=\"swiper-slide-inner\"><img decoding=\"async\" class=\"swiper-slide-image\" src=\"https:\/\/hepsi-markt.de\/wp-content\/uploads\/2026\/05\/09_Hepsi-Angebote_KW19-768x1086.webp\" alt=\"09_Hepsi-Angebote_KW19\" \/><\/figure><\/div><div class=\"swiper-slide\" role=\"group\" aria-roledescription=\"slide\" aria-label=\"10 sur 12\"><figure class=\"swiper-slide-inner\"><img decoding=\"async\" class=\"swiper-slide-image\" src=\"https:\/\/hepsi-markt.de\/wp-content\/uploads\/2026\/05\/10_Hepsi-Angebote_KW19-768x1086.webp\" alt=\"10_Hepsi-Angebote_KW19\" \/><\/figure><\/div><div class=\"swiper-slide\" role=\"group\" aria-roledescription=\"slide\" aria-label=\"11 sur 12\"><figure class=\"swiper-slide-inner\"><img decoding=\"async\" class=\"swiper-slide-image\" src=\"https:\/\/hepsi-markt.de\/wp-content\/uploads\/2026\/05\/11_Hepsi-Angebote_KW19-768x1086.webp\" alt=\"11_Hepsi-Angebote_KW19\" \/><\/figure><\/div><div class=\"swiper-slide\" role=\"group\" aria-roledescription=\"slide\" aria-label=\"12 sur 12\"><figure class=\"swiper-slide-inner\"><img decoding=\"async\" class=\"swiper-slide-image\" src=\"https:\/\/hepsi-markt.de\/wp-content\/uploads\/2026\/05\/12_Hepsi-Angebote_KW19-768x1086.webp\" alt=\"12_Hepsi-Angebote_KW19\" \/><\/figure><\/div>\t\t\t<\/div>\n\t\t\t\t\t\t\t\t\t\t\t\t<div class=\"elementor-swiper-button elementor-swiper-button-prev\" role=\"button\" tabindex=\"0\">\n\t\t\t\t\t\t<svg xmlns=\"http:\/\/www.w3.org\/2000\/svg\" fill-rule=\"evenodd\" clip-rule=\"evenodd\" viewBox=\"0 0 512 485.963\"><path fill=\"#10A44E\" d=\"M238.441 171.532l256.495-19.808c9.347-.722 17.064 7.689 17.064 17.061v148.393c0 9.373-7.704 17.783-17.064 17.061l-256.495-19.808v.369l35.318 100.96c19.779 51.211-12.189 91.873-49.588 57.439L24.189 281.561c-32.252-32.255-32.252-45.759 0-78.011L224.171 11.913c36.273-32.432 69.367 6.228 49.588 57.436l-35.318 100.963v1.22z\"><\/path><\/svg>\t\t\t\t\t<\/div>\n\t\t\t\t\t<div class=\"elementor-swiper-button elementor-swiper-button-next\" role=\"button\" tabindex=\"0\">\n\t\t\t\t\t\t<svg xmlns=\"http:\/\/www.w3.org\/2000\/svg\" fill-rule=\"evenodd\" clip-rule=\"evenodd\" viewBox=\"0 0 512 485.963\"><path fill=\"#10A44E\" d=\"M273.559 171.532L17.064 151.724C7.717 151.002 0 159.413 0 168.785v148.393c0 9.372 7.704 17.783 17.064 17.06l256.495-19.807v.369l-35.318 100.959c-19.779 51.211 12.189 91.873 49.588 57.439l199.982-191.637c32.252-32.255 32.252-45.759 0-78.011L287.829 11.913c-36.273-32.432-69.367 6.228-49.588 57.436l35.318 100.962v1.221z\"><\/path><\/svg>\t\t\t\t\t<\/div>\n\t\t\t\t\n\t\t\t\t\t\t\t\t\t<div class=\"swiper-pagination\"><\/div>\n\t\t\t\t\t\t\t\t\t<\/div>\n\t\t\t\t\t\t<\/div>\n\t\t\t\t<\/div>\n\t\t\t\t<div class=\"elementor-element elementor-element-a185c55 elementor-widget elementor-widget-text-editor\" data-id=\"a185c55\" data-element_type=\"widget\" data-widget_type=\"text-editor.default\">\n\t\t\t\t<div class=\"elementor-widget-container\">\n\t\t\t\t\t\t\t\t\t<h2 style=\"text-align: center;\"><span style=\"text-align: left;\"><b>Hepsi-Aper\u00e7u :<\/b><\/span><\/h2><h4 style=\"text-align: center;\">  D\u00e9couvrez de  <strong>Montag, den 11.05. bis Samstag, den 16 <\/strong><strong>.05.2026<\/strong> tolle Angebote zu top Preisen in unseren Hepsi-Markt Filialen!<\/h4>\t\t\t\t\t\t\t\t<\/div>\n\t\t\t\t<\/div>\n\t\t\t\t<div class=\"elementor-element elementor-element-32c94a0 elementor-arrows-position-inside elementor-pagination-position-outside elementor-widget elementor-widget-image-carousel\" data-id=\"32c94a0\" data-element_type=\"widget\" data-settings=\"{&quot;slides_to_show&quot;:&quot;2&quot;,&quot;navigation&quot;:&quot;both&quot;,&quot;autoplay&quot;:&quot;yes&quot;,&quot;pause_on_hover&quot;:&quot;yes&quot;,&quot;pause_on_interaction&quot;:&quot;yes&quot;,&quot;autoplay_speed&quot;:5000,&quot;infinite&quot;:&quot;yes&quot;,&quot;speed&quot;:500}\" data-widget_type=\"image-carousel.default\">\n\t\t\t\t<div class=\"elementor-widget-container\">\n\t\t\t\t\t\t\t<div class=\"elementor-image-carousel-wrapper swiper\" role=\"region\" aria-roledescription=\"carousel\" aria-label=\"Image Carousel\" dir=\"ltr\">\n\t\t\t<div class=\"elementor-image-carousel swiper-wrapper\" aria-live=\"off\">\n\t\t\t\t\t\t\t\t<div class=\"swiper-slide\" role=\"group\" aria-roledescription=\"slide\" aria-label=\"1 sur 12\"><figure class=\"swiper-slide-inner\"><img decoding=\"async\" class=\"swiper-slide-image\" src=\"https:\/\/hepsi-markt.de\/wp-content\/uploads\/2026\/05\/01_Hepsi-Angebote_KW20-768x1086.webp\" alt=\"01_Hepsi-Angebote_KW20\" \/><\/figure><\/div><div class=\"swiper-slide\" role=\"group\" aria-roledescription=\"slide\" aria-label=\"2 sur 12\"><figure class=\"swiper-slide-inner\"><img decoding=\"async\" class=\"swiper-slide-image\" src=\"https:\/\/hepsi-markt.de\/wp-content\/uploads\/2026\/05\/02_Hepsi-Angebote_KW20-768x1086.webp\" alt=\"02_Hepsi-Angebote_KW20\" \/><\/figure><\/div><div class=\"swiper-slide\" role=\"group\" aria-roledescription=\"slide\" aria-label=\"3 sur 12\"><figure class=\"swiper-slide-inner\"><img decoding=\"async\" class=\"swiper-slide-image\" src=\"https:\/\/hepsi-markt.de\/wp-content\/uploads\/2026\/05\/03_Hepsi-Angebote_KW20-768x1086.webp\" alt=\"03_Hepsi-Angebote_KW20\" \/><\/figure><\/div><div class=\"swiper-slide\" role=\"group\" aria-roledescription=\"slide\" aria-label=\"4 sur 12\"><figure class=\"swiper-slide-inner\"><img decoding=\"async\" class=\"swiper-slide-image\" src=\"https:\/\/hepsi-markt.de\/wp-content\/uploads\/2026\/05\/04_Hepsi-Angebote_KW20-768x1086.webp\" alt=\"04_Hepsi-Angebote_KW20\" \/><\/figure><\/div><div class=\"swiper-slide\" role=\"group\" aria-roledescription=\"slide\" aria-label=\"5 sur 12\"><figure class=\"swiper-slide-inner\"><img decoding=\"async\" class=\"swiper-slide-image\" src=\"https:\/\/hepsi-markt.de\/wp-content\/uploads\/2026\/05\/05_Hepsi-Angebote_KW20-768x1086.webp\" alt=\"05_Hepsi-Angebote_KW20\" \/><\/figure><\/div><div class=\"swiper-slide\" role=\"group\" aria-roledescription=\"slide\" aria-label=\"6 sur 12\"><figure class=\"swiper-slide-inner\"><img decoding=\"async\" class=\"swiper-slide-image\" src=\"https:\/\/hepsi-markt.de\/wp-content\/uploads\/2026\/05\/06_Hepsi-Angebote_KW20-768x1086.webp\" alt=\"06_Hepsi-Angebote_KW20\" \/><\/figure><\/div><div class=\"swiper-slide\" role=\"group\" aria-roledescription=\"slide\" aria-label=\"7 sur 12\"><figure class=\"swiper-slide-inner\"><img decoding=\"async\" class=\"swiper-slide-image\" src=\"https:\/\/hepsi-markt.de\/wp-content\/uploads\/2026\/05\/07_Hepsi-Angebote_KW20-768x1086.webp\" alt=\"07_Hepsi-Angebote_KW20\" \/><\/figure><\/div><div class=\"swiper-slide\" role=\"group\" aria-roledescription=\"slide\" aria-label=\"8 sur 12\"><figure class=\"swiper-slide-inner\"><img decoding=\"async\" class=\"swiper-slide-image\" src=\"https:\/\/hepsi-markt.de\/wp-content\/uploads\/2026\/05\/08_Hepsi-Angebote_KW20-768x1086.webp\" alt=\"08_Hepsi-Angebote_KW20\" \/><\/figure><\/div><div class=\"swiper-slide\" role=\"group\" aria-roledescription=\"slide\" aria-label=\"9 sur 12\"><figure class=\"swiper-slide-inner\"><img decoding=\"async\" class=\"swiper-slide-image\" src=\"https:\/\/hepsi-markt.de\/wp-content\/uploads\/2026\/05\/09_Hepsi-Angebote_KW20-768x1086.webp\" alt=\"09_Hepsi-Angebote_KW20\" \/><\/figure><\/div><div class=\"swiper-slide\" role=\"group\" aria-roledescription=\"slide\" aria-label=\"10 sur 12\"><figure class=\"swiper-slide-inner\"><img decoding=\"async\" class=\"swiper-slide-image\" src=\"https:\/\/hepsi-markt.de\/wp-content\/uploads\/2026\/05\/10_Hepsi-Angebote_KW20-768x1086.webp\" alt=\"10_Hepsi-Angebote_KW20\" \/><\/figure><\/div><div class=\"swiper-slide\" role=\"group\" aria-roledescription=\"slide\" aria-label=\"11 sur 12\"><figure class=\"swiper-slide-inner\"><img decoding=\"async\" class=\"swiper-slide-image\" src=\"https:\/\/hepsi-markt.de\/wp-content\/uploads\/2026\/05\/11_Hepsi-Angebote_KW20-768x1086.webp\" alt=\"11_Hepsi-Angebote_KW20\" \/><\/figure><\/div><div class=\"swiper-slide\" role=\"group\" aria-roledescription=\"slide\" aria-label=\"12 sur 12\"><figure class=\"swiper-slide-inner\"><img decoding=\"async\" class=\"swiper-slide-image\" src=\"https:\/\/hepsi-markt.de\/wp-content\/uploads\/2026\/05\/12_Hepsi-Angebote_KW20-768x1086.webp\" alt=\"12_Hepsi-Angebote_KW20\" \/><\/figure><\/div>\t\t\t<\/div>\n\t\t\t\t\t\t\t\t\t\t\t\t<div class=\"elementor-swiper-button elementor-swiper-button-prev\" role=\"button\" tabindex=\"0\">\n\t\t\t\t\t\t<svg xmlns=\"http:\/\/www.w3.org\/2000\/svg\" fill-rule=\"evenodd\" clip-rule=\"evenodd\" viewBox=\"0 0 512 485.963\"><path fill=\"#10A44E\" d=\"M238.441 171.532l256.495-19.808c9.347-.722 17.064 7.689 17.064 17.061v148.393c0 9.373-7.704 17.783-17.064 17.061l-256.495-19.808v.369l35.318 100.96c19.779 51.211-12.189 91.873-49.588 57.439L24.189 281.561c-32.252-32.255-32.252-45.759 0-78.011L224.171 11.913c36.273-32.432 69.367 6.228 49.588 57.436l-35.318 100.963v1.22z\"><\/path><\/svg>\t\t\t\t\t<\/div>\n\t\t\t\t\t<div class=\"elementor-swiper-button elementor-swiper-button-next\" role=\"button\" tabindex=\"0\">\n\t\t\t\t\t\t<svg xmlns=\"http:\/\/www.w3.org\/2000\/svg\" fill-rule=\"evenodd\" clip-rule=\"evenodd\" viewBox=\"0 0 512 485.963\"><path fill=\"#10A44E\" d=\"M273.559 171.532L17.064 151.724C7.717 151.002 0 159.413 0 168.785v148.393c0 9.372 7.704 17.783 17.064 17.06l256.495-19.807v.369l-35.318 100.959c-19.779 51.211 12.189 91.873 49.588 57.439l199.982-191.637c32.252-32.255 32.252-45.759 0-78.011L287.829 11.913c-36.273-32.432-69.367 6.228-49.588 57.436l35.318 100.962v1.221z\"><\/path><\/svg>\t\t\t\t\t<\/div>\n\t\t\t\t\n\t\t\t\t\t\t\t\t\t<div class=\"swiper-pagination\"><\/div>\n\t\t\t\t\t\t\t\t\t<\/div>\n\t\t\t\t\t\t<\/div>\n\t\t\t\t<\/div>\n\t\t\t\t\t<\/div>\n\t\t<\/div>\n\t\t\t\t\t<\/div>\n\t\t<\/section>\n\t\t\t\t<section class=\"elementor-section elementor-top-section elementor-element elementor-element-9dbeab8 elementor-section-boxed elementor-section-height-default elementor-section-height-default\" data-id=\"9dbeab8\" data-element_type=\"section\">\n\t\t\t\t\t\t<div class=\"elementor-container elementor-column-gap-default\">\n\t\t\t\t\t<div class=\"elementor-column elementor-col-100 elementor-top-column elementor-element elementor-element-d7fa21e\" data-id=\"d7fa21e\" data-element_type=\"column\">\n\t\t\t<div class=\"elementor-widget-wrap\">\n\t\t\t\t\t\t\t<\/div>\n\t\t<\/div>\n\t\t\t\t\t<\/div>\n\t\t<\/section>\n\t\t\t\t<section class=\"elementor-section elementor-top-section elementor-element elementor-element-ad1931a elementor-section-boxed elementor-section-height-default elementor-section-height-default\" data-id=\"ad1931a\" data-element_type=\"section\">\n\t\t\t\t\t\t<div class=\"elementor-container elementor-column-gap-default\">\n\t\t\t\t\t<div class=\"elementor-column elementor-col-100 elementor-top-column elementor-element elementor-element-e72f3d7\" data-id=\"e72f3d7\" data-element_type=\"column\">\n\t\t\t<div class=\"elementor-widget-wrap elementor-element-populated\">\n\t\t\t\t\t\t<div class=\"elementor-element elementor-element-161ca91 elementor-widget elementor-widget-spacer\" data-id=\"161ca91\" data-element_type=\"widget\" data-widget_type=\"spacer.default\">\n\t\t\t\t<div class=\"elementor-widget-container\">\n\t\t\t\t\t\t\t<div class=\"elementor-spacer\">\n\t\t\t<div class=\"elementor-spacer-inner\"><\/div>\n\t\t<\/div>\n\t\t\t\t\t\t<\/div>\n\t\t\t\t<\/div>\n\t\t\t\t<div class=\"elementor-element elementor-element-67c32fe elementor-widget elementor-widget-text-editor\" data-id=\"67c32fe\" data-element_type=\"widget\" data-widget_type=\"text-editor.default\">\n\t\t\t\t<div class=\"elementor-widget-container\">\n\t\t\t\t\t\t\t\t\t<h2>Hepsi est durablement avantageux<\/h2><p>Sur le site Hepsi-Markt de nombreux produits sont disponibles \u00e0 des prix bas permanents. Comparez vous-m\u00eame. Nos propres marques et de nombreux produits de marque turcs ont des prix imbattables sur Hepsi.<\/p><h2>Payer sans contact et retirer des esp\u00e8ces<\/h2><p>Sur Hepsi-Markt vous pouvez \u00e9galement payer sans contact. Nous acceptons les cartes de cr\u00e9dit Girocard, MasterCard, American Express et VISA.<\/p>\t\t\t\t\t\t\t\t<\/div>\n\t\t\t\t<\/div>\n\t\t\t\t\t<\/div>\n\t\t<\/div>\n\t\t\t\t\t<\/div>\n\t\t<\/section>\n\t\t\t\t<section class=\"elementor-section elementor-top-section elementor-element elementor-element-dde7a26 elementor-section-boxed elementor-section-height-default elementor-section-height-default\" data-id=\"dde7a26\" data-element_type=\"section\">\n\t\t\t\t\t\t<div class=\"elementor-container elementor-column-gap-default\">\n\t\t\t\t\t<div class=\"elementor-column elementor-col-20 elementor-top-column elementor-element elementor-element-2368f76\" data-id=\"2368f76\" data-element_type=\"column\">\n\t\t\t<div class=\"elementor-widget-wrap elementor-element-populated\">\n\t\t\t\t\t\t<div class=\"elementor-element elementor-element-6f58633 elementor-widget elementor-widget-image\" data-id=\"6f58633\" data-element_type=\"widget\" data-widget_type=\"image.default\">\n\t\t\t\t<div class=\"elementor-widget-container\">\n\t\t\t\t\t\t\t\t\t\t\t\t\t\t\t<img decoding=\"async\" src=\"https:\/\/hepsi-markt.de\/wp-content\/uploads\/04\/Label-kontaktlos-bezahlen-e1620817163474.jpg\" title=\"\" alt=\"\" loading=\"lazy\" \/>\t\t\t\t\t\t\t\t\t\t\t\t\t\t\t<\/div>\n\t\t\t\t<\/div>\n\t\t\t\t\t<\/div>\n\t\t<\/div>\n\t\t\t\t<div class=\"elementor-column elementor-col-20 elementor-top-column elementor-element elementor-element-3a8ae3c\" data-id=\"3a8ae3c\" data-element_type=\"column\">\n\t\t\t<div class=\"elementor-widget-wrap elementor-element-populated\">\n\t\t\t\t\t\t<div class=\"elementor-element elementor-element-ed065f3 elementor-widget elementor-widget-image\" data-id=\"ed065f3\" data-element_type=\"widget\" data-widget_type=\"image.default\">\n\t\t\t\t<div class=\"elementor-widget-container\">\n\t\t\t\t\t\t\t\t\t\t\t\t\t\t\t<img decoding=\"async\" src=\"https:\/\/hepsi-markt.de\/wp-content\/uploads\/04\/Label-girocard.png\" title=\"\" alt=\"\" loading=\"lazy\" \/>\t\t\t\t\t\t\t\t\t\t\t\t\t\t\t<\/div>\n\t\t\t\t<\/div>\n\t\t\t\t\t<\/div>\n\t\t<\/div>\n\t\t\t\t<div class=\"elementor-column elementor-col-20 elementor-top-column elementor-element elementor-element-cecc66e\" data-id=\"cecc66e\" data-element_type=\"column\">\n\t\t\t<div class=\"elementor-widget-wrap\">\n\t\t\t\t\t\t\t<\/div>\n\t\t<\/div>\n\t\t\t\t<div class=\"elementor-column elementor-col-20 elementor-top-column elementor-element elementor-element-7e1197a\" data-id=\"7e1197a\" data-element_type=\"column\">\n\t\t\t<div class=\"elementor-widget-wrap\">\n\t\t\t\t\t\t\t<\/div>\n\t\t<\/div>\n\t\t\t\t<div class=\"elementor-column elementor-col-20 elementor-top-column elementor-element elementor-element-464be97\" data-id=\"464be97\" data-element_type=\"column\">\n\t\t\t<div class=\"elementor-widget-wrap\">\n\t\t\t\t\t\t\t<\/div>\n\t\t<\/div>\n\t\t\t\t\t<\/div>\n\t\t<\/section>\n\t\t\t\t<section class=\"elementor-section elementor-top-section elementor-element elementor-element-7f1e6b3 elementor-section-boxed elementor-section-height-default elementor-section-height-default\" data-id=\"7f1e6b3\" data-element_type=\"section\">\n\t\t\t\t\t\t<div class=\"elementor-container elementor-column-gap-default\">\n\t\t\t\t\t<div class=\"elementor-column elementor-col-100 elementor-top-column elementor-element elementor-element-e1a8f32\" data-id=\"e1a8f32\" data-element_type=\"column\">\n\t\t\t<div class=\"elementor-widget-wrap elementor-element-populated\">\n\t\t\t\t\t\t<div class=\"elementor-element elementor-element-5634620 elementor-widget elementor-widget-text-editor\" data-id=\"5634620\" data-element_type=\"widget\" data-widget_type=\"text-editor.default\">\n\t\t\t\t<div class=\"elementor-widget-container\">\n\t\t\t\t\t\t\t\t\t<p>Utilise notre service Cashback : \u00e0 partir d&rsquo;un achat de 5 euros, tu peux retirer de l&rsquo;argent sans frais avec ta carte de paiement. Il suffit d&rsquo;indiquer le montant souhait\u00e9 \u00e0 la caisse Hepsi, de saisir le code PIN de la Girocard et de recevoir directement de l&rsquo;argent liquide.<\/p>\t\t\t\t\t\t\t\t<\/div>\n\t\t\t\t<\/div>\n\t\t\t\t<div class=\"elementor-element elementor-element-ae2c0b7 elementor-widget elementor-widget-spacer\" data-id=\"ae2c0b7\" data-element_type=\"widget\" data-widget_type=\"spacer.default\">\n\t\t\t\t<div class=\"elementor-widget-container\">\n\t\t\t\t\t\t\t<div class=\"elementor-spacer\">\n\t\t\t<div class=\"elementor-spacer-inner\"><\/div>\n\t\t<\/div>\n\t\t\t\t\t\t<\/div>\n\t\t\t\t<\/div>\n\t\t\t\t\t<\/div>\n\t\t<\/div>\n\t\t\t\t\t<\/div>\n\t\t<\/section>\n\t\t\t\t<section class=\"elementor-section elementor-top-section elementor-element elementor-element-e202342 elementor-section-boxed elementor-section-height-default elementor-section-height-default\" data-id=\"e202342\" data-element_type=\"section\">\n\t\t\t\t\t\t<div class=\"elementor-container elementor-column-gap-default\">\n\t\t\t\t\t<div class=\"elementor-column elementor-col-100 elementor-top-column elementor-element elementor-element-e9518a8\" data-id=\"e9518a8\" data-element_type=\"column\">\n\t\t\t<div class=\"elementor-widget-wrap\">\n\t\t\t\t\t\t\t<\/div>\n\t\t<\/div>\n\t\t\t\t\t<\/div>\n\t\t<\/section>\n\t\t\t\t<\/div>\n\t\t","protected":false},"excerpt":{"rendered":"<p>Promotions actuelles du Hepsi-Markt Hepsi-Super action : D\u00e9couvrez de Dienstag, den 04.05. bis Samstag, den 09.05.2026 de superbes offres \u00e0 des prix exceptionnels dans nos Hepsi-Markt magasins de M\u00fclheim an der Ruhr, Essen &amp; Leverkusen. Hepsi-Aper\u00e7u : D\u00e9couvrez de Montag, den 11.05. bis Samstag, den 16 .05.2026 tolle Angebote zu top Preisen in unseren Hepsi-Markt [&hellip;]<\/p>\n","protected":false},"author":1,"featured_media":0,"parent":0,"menu_order":0,"comment_status":"closed","ping_status":"closed","template":"elementor_header_footer","meta":{"_acf_changed":false,"footnotes":""},"class_list":["post-6392","page","type-page","status-publish","hentry"],"acf":[],"_links":{"self":[{"href":"https:\/\/hepsi-markt.de\/fr\/wp-json\/wp\/v2\/pages\/6392","targetHints":{"allow":["GET"]}}],"collection":[{"href":"https:\/\/hepsi-markt.de\/fr\/wp-json\/wp\/v2\/pages"}],"about":[{"href":"https:\/\/hepsi-markt.de\/fr\/wp-json\/wp\/v2\/types\/page"}],"author":[{"embeddable":true,"href":"https:\/\/hepsi-markt.de\/fr\/wp-json\/wp\/v2\/users\/1"}],"replies":[{"embeddable":true,"href":"https:\/\/hepsi-markt.de\/fr\/wp-json\/wp\/v2\/comments?post=6392"}],"version-history":[{"count":5,"href":"https:\/\/hepsi-markt.de\/fr\/wp-json\/wp\/v2\/pages\/6392\/revisions"}],"predecessor-version":[{"id":7831456,"href":"https:\/\/hepsi-markt.de\/fr\/wp-json\/wp\/v2\/pages\/6392\/revisions\/7831456"}],"wp:attachment":[{"href":"https:\/\/hepsi-markt.de\/fr\/wp-json\/wp\/v2\/media?parent=6392"}],"curies":[{"name":"wp","href":"https:\/\/api.w.org\/{rel}","templated":true}]}}