	{"id":6275,"date":"2021-04-26T11:37:26","date_gmt":"2021-04-26T09:37:26","guid":{"rendered":"https:\/\/hepsi-markt.de\/carriere\/"},"modified":"2024-12-11T09:43:35","modified_gmt":"2024-12-11T08:43:35","slug":"carriere","status":"publish","type":"page","link":"https:\/\/hepsi-markt.de\/fr\/carriere\/","title":{"rendered":"Carri\u00e8re"},"content":{"rendered":"\t\t<div data-elementor-type=\"wp-page\" data-elementor-id=\"6275\" class=\"elementor elementor-6275 elementor-684\" data-elementor-post-type=\"page\">\n\t\t\t\t\t\t<section class=\"elementor-section elementor-top-section elementor-element elementor-element-04e7d8d elementor-section-full_width elementor-section-height-default elementor-section-height-default\" data-id=\"04e7d8d\" data-element_type=\"section\">\n\t\t\t\t\t\t<div class=\"elementor-container elementor-column-gap-default\">\n\t\t\t\t\t<div class=\"elementor-column elementor-col-100 elementor-top-column elementor-element elementor-element-244805d\" data-id=\"244805d\" data-element_type=\"column\">\n\t\t\t<div class=\"elementor-widget-wrap\">\n\t\t\t\t\t\t\t<\/div>\n\t\t<\/div>\n\t\t\t\t\t<\/div>\n\t\t<\/section>\n\t\t\t\t<section class=\"elementor-section elementor-top-section elementor-element elementor-element-7518a9a8 elementor-section-full_width elementor-section-stretched elementor-section-height-default elementor-section-height-default\" data-id=\"7518a9a8\" data-element_type=\"section\" data-settings=\"{&quot;stretch_section&quot;:&quot;section-stretched&quot;}\">\n\t\t\t\t\t\t<div class=\"elementor-container elementor-column-gap-default\">\n\t\t\t\t\t<div class=\"elementor-column elementor-col-100 elementor-top-column elementor-element elementor-element-1fcf0c13\" data-id=\"1fcf0c13\" data-element_type=\"column\">\n\t\t\t<div class=\"elementor-widget-wrap elementor-element-populated\">\n\t\t\t\t\t\t<div class=\"elementor-element elementor-element-3387d7e7 elementor-widget elementor-widget-heading\" data-id=\"3387d7e7\" data-element_type=\"widget\" data-widget_type=\"heading.default\">\n\t\t\t\t<div class=\"elementor-widget-container\">\n\t\t\t\t\t<h1 class=\"elementor-heading-title elementor-size-default\">Faire carri\u00e8re chez Hepsi, c'est payant<\/h1>\t\t\t\t<\/div>\n\t\t\t\t<\/div>\n\t\t\t\t<div class=\"elementor-element elementor-element-9c33601 elementor-widget elementor-widget-html\" data-id=\"9c33601\" data-element_type=\"widget\" data-widget_type=\"html.default\">\n\t\t\t\t<div class=\"elementor-widget-container\">\n\t\t\t\t\t[conversion-pixel pixel=\"meta\" meta-event=\"ViewCareer\"]\t\t\t\t<\/div>\n\t\t\t\t<\/div>\n\t\t\t\t\t<\/div>\n\t\t<\/div>\n\t\t\t\t\t<\/div>\n\t\t<\/section>\n\t\t\t\t<section class=\"elementor-section elementor-top-section elementor-element elementor-element-7f2aaa5a elementor-section-boxed elementor-section-height-default elementor-section-height-default\" data-id=\"7f2aaa5a\" data-element_type=\"section\">\n\t\t\t\t\t\t<div class=\"elementor-container elementor-column-gap-default\">\n\t\t\t\t\t<div class=\"elementor-column elementor-col-33 elementor-top-column elementor-element elementor-element-5dcfc6ec\" data-id=\"5dcfc6ec\" data-element_type=\"column\">\n\t\t\t<div class=\"elementor-widget-wrap elementor-element-populated\">\n\t\t\t\t\t\t<div class=\"elementor-element elementor-element-6a2e1a91 elementor-widget elementor-widget-spacer\" data-id=\"6a2e1a91\" data-element_type=\"widget\" data-widget_type=\"spacer.default\">\n\t\t\t\t<div class=\"elementor-widget-container\">\n\t\t\t\t\t\t\t<div class=\"elementor-spacer\">\n\t\t\t<div class=\"elementor-spacer-inner\"><\/div>\n\t\t<\/div>\n\t\t\t\t\t\t<\/div>\n\t\t\t\t<\/div>\n\t\t\t\t<div class=\"elementor-element elementor-element-d953970 elementor-view-default elementor-position-top elementor-mobile-position-top elementor-widget elementor-widget-icon-box\" data-id=\"d953970\" data-element_type=\"widget\" data-widget_type=\"icon-box.default\">\n\t\t\t\t<div class=\"elementor-widget-container\">\n\t\t\t\t\t\t\t<div class=\"elementor-icon-box-wrapper\">\n\n\t\t\t\t\t\t<div class=\"elementor-icon-box-icon\">\n\t\t\t\t<a href=\"https:\/\/hepsi-markt.de\/fr\/carriere\/emplois-logistique\/\" class=\"elementor-icon\" tabindex=\"-1\" aria-label=\"Emplois dans la logistique\">\n\t\t\t\t<svg xmlns=\"http:\/\/www.w3.org\/2000\/svg\" viewBox=\"0 0 51.02 51.02\"><defs><style>.cls-1{fill:#a5c400;}<\/style><\/defs><g id=\"Ebene_2\" data-name=\"Ebene 2\"><path class=\"cls-1\" d=\"M35.77,31.72a47.92,47.92,0,0,0,3.79-19A34.71,34.71,0,0,0,29.14,26.66a48,48,0,0,0-3.79-19,48.44,48.44,0,0,0-3.81,19.06,34.77,34.77,0,0,0-10.41-14,48.37,48.37,0,0,0,3.81,19A23.33,23.33,0,0,0,.72,26.67C6,38.82,15.51,45.61,25.3,45.65l0,0v0h0v0l0,0a23.1,23.1,0,0,0,14.21-5.09A34.74,34.74,0,0,0,50,26.65,23.07,23.07,0,0,0,35.77,31.72ZM25.33,45.63Z\"><\/path><\/g><\/svg>\t\t\t\t<\/a>\n\t\t\t<\/div>\n\t\t\t\n\t\t\t\t\t\t<div class=\"elementor-icon-box-content\">\n\n\t\t\t\t\t\t\t\t\t<h3 class=\"elementor-icon-box-title\">\n\t\t\t\t\t\t<a href=\"https:\/\/hepsi-markt.de\/fr\/carriere\/emplois-logistique\/\" >\n\t\t\t\t\t\t\tEmplois dans la logistique\t\t\t\t\t\t<\/a>\n\t\t\t\t\t<\/h3>\n\t\t\t\t\n\t\t\t\t\t\t\t\t\t<p class=\"elementor-icon-box-description\">\n\t\t\t\t\t\tInformez-vous et postulez maintenant !\t\t\t\t\t<\/p>\n\t\t\t\t\n\t\t\t<\/div>\n\t\t\t\n\t\t<\/div>\n\t\t\t\t\t\t<\/div>\n\t\t\t\t<\/div>\n\t\t\t\t\t<\/div>\n\t\t<\/div>\n\t\t\t\t<div class=\"elementor-column elementor-col-33 elementor-top-column elementor-element elementor-element-06c4090\" data-id=\"06c4090\" data-element_type=\"column\">\n\t\t\t<div class=\"elementor-widget-wrap elementor-element-populated\">\n\t\t\t\t\t\t<div class=\"elementor-element elementor-element-6ee9db0 elementor-widget elementor-widget-spacer\" data-id=\"6ee9db0\" data-element_type=\"widget\" data-widget_type=\"spacer.default\">\n\t\t\t\t<div class=\"elementor-widget-container\">\n\t\t\t\t\t\t\t<div class=\"elementor-spacer\">\n\t\t\t<div class=\"elementor-spacer-inner\"><\/div>\n\t\t<\/div>\n\t\t\t\t\t\t<\/div>\n\t\t\t\t<\/div>\n\t\t\t\t<div class=\"elementor-element elementor-element-3be9da2 elementor-view-default elementor-position-top elementor-mobile-position-top elementor-widget elementor-widget-icon-box\" data-id=\"3be9da2\" data-element_type=\"widget\" data-widget_type=\"icon-box.default\">\n\t\t\t\t<div class=\"elementor-widget-container\">\n\t\t\t\t\t\t\t<div class=\"elementor-icon-box-wrapper\">\n\n\t\t\t\t\t\t<div class=\"elementor-icon-box-icon\">\n\t\t\t\t<a href=\"https:\/\/hepsi-markt.de\/fr\/carriere\/carriere-dans-la-vente\/\" class=\"elementor-icon\" tabindex=\"-1\" aria-label=\"Travailler dans la vente\">\n\t\t\t\t<svg xmlns=\"http:\/\/www.w3.org\/2000\/svg\" viewBox=\"0 0 51.02 51.02\"><defs><style>.cls-1{fill:#a5c400;}<\/style><\/defs><g id=\"Ebene_2\" data-name=\"Ebene 2\"><path class=\"cls-1\" d=\"M35.77,31.72a47.92,47.92,0,0,0,3.79-19A34.71,34.71,0,0,0,29.14,26.66a48,48,0,0,0-3.79-19,48.44,48.44,0,0,0-3.81,19.06,34.77,34.77,0,0,0-10.41-14,48.37,48.37,0,0,0,3.81,19A23.33,23.33,0,0,0,.72,26.67C6,38.82,15.51,45.61,25.3,45.65l0,0v0h0v0l0,0a23.1,23.1,0,0,0,14.21-5.09A34.74,34.74,0,0,0,50,26.65,23.07,23.07,0,0,0,35.77,31.72ZM25.33,45.63Z\"><\/path><\/g><\/svg>\t\t\t\t<\/a>\n\t\t\t<\/div>\n\t\t\t\n\t\t\t\t\t\t<div class=\"elementor-icon-box-content\">\n\n\t\t\t\t\t\t\t\t\t<h3 class=\"elementor-icon-box-title\">\n\t\t\t\t\t\t<a href=\"https:\/\/hepsi-markt.de\/fr\/carriere\/carriere-dans-la-vente\/\" >\n\t\t\t\t\t\t\tTravailler dans la vente\t\t\t\t\t\t<\/a>\n\t\t\t\t\t<\/h3>\n\t\t\t\t\n\t\t\t\t\t\t\t\t\t<p class=\"elementor-icon-box-description\">\n\t\t\t\t\t\tInformez-vous et postulez maintenant !\t\t\t\t\t<\/p>\n\t\t\t\t\n\t\t\t<\/div>\n\t\t\t\n\t\t<\/div>\n\t\t\t\t\t\t<\/div>\n\t\t\t\t<\/div>\n\t\t\t\t\t<\/div>\n\t\t<\/div>\n\t\t\t\t<div class=\"elementor-column elementor-col-33 elementor-top-column elementor-element elementor-element-576ed14\" data-id=\"576ed14\" data-element_type=\"column\">\n\t\t\t<div class=\"elementor-widget-wrap elementor-element-populated\">\n\t\t\t\t\t\t<div class=\"elementor-element elementor-element-dac2b76 elementor-widget elementor-widget-spacer\" data-id=\"dac2b76\" data-element_type=\"widget\" data-widget_type=\"spacer.default\">\n\t\t\t\t<div class=\"elementor-widget-container\">\n\t\t\t\t\t\t\t<div class=\"elementor-spacer\">\n\t\t\t<div class=\"elementor-spacer-inner\"><\/div>\n\t\t<\/div>\n\t\t\t\t\t\t<\/div>\n\t\t\t\t<\/div>\n\t\t\t\t<div class=\"elementor-element elementor-element-341f518 elementor-view-default elementor-position-top elementor-mobile-position-top elementor-widget elementor-widget-icon-box\" data-id=\"341f518\" data-element_type=\"widget\" data-widget_type=\"icon-box.default\">\n\t\t\t\t<div class=\"elementor-widget-container\">\n\t\t\t\t\t\t\t<div class=\"elementor-icon-box-wrapper\">\n\n\t\t\t\t\t\t<div class=\"elementor-icon-box-icon\">\n\t\t\t\t<a href=\"https:\/\/hepsi-markt.de\/fr\/carriere\/carriere-formation\/\" class=\"elementor-icon\" tabindex=\"-1\" aria-label=\"Devenez apprenti chez Hepsi\">\n\t\t\t\t<svg xmlns=\"http:\/\/www.w3.org\/2000\/svg\" viewBox=\"0 0 51.02 51.02\"><defs><style>.cls-1{fill:#a5c400;}<\/style><\/defs><g id=\"Ebene_2\" data-name=\"Ebene 2\"><path class=\"cls-1\" d=\"M35.77,31.72a47.92,47.92,0,0,0,3.79-19A34.71,34.71,0,0,0,29.14,26.66a48,48,0,0,0-3.79-19,48.44,48.44,0,0,0-3.81,19.06,34.77,34.77,0,0,0-10.41-14,48.37,48.37,0,0,0,3.81,19A23.33,23.33,0,0,0,.72,26.67C6,38.82,15.51,45.61,25.3,45.65l0,0v0h0v0l0,0a23.1,23.1,0,0,0,14.21-5.09A34.74,34.74,0,0,0,50,26.65,23.07,23.07,0,0,0,35.77,31.72ZM25.33,45.63Z\"><\/path><\/g><\/svg>\t\t\t\t<\/a>\n\t\t\t<\/div>\n\t\t\t\n\t\t\t\t\t\t<div class=\"elementor-icon-box-content\">\n\n\t\t\t\t\t\t\t\t\t<h3 class=\"elementor-icon-box-title\">\n\t\t\t\t\t\t<a href=\"https:\/\/hepsi-markt.de\/fr\/carriere\/carriere-formation\/\" >\n\t\t\t\t\t\t\tDevenez apprenti chez Hepsi\t\t\t\t\t\t<\/a>\n\t\t\t\t\t<\/h3>\n\t\t\t\t\n\t\t\t\t\t\t\t\t\t<p class=\"elementor-icon-box-description\">\n\t\t\t\t\t\tInformez-vous et postulez maintenant !\t\t\t\t\t<\/p>\n\t\t\t\t\n\t\t\t<\/div>\n\t\t\t\n\t\t<\/div>\n\t\t\t\t\t\t<\/div>\n\t\t\t\t<\/div>\n\t\t\t\t\t<\/div>\n\t\t<\/div>\n\t\t\t\t\t<\/div>\n\t\t<\/section>\n\t\t\t\t<section class=\"elementor-section elementor-top-section elementor-element elementor-element-3f1262c elementor-section-boxed elementor-section-height-default elementor-section-height-default\" data-id=\"3f1262c\" data-element_type=\"section\">\n\t\t\t\t\t\t<div class=\"elementor-container elementor-column-gap-default\">\n\t\t\t\t\t<div class=\"elementor-column elementor-col-100 elementor-top-column elementor-element elementor-element-2309679\" data-id=\"2309679\" data-element_type=\"column\">\n\t\t\t<div class=\"elementor-widget-wrap elementor-element-populated\">\n\t\t\t\t\t\t<div class=\"elementor-element elementor-element-5a2d1c4 elementor-widget elementor-widget-spacer\" data-id=\"5a2d1c4\" data-element_type=\"widget\" data-widget_type=\"spacer.default\">\n\t\t\t\t<div class=\"elementor-widget-container\">\n\t\t\t\t\t\t\t<div class=\"elementor-spacer\">\n\t\t\t<div class=\"elementor-spacer-inner\"><\/div>\n\t\t<\/div>\n\t\t\t\t\t\t<\/div>\n\t\t\t\t<\/div>\n\t\t\t\t\t<\/div>\n\t\t<\/div>\n\t\t\t\t\t<\/div>\n\t\t<\/section>\n\t\t\t\t<section class=\"elementor-section elementor-top-section elementor-element elementor-element-3d5677e6 elementor-section-boxed elementor-section-height-default elementor-section-height-default\" data-id=\"3d5677e6\" data-element_type=\"section\">\n\t\t\t\t\t\t<div class=\"elementor-container elementor-column-gap-default\">\n\t\t\t\t\t<div class=\"elementor-column elementor-col-100 elementor-top-column elementor-element elementor-element-3d226e99\" data-id=\"3d226e99\" data-element_type=\"column\">\n\t\t\t<div class=\"elementor-widget-wrap elementor-element-populated\">\n\t\t\t\t\t\t<div class=\"elementor-element elementor-element-11490d1a elementor-widget elementor-widget-text-editor\" data-id=\"11490d1a\" data-element_type=\"widget\" data-widget_type=\"text-editor.default\">\n\t\t\t\t<div class=\"elementor-widget-container\">\n\t\t\t\t\t\t\t\t\t<h2><strong>Hepsi-Markt &#8211; un employeur attrayant pour un avenir s\u00fbr<\/strong><\/h2>\n<p>Si vous souhaitez prendre des responsabilit\u00e9s et montrer ce que vous avez dans le ventre, un avenir plein de perspectives et de possibilit\u00e9s d&rsquo;\u00e9volution vous attend chez Hepsi. Du vendeur au directeur de magasin &#8211; de nombreux parcours sont imaginables. Nous aidons nos collaborateurs \u00e0 se familiariser progressivement avec de nouvelles t\u00e2ches chez Hepsi et \u00e0 en sortir grandis. De mani\u00e8re g\u00e9n\u00e9rale, chacun a la possibilit\u00e9 d&rsquo;\u00e9voluer l\u00e0 o\u00f9 il pr\u00e9f\u00e8re et o\u00f9 il peut le mieux d\u00e9velopper ses performances. C&rsquo;est ce que nous entendons par une collaboration durable et une r\u00e9ussite commune.<\/p>\n\t\t\t\t\t\t\t\t<\/div>\n\t\t\t\t<\/div>\n\t\t\t\t<div class=\"elementor-element elementor-element-4f2567ca elementor-widget elementor-widget-spacer\" data-id=\"4f2567ca\" data-element_type=\"widget\" data-widget_type=\"spacer.default\">\n\t\t\t\t<div class=\"elementor-widget-container\">\n\t\t\t\t\t\t\t<div class=\"elementor-spacer\">\n\t\t\t<div class=\"elementor-spacer-inner\"><\/div>\n\t\t<\/div>\n\t\t\t\t\t\t<\/div>\n\t\t\t\t<\/div>\n\t\t\t\t\t<\/div>\n\t\t<\/div>\n\t\t\t\t\t<\/div>\n\t\t<\/section>\n\t\t\t\t<section class=\"elementor-section elementor-top-section elementor-element elementor-element-2f83fb7c elementor-section-boxed elementor-section-height-default elementor-section-height-default\" data-id=\"2f83fb7c\" data-element_type=\"section\">\n\t\t\t\t\t\t<div class=\"elementor-container elementor-column-gap-default\">\n\t\t\t\t\t<div class=\"elementor-column elementor-col-100 elementor-top-column elementor-element elementor-element-7ffe08a5\" data-id=\"7ffe08a5\" data-element_type=\"column\">\n\t\t\t<div class=\"elementor-widget-wrap elementor-element-populated\">\n\t\t\t\t\t\t<div class=\"elementor-element elementor-element-49673fa1 elementor-widget elementor-widget-image\" data-id=\"49673fa1\" data-element_type=\"widget\" data-widget_type=\"image.default\">\n\t\t\t\t<div class=\"elementor-widget-container\">\n\t\t\t\t\t\t\t\t\t\t\t\t\t\t\t<img fetchpriority=\"high\" decoding=\"async\" width=\"2560\" height=\"1280\" src=\"https:\/\/hepsi-markt.de\/wp-content\/uploads\/2024\/12\/Hepsi-Filialleiter-2.jpg\" class=\"attachment-full size-full wp-image-7644972\" alt=\"Hepsi Karriere\" srcset=\"https:\/\/hepsi-markt.de\/wp-content\/uploads\/2024\/12\/Hepsi-Filialleiter-2.jpg 2560w, https:\/\/hepsi-markt.de\/wp-content\/uploads\/2024\/12\/Hepsi-Filialleiter-2-300x150.jpg 300w, https:\/\/hepsi-markt.de\/wp-content\/uploads\/2024\/12\/Hepsi-Filialleiter-2-1024x512.jpg 1024w, https:\/\/hepsi-markt.de\/wp-content\/uploads\/2024\/12\/Hepsi-Filialleiter-2-768x384.jpg 768w, https:\/\/hepsi-markt.de\/wp-content\/uploads\/2024\/12\/Hepsi-Filialleiter-2-1536x768.jpg 1536w, https:\/\/hepsi-markt.de\/wp-content\/uploads\/2024\/12\/Hepsi-Filialleiter-2-2048x1024.jpg 2048w, https:\/\/hepsi-markt.de\/wp-content\/uploads\/2024\/12\/Hepsi-Filialleiter-2-500x250.jpg 500w\" sizes=\"(max-width: 2560px) 100vw, 2560px\" \/>\t\t\t\t\t\t\t\t\t\t\t\t\t\t\t<\/div>\n\t\t\t\t<\/div>\n\t\t\t\t<div class=\"elementor-element elementor-element-64bd6c2c bu elementor-widget elementor-widget-text-editor\" data-id=\"64bd6c2c\" data-element_type=\"widget\" data-widget_type=\"text-editor.default\">\n\t\t\t\t<div class=\"elementor-widget-container\">\n\t\t\t\t\t\t\t\t\t<p>Rejoignez l&rsquo;\u00e9quipe Hepsi<\/p>\n\t\t\t\t\t\t\t\t<\/div>\n\t\t\t\t<\/div>\n\t\t\t\t\t<\/div>\n\t\t<\/div>\n\t\t\t\t\t<\/div>\n\t\t<\/section>\n\t\t\t\t<section class=\"elementor-section elementor-top-section elementor-element elementor-element-7b67cac elementor-section-boxed elementor-section-height-default elementor-section-height-default\" data-id=\"7b67cac\" data-element_type=\"section\">\n\t\t\t\t\t\t<div class=\"elementor-container elementor-column-gap-default\">\n\t\t\t\t\t<div class=\"elementor-column elementor-col-100 elementor-top-column elementor-element elementor-element-2a922dfb\" data-id=\"2a922dfb\" data-element_type=\"column\">\n\t\t\t<div class=\"elementor-widget-wrap elementor-element-populated\">\n\t\t\t\t\t\t<div class=\"elementor-element elementor-element-594864b1 elementor-widget elementor-widget-text-editor\" data-id=\"594864b1\" data-element_type=\"widget\" data-widget_type=\"text-editor.default\">\n\t\t\t\t<div class=\"elementor-widget-container\">\n\t\t\t\t\t\t\t\t\t<h2><strong>Des salaires \u00e9quitables<\/strong><\/h2>\n<p>Tout le monde a la m\u00eame chance de se d\u00e9velopper personnellement et professionnellement chez Hepsi, et tout le monde re\u00e7oit le m\u00eame salaire \u00e0 poste \u00e9gal. Nous payons un salaire de d\u00e9part sup\u00e9rieur \u00e0 la convention collective d&rsquo;au moins 14\u20ac\/heure, voire beaucoup plus en fonction de l&rsquo;exp\u00e9rience professionnelle. Un emploi \u00e0 temps plein chez Hepsi permet donc de gagner plus de 2.400\u20ac\/mois, quel que soit le domaine. M\u00eame les employ\u00e9s sans dipl\u00f4me de formation professionnelle ainsi que les travailleurs peu qualifi\u00e9s et les int\u00e9rimaires b\u00e9n\u00e9ficient du salaire minimum de d\u00e9part attractif chez Hepsi. <\/p>\n<h2>Des conditions de travail \u00e9quitables<\/h2>\n<p>Nous voulons que nos collaborateurs puissent se concentrer pleinement sur leur m\u00e9tier chez Hepsi et n&rsquo;aient pas \u00e0 s&rsquo;inqui\u00e9ter de leur avenir. C&rsquo;est pourquoi nous proposons g\u00e9n\u00e9ralement un contrat de travail \u00e0 dur\u00e9e ind\u00e9termin\u00e9e. Nos collaborateurs soumis \u00e0 la convention collective b\u00e9n\u00e9ficient d&rsquo;un d\u00e9compte du temps de travail \u00e0 la minute pr\u00e8s. Si des heures suppl\u00e9mentaires sont effectu\u00e9es, elles sont directement enregistr\u00e9es et peuvent \u00eatre pay\u00e9es ou, apr\u00e8s accord, \u00eatre r\u00e9duites par une compensation en temps.<\/p>\n<h2>Respect et estime au sein d&rsquo;une \u00e9quipe formidable<\/h2>\n<p>Au sein de Hepsi-Markt nous attachons une grande importance \u00e0 une atmosph\u00e8re agr\u00e9able au sein de l&rsquo;\u00e9quipe, \u00e0 des relations respectueuses et \u00e0 une estime mutuelle. En effet, seuls les collaborateurs qui se sentent bien au travail peuvent fournir de bonnes prestations et acqu\u00e9rir des exp\u00e9riences positives dans leur environnement. Nous appr\u00e9cions les comp\u00e9tences et les id\u00e9es de nos collaborateurs d&rsquo;origines culturelles ou ethniques diff\u00e9rentes et sommes fiers d&#8217;employer des personnes de nombreuses nationalit\u00e9s. Pour nous, le respect de tous est une \u00e9vidence, quel que soit le sexe, l&rsquo;origine ou la religion.<\/p>\t\t\t\t\t\t\t\t<\/div>\n\t\t\t\t<\/div>\n\t\t\t\t<div class=\"elementor-element elementor-element-b9c55fd elementor-blockquote--skin-quotation elementor-blockquote--align-left elementor-widget elementor-widget-blockquote\" data-id=\"b9c55fd\" data-element_type=\"widget\" data-widget_type=\"blockquote.default\">\n\t\t\t\t<div class=\"elementor-widget-container\">\n\t\t\t\t\t\t\t<blockquote class=\"elementor-blockquote\">\n\t\t\t<p class=\"elementor-blockquote__content\">\n\t\t\t\t\"Ce que j'aime chez Hepsi, c'est que l'on peut faire carri\u00e8re. Mon sup\u00e9rieur a vu que je m'investissais pleinement et que j'\u00e9tais pr\u00eat \u00e0 prendre des responsabilit\u00e9s. J'ai pu suivre une formation continue et je vais bient\u00f4t passer \u00e0 un poste de direction.\n\t\t\t<\/p>\n\t\t\t\t\t<\/blockquote>\n\t\t\t\t\t\t<\/div>\n\t\t\t\t<\/div>\n\t\t\t\t<div class=\"elementor-element elementor-element-7109db2 elementor-widget elementor-widget-spacer\" data-id=\"7109db2\" data-element_type=\"widget\" data-widget_type=\"spacer.default\">\n\t\t\t\t<div class=\"elementor-widget-container\">\n\t\t\t\t\t\t\t<div class=\"elementor-spacer\">\n\t\t\t<div class=\"elementor-spacer-inner\"><\/div>\n\t\t<\/div>\n\t\t\t\t\t\t<\/div>\n\t\t\t\t<\/div>\n\t\t\t\t\t<\/div>\n\t\t<\/div>\n\t\t\t\t\t<\/div>\n\t\t<\/section>\n\t\t\t\t<\/div>\n\t\t","protected":false},"excerpt":{"rendered":"<p>Faire carri\u00e8re chez Hepsi, c&rsquo;est payant [conversion-pixel pixel=\u00a0\u00bbmeta\u00a0\u00bb meta-event=\u00a0\u00bbViewCareer\u00a0\u00bb] Emplois dans la logistique Informez-vous et postulez maintenant ! Travailler dans la vente Informez-vous et postulez maintenant ! Devenez apprenti chez Hepsi Informez-vous et postulez maintenant ! Hepsi-Markt &#8211; un employeur attrayant pour un avenir s\u00fbr Si vous souhaitez prendre des responsabilit\u00e9s et montrer ce que [&hellip;]<\/p>\n","protected":false},"author":1,"featured_media":0,"parent":0,"menu_order":0,"comment_status":"closed","ping_status":"closed","template":"elementor_header_footer","meta":{"_acf_changed":false,"footnotes":""},"class_list":["post-6275","page","type-page","status-publish","hentry"],"acf":[],"_links":{"self":[{"href":"https:\/\/hepsi-markt.de\/fr\/wp-json\/wp\/v2\/pages\/6275","targetHints":{"allow":["GET"]}}],"collection":[{"href":"https:\/\/hepsi-markt.de\/fr\/wp-json\/wp\/v2\/pages"}],"about":[{"href":"https:\/\/hepsi-markt.de\/fr\/wp-json\/wp\/v2\/types\/page"}],"author":[{"embeddable":true,"href":"https:\/\/hepsi-markt.de\/fr\/wp-json\/wp\/v2\/users\/1"}],"replies":[{"embeddable":true,"href":"https:\/\/hepsi-markt.de\/fr\/wp-json\/wp\/v2\/comments?post=6275"}],"version-history":[{"count":2,"href":"https:\/\/hepsi-markt.de\/fr\/wp-json\/wp\/v2\/pages\/6275\/revisions"}],"predecessor-version":[{"id":7661196,"href":"https:\/\/hepsi-markt.de\/fr\/wp-json\/wp\/v2\/pages\/6275\/revisions\/7661196"}],"wp:attachment":[{"href":"https:\/\/hepsi-markt.de\/fr\/wp-json\/wp\/v2\/media?parent=6275"}],"curies":[{"name":"wp","href":"https:\/\/api.w.org\/{rel}","templated":true}]}}