	{"id":7831909,"date":"2026-05-08T02:50:51","date_gmt":"2026-05-08T00:50:51","guid":{"rendered":"https:\/\/hepsi-markt.de\/produkt\/oeztuerk-joghurt-35-2\/"},"modified":"2026-05-08T02:50:51","modified_gmt":"2026-05-08T00:50:51","slug":"oeztuerk-joghurt-35-2","status":"publish","type":"product","link":"https:\/\/hepsi-markt.de\/es\/produkt\/oeztuerk-joghurt-35-2\/","title":{"rendered":"\u00d6zt\u00fcrk Joghurt 3,5%"},"content":{"rendered":"<p>\u00d6zt\u00fcrk Joghurt 3,5% 1kg<\/p>\n","protected":false},"excerpt":{"rendered":"<p>1000 G<br \/>1000 Gramm = 1,59<\/p>\n","protected":false},"featured_media":7729844,"template":"","meta":{"_acf_changed":false},"product_brand":[],"product_cat":[393],"product_tag":[],"class_list":{"0":"post-7831909","1":"product","2":"type-product","3":"status-publish","4":"has-post-thumbnail","6":"product_cat-kaese-eier-molkerei","8":"first","9":"outofstock","10":"shipping-taxable","11":"product-type-simple"},"acf":[],"_links":{"self":[{"href":"https:\/\/hepsi-markt.de\/es\/wp-json\/wp\/v2\/product\/7831909","targetHints":{"allow":["GET"]}}],"collection":[{"href":"https:\/\/hepsi-markt.de\/es\/wp-json\/wp\/v2\/product"}],"about":[{"href":"https:\/\/hepsi-markt.de\/es\/wp-json\/wp\/v2\/types\/product"}],"wp:featuredmedia":[{"embeddable":true,"href":"https:\/\/hepsi-markt.de\/es\/wp-json\/wp\/v2\/media\/7729844"}],"wp:attachment":[{"href":"https:\/\/hepsi-markt.de\/es\/wp-json\/wp\/v2\/media?parent=7831909"}],"wp:term":[{"taxonomy":"product_brand","embeddable":true,"href":"https:\/\/hepsi-markt.de\/es\/wp-json\/wp\/v2\/product_brand?post=7831909"},{"taxonomy":"product_cat","embeddable":true,"href":"https:\/\/hepsi-markt.de\/es\/wp-json\/wp\/v2\/product_cat?post=7831909"},{"taxonomy":"product_tag","embeddable":true,"href":"https:\/\/hepsi-markt.de\/es\/wp-json\/wp\/v2\/product_tag?post=7831909"}],"curies":[{"name":"wp","href":"https:\/\/api.w.org\/{rel}","templated":true}]}}