	{"id":7653320,"date":"2024-12-06T18:25:41","date_gmt":"2024-12-06T17:25:41","guid":{"rendered":"https:\/\/hepsi-markt.de\/produkt\/maun-blaetterteig-milfoey-hamuru-1kg\/"},"modified":"2026-04-05T02:42:37","modified_gmt":"2026-04-05T00:42:37","slug":"maun-blaetterteig-milfoey-hamuru-1kg","status":"publish","type":"product","link":"https:\/\/hepsi-markt.de\/es\/produkt\/maun-blaetterteig-milfoey-hamuru-1kg\/","title":{"rendered":"Maun Bl\u00e4tterteig Milf\u00f6y Hamuru 1kg"},"content":{"rendered":"<p>Maun Bl\u00e4tterteig Milf\u00f6y Hamuru 1kg<\/p>\n","protected":false},"excerpt":{"rendered":"<p>1Kg<br \/>1000 Gramm = 3.990<\/p>\n","protected":false},"featured_media":7769323,"template":"","meta":{"_acf_changed":false},"product_brand":[],"product_cat":[398],"product_tag":[],"class_list":{"0":"post-7653320","1":"product","2":"type-product","3":"status-publish","4":"has-post-thumbnail","6":"product_cat-tiefkuehlwaren","8":"first","9":"instock","10":"shipping-taxable","11":"product-type-simple"},"acf":[],"_links":{"self":[{"href":"https:\/\/hepsi-markt.de\/es\/wp-json\/wp\/v2\/product\/7653320","targetHints":{"allow":["GET"]}}],"collection":[{"href":"https:\/\/hepsi-markt.de\/es\/wp-json\/wp\/v2\/product"}],"about":[{"href":"https:\/\/hepsi-markt.de\/es\/wp-json\/wp\/v2\/types\/product"}],"wp:featuredmedia":[{"embeddable":true,"href":"https:\/\/hepsi-markt.de\/es\/wp-json\/wp\/v2\/media\/7769323"}],"wp:attachment":[{"href":"https:\/\/hepsi-markt.de\/es\/wp-json\/wp\/v2\/media?parent=7653320"}],"wp:term":[{"taxonomy":"product_brand","embeddable":true,"href":"https:\/\/hepsi-markt.de\/es\/wp-json\/wp\/v2\/product_brand?post=7653320"},{"taxonomy":"product_cat","embeddable":true,"href":"https:\/\/hepsi-markt.de\/es\/wp-json\/wp\/v2\/product_cat?post=7653320"},{"taxonomy":"product_tag","embeddable":true,"href":"https:\/\/hepsi-markt.de\/es\/wp-json\/wp\/v2\/product_tag?post=7653320"}],"curies":[{"name":"wp","href":"https:\/\/api.w.org\/{rel}","templated":true}]}}