	{"id":6668,"date":"2023-05-28T10:30:56","date_gmt":"2023-05-28T08:30:56","guid":{"rendered":"https:\/\/hepsi-markt.de\/condiciones-de-participacion-en-el-concurso-instagram-hasta-el-13-08-2023\/"},"modified":"2024-01-16T18:21:52","modified_gmt":"2024-01-16T17:21:52","slug":"condiciones-de-participacion-en-el-concurso-instagram-hasta-el-13-08-2023","status":"publish","type":"page","link":"https:\/\/hepsi-markt.de\/es\/condiciones-de-participacion-en-el-concurso-instagram-hasta-el-13-08-2023\/","title":{"rendered":"Condiciones de participaci\u00f3n en el concurso (Instagram) hasta el 13.08.2023"},"content":{"rendered":"\t\t<div data-elementor-type=\"wp-page\" data-elementor-id=\"6668\" class=\"elementor elementor-6668 elementor-4052\" data-elementor-post-type=\"page\">\n\t\t\t\t\t\t<section class=\"elementor-section elementor-top-section elementor-element elementor-element-3773008 elementor-section-boxed elementor-section-height-default elementor-section-height-default\" data-id=\"3773008\" data-element_type=\"section\">\n\t\t\t\t\t\t<div class=\"elementor-container elementor-column-gap-default\">\n\t\t\t\t\t<div class=\"elementor-column elementor-col-100 elementor-top-column elementor-element elementor-element-655c3b0\" data-id=\"655c3b0\" data-element_type=\"column\">\n\t\t\t<div class=\"elementor-widget-wrap elementor-element-populated\">\n\t\t\t\t\t\t<div class=\"elementor-element elementor-element-23d4ef8 elementor-widget elementor-widget-heading\" data-id=\"23d4ef8\" data-element_type=\"widget\" data-widget_type=\"heading.default\">\n\t\t\t\t<div class=\"elementor-widget-container\">\n\t\t\t\t\t<h2 class=\"elementor-heading-title elementor-size-default\">Condiciones de participaci\u00f3n concurso (Instagram) hasta 09.09.2023<\/h2>\t\t\t\t<\/div>\n\t\t\t\t<\/div>\n\t\t\t\t<div class=\"elementor-element elementor-element-ac65ffd elementor-widget elementor-widget-text-editor\" data-id=\"ac65ffd\" data-element_type=\"widget\" data-widget_type=\"text-editor.default\">\n\t\t\t\t<div class=\"elementor-widget-container\">\n\t\t\t\t\t\t\t\t\t<p style=\"font-weight: 400;\">Condiciones de participaci\u00f3n en el concurso (Instagram)<\/p>\n<p style=\"font-weight: 400;\">\n<p style=\"font-weight: 400;\">Organizador:<\/p>\n<p style=\"font-weight: 400;\">Hepsi-Markt<\/p>\n<p style=\"font-weight: 400;\">Lutz Ottof\u00fclling<\/p>\n<p style=\"font-weight: 400;\">Calle K\u00fcppersteger 3<\/p>\n<p style=\"font-weight: 400;\">51373 Leverkusen<\/p>\n<p style=\"font-weight: 400;\">\n<p style=\"font-weight: 400;\">\n<p style=\"font-weight: 400;\">Participantes:<\/p>\n<p style=\"font-weight: 400;\">Solo pueden participar en el concurso los seguidores de nuestra p\u00e1gina, es decir, la p\u00e1gina de Instagram \u00bb hepsimarkt\u00bb (@hepsimarkt). Cada persona f\u00edsica s\u00f3lo puede participar una vez en el concurso. Participaci\u00f3n s\u00f3lo a partir de 18 a\u00f1os, participantes residentes en Alemania. Quedan excluidos los empleados de la empresa u otras personas directamente implicadas en la organizaci\u00f3n del concurso.<\/p>\n<p style=\"font-weight: 400;\">\n<p style=\"font-weight: 400;\">\n<p style=\"font-weight: 400;\">Beneficios:<\/p>\n<p style=\"font-weight: 400;\">Se sortear\u00e1n dos patinetes el\u00e9ctricos Xiaomi.<\/p>\n<p style=\"font-weight: 400;\">\n<p style=\"font-weight: 400;\">\n<p style=\"font-weight: 400;\">\n<p style=\"font-weight: 400;\">Plazo, posibilidad de participaci\u00f3n y realizaci\u00f3n del concurso:<\/p>\n<p style=\"font-weight: 400;\">El concurso se celebrar\u00e1 en el periodo comprendido entre el 03\/09\/2023 a las 21:00 y el 09\/09\/2023 a las 23:59.<\/p>\n<p style=\"font-weight: 400;\">\n<p style=\"font-weight: 400;\">Los ganadores ser\u00e1n elegidos al azar entre todos los participantes que sigan nuestra p\u00e1gina de Instagram \u00abhepsimarkt \u00bb (@hepsimarkt), hagan clic en \u00abMe gusta\u00bb durante el periodo de participaci\u00f3n y tambi\u00e9n dejen un comentario con dos marcas debajo de la publicaci\u00f3n del concurso a m\u00e1s tardar el 10 de septiembre de 2023.<\/p>\n<p style=\"font-weight: 400;\">\n<p style=\"font-weight: 400;\">Los ganadores se publicar\u00e1n en la p\u00e1gina de fans del organizador con su nombre de usuario de Instagram. El participante acepta la publicaci\u00f3n de su nombre de usuario como parte del post de notificaci\u00f3n del ganador. Los ganadores deber\u00e1n ponerse en contacto con nosotros por mensaje personal en un plazo de siete d\u00edas a partir de la notificaci\u00f3n, indicando su direcci\u00f3n. Si no recibimos la direcci\u00f3n del ganador en un plazo de siete d\u00edas a partir de la notificaci\u00f3n del premio, \u00e9ste quedar\u00e1 desierto. Las direcciones de los ganadores s\u00f3lo se utilizar\u00e1n para enviar los premios. Encontrar\u00e1 m\u00e1s informaci\u00f3n al respecto en el apartado \u00abProtecci\u00f3n de datos\u00bb. Los premios s\u00f3lo pueden enviarse una vez de forma gratuita y \u00fanicamente a una direcci\u00f3n dentro de Alemania. S\u00f3lo se har\u00e1 un intento de entrega por mensajer\u00eda. Si el destinatario no ha recogido el env\u00edo en el centro de DHL en la fecha l\u00edmite, \u00e9ste ser\u00e1 devuelto al cliente por DHL. Los gastos de reenv\u00edo correr\u00e1n a cargo del destinatario si as\u00ed lo desea.<\/p>\n<p style=\"font-weight: 400;\">\n<p style=\"font-weight: 400;\">Los comentarios no deben contener insultos, hechos falsos, infracciones de la competencia, la marca registrada o los derechos de autor. El participante nos eximir\u00e1 de toda responsabilidad por cualquier infracci\u00f3n a este respecto.<\/p>\n<p style=\"font-weight: 400;\">\n<p style=\"font-weight: 400;\">Distanciarse de Instagram:<\/p>\n<p style=\"font-weight: 400;\">Este concurso no est\u00e1 relacionado en modo alguno con Facebook e Instagram y no est\u00e1 patrocinado, apoyado ni organizado por Facebook e Instagram. Lutz Ottof\u00fclling es la \u00fanica persona responsable y de contacto para el concurso.<\/p>\n<p style=\"font-weight: 400;\">\n<p style=\"font-weight: 400;\">Exenci\u00f3n de Instagram:<\/p>\n<p style=\"font-weight: 400;\">Al participar en el concurso, el participante exime a Instagram de cualquier responsabilidad.<\/p>\n<p style=\"font-weight: 400;\">\n<p style=\"font-weight: 400;\">Protecci\u00f3n de datos:<\/p>\n<p style=\"font-weight: 400;\">Los datos personales proporcionados por el participante, en particular el nombre de usuario de Instagram y, en caso de ganar, el nombre y apellidos, la calle, el c\u00f3digo postal y la ciudad, ser\u00e1n almacenados, procesados y utilizados por el organizador en cumplimiento de la normativa de protecci\u00f3n de datos, en particular la Ley Federal de Protecci\u00f3n de Datos y el Reglamento General de Protecci\u00f3n de Datos (GDPR) con el fin de llevar a cabo y gestionar el concurso. Al participar en el concurso, el participante acepta el tratamiento de los datos por parte del organizador. El participante tambi\u00e9n acepta que sus datos personales puedan ser transmitidos por el organizador a la empresa encargada de gestionar el concurso \u00fanicamente con el fin de gestionar y tramitar el concurso. No se transmitir\u00e1 a terceros. El participante tiene derecho, previa solicitud y de forma gratuita, a recibir informaci\u00f3n sobre los datos personales almacenados sobre \u00e9l. Adem\u00e1s, el participante tiene derecho a la rectificaci\u00f3n de los datos incorrectos, al bloqueo y a la supresi\u00f3n de sus datos personales, en la medida en que ello no entre en conflicto con ninguna obligaci\u00f3n legal de conservaci\u00f3n. Adem\u00e1s, el participante tiene derecho a presentar una reclamaci\u00f3n ante la autoridad de control competente. Adem\u00e1s, el participante tiene derecho a recibir los datos personales que le conciernan, que haya facilitado al organizador, en un formato estructurado, de uso com\u00fan y lectura mec\u00e1nica, y tiene derecho a transmitir dichos datos a otro responsable del tratamiento sin que el responsable al que se hayan facilitado los datos personales se lo impida. Al ejercer el mencionado derecho a la portabilidad de los datos, el participante tiene derecho a obtener que los datos personales sean transmitidos directamente por el organizador a otro responsable del tratamiento, en la medida en que sea t\u00e9cnicamente factible. Los datos se suprimir\u00e1n una vez realizado y finalizado el concurso.<\/p>\n<p style=\"font-weight: 400;\">\n<p style=\"font-weight: 400;\">Derecho de oposici\u00f3n:<\/p>\n<p style=\"font-weight: 400;\">Todos los participantes tienen derecho a oponerse en cualquier momento al tratamiento de los datos personales que les conciernan y que hayan autorizado previamente, enviando un correo electr\u00f3nico a la siguiente direcci\u00f3n: info@hepsi-markt.de. El organizador dejar\u00e1 de tratar los datos personales a menos que pueda demostrar motivos leg\u00edtimos imperiosos para el tratamiento que prevalezcan sobre los intereses, derechos y libertades del participante afectado, o el tratamiento sirva para el reconocimiento, ejercicio o defensa de reclamaciones legales.<\/p>\n<p style=\"font-weight: 400;\">\n<p style=\"font-weight: 400;\">Otros:<\/p>\n<p style=\"font-weight: 400;\">Si existen razones de peso que impidan al organizador celebrar el concurso por causas ajenas a su voluntad, el organizador podr\u00e1 anular el concurso. Los participantes que incumplan las condiciones de participaci\u00f3n o intenten manipular o enga\u00f1ar podr\u00e1n ser excluidos. No es posible el pago en met\u00e1lico de los premios no monetarios. Las ganancias no son transferibles a terceros. Lutz Ottof\u00fclling es el \u00fanico responsable del concurso. Si los participantes tienen alguna pregunta o comentario sobre el concurso, pueden enviar un correo electr\u00f3nico a info@hepsi-markt.de. Todas las relaciones jur\u00eddicas entre el participante y el organizador se regir\u00e1n exclusivamente por la legislaci\u00f3n de la Rep\u00fablica Federal de Alemania.<\/p>\n\t\t\t\t\t\t\t\t<\/div>\n\t\t\t\t<\/div>\n\t\t\t\t\t<\/div>\n\t\t<\/div>\n\t\t\t\t\t<\/div>\n\t\t<\/section>\n\t\t\t\t<\/div>\n\t\t","protected":false},"excerpt":{"rendered":"<p>Condiciones de participaci\u00f3n concurso (Instagram) hasta 09.09.2023 Condiciones de participaci\u00f3n en el concurso (Instagram) Organizador: Hepsi-Markt Lutz Ottof\u00fclling Calle K\u00fcppersteger 3 51373 Leverkusen Participantes: Solo pueden participar en el concurso los seguidores de nuestra p\u00e1gina, es decir, la p\u00e1gina de Instagram \u00bb hepsimarkt\u00bb (@hepsimarkt). Cada persona f\u00edsica s\u00f3lo puede participar una vez en el concurso. [&hellip;]<\/p>\n","protected":false},"author":2,"featured_media":0,"parent":0,"menu_order":0,"comment_status":"closed","ping_status":"closed","template":"","meta":{"_acf_changed":false,"footnotes":""},"class_list":["post-6668","page","type-page","status-publish","hentry"],"acf":[],"_links":{"self":[{"href":"https:\/\/hepsi-markt.de\/es\/wp-json\/wp\/v2\/pages\/6668","targetHints":{"allow":["GET"]}}],"collection":[{"href":"https:\/\/hepsi-markt.de\/es\/wp-json\/wp\/v2\/pages"}],"about":[{"href":"https:\/\/hepsi-markt.de\/es\/wp-json\/wp\/v2\/types\/page"}],"author":[{"embeddable":true,"href":"https:\/\/hepsi-markt.de\/es\/wp-json\/wp\/v2\/users\/2"}],"replies":[{"embeddable":true,"href":"https:\/\/hepsi-markt.de\/es\/wp-json\/wp\/v2\/comments?post=6668"}],"version-history":[{"count":0,"href":"https:\/\/hepsi-markt.de\/es\/wp-json\/wp\/v2\/pages\/6668\/revisions"}],"wp:attachment":[{"href":"https:\/\/hepsi-markt.de\/es\/wp-json\/wp\/v2\/media?parent=6668"}],"curies":[{"name":"wp","href":"https:\/\/api.w.org\/{rel}","templated":true}]}}