	{"id":6514,"date":"2021-05-11T14:44:22","date_gmt":"2021-05-11T12:44:22","guid":{"rendered":"https:\/\/hepsi-markt.de\/pie-de-imprenta\/"},"modified":"2024-12-11T09:40:09","modified_gmt":"2024-12-11T08:40:09","slug":"pie-de-imprenta","status":"publish","type":"page","link":"https:\/\/hepsi-markt.de\/es\/pie-de-imprenta\/","title":{"rendered":"Pie de imprenta"},"content":{"rendered":"\t\t<div data-elementor-type=\"wp-page\" data-elementor-id=\"6514\" class=\"elementor elementor-6514 elementor-1158\" data-elementor-post-type=\"page\">\n\t\t\t\t\t\t<section class=\"elementor-section elementor-top-section elementor-element elementor-element-504420c elementor-section-full_width elementor-section-height-default elementor-section-height-default\" data-id=\"504420c\" data-element_type=\"section\">\n\t\t\t\t\t\t<div class=\"elementor-container elementor-column-gap-default\">\n\t\t\t\t\t<div class=\"elementor-column elementor-col-100 elementor-top-column elementor-element elementor-element-a156378\" data-id=\"a156378\" data-element_type=\"column\">\n\t\t\t<div class=\"elementor-widget-wrap elementor-element-populated\">\n\t\t\t\t\t\t<div class=\"elementor-element elementor-element-a9f9698 elementor-widget elementor-widget-image\" data-id=\"a9f9698\" data-element_type=\"widget\" data-widget_type=\"image.default\">\n\t\t\t\t<div class=\"elementor-widget-container\">\n\t\t\t\t\t\t\t\t\t\t\t\t\t\t\t\t<a href=\"https:\/\/hepsi-markt.de\/impressum-turk\/\">\n\t\t\t\t\t\t\t<img decoding=\"async\" src=\"https:\/\/hepsi-markt.de\/wp-content\/uploads\/06\/Lang-button-green-29.png\" title=\"\" alt=\"\" loading=\"lazy\" \/>\t\t\t\t\t\t\t\t<\/a>\n\t\t\t\t\t\t\t\t\t\t\t\t\t\t\t<\/div>\n\t\t\t\t<\/div>\n\t\t\t\t\t<\/div>\n\t\t<\/div>\n\t\t\t\t\t<\/div>\n\t\t<\/section>\n\t\t\t\t<section class=\"elementor-section elementor-top-section elementor-element elementor-element-10a80ad elementor-section-full_width elementor-section-height-default elementor-section-height-default\" data-id=\"10a80ad\" data-element_type=\"section\">\n\t\t\t\t\t\t<div class=\"elementor-container elementor-column-gap-default\">\n\t\t\t\t\t<div class=\"elementor-column elementor-col-100 elementor-top-column elementor-element elementor-element-48d733c\" data-id=\"48d733c\" data-element_type=\"column\">\n\t\t\t<div class=\"elementor-widget-wrap elementor-element-populated\">\n\t\t\t\t\t\t<div class=\"elementor-element elementor-element-5638b7c elementor-widget elementor-widget-heading\" data-id=\"5638b7c\" data-element_type=\"widget\" data-widget_type=\"heading.default\">\n\t\t\t\t<div class=\"elementor-widget-container\">\n\t\t\t\t\t<h1 class=\"elementor-heading-title elementor-size-default\">Pie de imprenta<\/h1>\t\t\t\t<\/div>\n\t\t\t\t<\/div>\n\t\t\t\t\t<\/div>\n\t\t<\/div>\n\t\t\t\t\t<\/div>\n\t\t<\/section>\n\t\t\t\t<section class=\"elementor-section elementor-top-section elementor-element elementor-element-59e5c094 elementor-section-boxed elementor-section-height-default elementor-section-height-default\" data-id=\"59e5c094\" data-element_type=\"section\">\n\t\t\t\t\t\t<div class=\"elementor-container elementor-column-gap-default\">\n\t\t\t\t\t<div class=\"elementor-column elementor-col-100 elementor-top-column elementor-element elementor-element-7d2b9679\" data-id=\"7d2b9679\" data-element_type=\"column\">\n\t\t\t<div class=\"elementor-widget-wrap elementor-element-populated\">\n\t\t\t\t\t\t<div class=\"elementor-element elementor-element-c26c23a elementor-widget elementor-widget-spacer\" data-id=\"c26c23a\" data-element_type=\"widget\" data-widget_type=\"spacer.default\">\n\t\t\t\t<div class=\"elementor-widget-container\">\n\t\t\t\t\t\t\t<div class=\"elementor-spacer\">\n\t\t\t<div class=\"elementor-spacer-inner\"><\/div>\n\t\t<\/div>\n\t\t\t\t\t\t<\/div>\n\t\t\t\t<\/div>\n\t\t\t\t<div class=\"elementor-element elementor-element-63668535 elementor-widget elementor-widget-text-editor\" data-id=\"63668535\" data-element_type=\"widget\" data-widget_type=\"text-editor.default\">\n\t\t\t\t<div class=\"elementor-widget-container\">\n\t\t\t\t\t\t\t\t\t<h3>Informaci\u00f3n seg\u00fan \u00a7 5 TMG<\/h3>\n<p>Hepsi-Markt K\u00fcppersteger Stra\u00dfe 3 51373 Leverkusen<\/p>\n<h3>P\u00f3ngase en contacto con nosotros<\/h3>\n<p>Correo electr\u00f3nico: info@hepsi-markt.de<\/p>\n<p>Tel\u00e9fono: 0214 50083759<\/p>\n<p>M\u00f3vil: 0178 3508343<\/p>\n<\/p>\n<h3>Para los clientes<\/h3>\n<p>No dudes en enviarnos un correo electr\u00f3nico en cualquier momento a <a href=\"mailto:info@hepsi-markt.de\">info@hepsi-markt.de<\/a>.<\/p>\n<\/p>\n<h3>Impuesto sobre el valor a\u00f1adido<\/h3>\n<p>N\u00famero de identificaci\u00f3n fiscal con arreglo al art\u00edculo 27 a de la Ley del impuesto sobre las ventas: DE206277720<\/p>\n<p>No estamos dispuestos ni obligados a participar en procedimientos de resoluci\u00f3n de litigios ante una junta arbitral de consumo.<\/p>\n<h3>Responsabilidad por los contenidos<\/h3>\n<p>Como proveedor de servicios, estamos obligados en virtud del art\u00edculo 7, apartado 1, a TMG es responsable de su propio contenido en estas p\u00e1ginas de acuerdo con las leyes generales. Sin embargo, seg\u00fan los art\u00edculos 8 a 10 de la TMG, como proveedores de servicios no estamos obligados a supervisar la informaci\u00f3n de terceros transmitida o almacenada ni a investigar circunstancias que indiquen una actividad ilegal.<\/p>\n<p>Esto no afecta a las obligaciones de eliminar o bloquear el uso de informaci\u00f3n de conformidad con la legislaci\u00f3n general. Sin embargo, la responsabilidad a este respecto s\u00f3lo es posible a partir del momento en que se tiene conocimiento de una infracci\u00f3n concreta. En cuanto tengamos conocimiento de tales infracciones, eliminaremos inmediatamente estos contenidos.<\/p>\n<h3>Responsabilidad de los enlaces<\/h3>\n<p>Nuestro sitio web contiene enlaces a sitios web externos de terceros sobre cuyo contenido no tenemos ninguna influencia. Por lo tanto, no podemos aceptar ninguna responsabilidad por este contenido de terceros. El respectivo proveedor u operador de las p\u00e1ginas es siempre responsable del contenido de las p\u00e1ginas enlazadas. En el momento de establecer el enlace, se comprob\u00f3 que las p\u00e1ginas enlazadas no infringieran la ley. Los contenidos ilegales no eran reconocibles en el momento del enlace.<\/p>\n<p>Sin embargo, el control permanente del contenido de las p\u00e1ginas enlazadas no es razonable sin pruebas concretas de una infracci\u00f3n. Si tenemos conocimiento de alguna infracci\u00f3n legal, eliminaremos dichos enlaces inmediatamente.<\/p>\n<h3>Copyright<\/h3>\n<p>El contenido y las obras creadas por los operadores del sitio en estas p\u00e1ginas est\u00e1n sujetos a la legislaci\u00f3n alemana sobre derechos de autor. La reproducci\u00f3n, edici\u00f3n, distribuci\u00f3n y cualquier tipo de utilizaci\u00f3n fuera de los l\u00edmites de la ley de propiedad intelectual requieren el consentimiento por escrito del autor o creador correspondiente. Las descargas y copias de este sitio s\u00f3lo est\u00e1n permitidas para uso privado y no comercial.<\/p>\n<p>En la medida en que el contenido de este sitio no haya sido creado por el operador, se respetan los derechos de autor de terceros. En particular, los contenidos de terceros se etiquetan como tales. No obstante, si tiene conocimiento de una infracci\u00f3n de los derechos de autor, le rogamos que nos lo comunique. Si tenemos conocimiento de alguna infracci\u00f3n legal, eliminaremos dicho contenido inmediatamente.<\/p>\n<h3>Realizaci\u00f3n<\/h3>\n<p>Concepto\/ Dise\u00f1o\/ Realizaci\u00f3n\/ Fotograf\u00eda: <a href=\"https:\/\/umbra.de\" target=\"_blank\" rel=\"noopener\">Umbra Corporate Design,<\/a> Solingen Concepto\/ Texto:<a href=\"http:\/\/pilavas.de\" target=\"_blank\" rel=\"noopener\">Dorothee Pilavas<\/a>, Dortmund<\/p>\n<p>Fuente: eRecht24<\/p>\n\t\t\t\t\t\t\t\t<\/div>\n\t\t\t\t<\/div>\n\t\t\t\t<div class=\"elementor-element elementor-element-c3ca49c elementor-widget elementor-widget-spacer\" data-id=\"c3ca49c\" data-element_type=\"widget\" data-widget_type=\"spacer.default\">\n\t\t\t\t<div class=\"elementor-widget-container\">\n\t\t\t\t\t\t\t<div class=\"elementor-spacer\">\n\t\t\t<div class=\"elementor-spacer-inner\"><\/div>\n\t\t<\/div>\n\t\t\t\t\t\t<\/div>\n\t\t\t\t<\/div>\n\t\t\t\t\t<\/div>\n\t\t<\/div>\n\t\t\t\t\t<\/div>\n\t\t<\/section>\n\t\t\t\t<\/div>\n\t\t","protected":false},"excerpt":{"rendered":"<p>Pie de imprenta Informaci\u00f3n seg\u00fan \u00a7 5 TMG Hepsi-Markt K\u00fcppersteger Stra\u00dfe 3 51373 Leverkusen P\u00f3ngase en contacto con nosotros Correo electr\u00f3nico: info@hepsi-markt.de Tel\u00e9fono: 0214 50083759 M\u00f3vil: 0178 3508343 Para los clientes No dudes en enviarnos un correo electr\u00f3nico en cualquier momento a info@hepsi-markt.de. Impuesto sobre el valor a\u00f1adido N\u00famero de identificaci\u00f3n fiscal con arreglo al [&hellip;]<\/p>\n","protected":false},"author":1,"featured_media":0,"parent":0,"menu_order":0,"comment_status":"closed","ping_status":"closed","template":"full-width.php","meta":{"_acf_changed":false,"footnotes":""},"class_list":["post-6514","page","type-page","status-publish","hentry"],"acf":[],"_links":{"self":[{"href":"https:\/\/hepsi-markt.de\/es\/wp-json\/wp\/v2\/pages\/6514","targetHints":{"allow":["GET"]}}],"collection":[{"href":"https:\/\/hepsi-markt.de\/es\/wp-json\/wp\/v2\/pages"}],"about":[{"href":"https:\/\/hepsi-markt.de\/es\/wp-json\/wp\/v2\/types\/page"}],"author":[{"embeddable":true,"href":"https:\/\/hepsi-markt.de\/es\/wp-json\/wp\/v2\/users\/1"}],"replies":[{"embeddable":true,"href":"https:\/\/hepsi-markt.de\/es\/wp-json\/wp\/v2\/comments?post=6514"}],"version-history":[{"count":2,"href":"https:\/\/hepsi-markt.de\/es\/wp-json\/wp\/v2\/pages\/6514\/revisions"}],"predecessor-version":[{"id":7660620,"href":"https:\/\/hepsi-markt.de\/es\/wp-json\/wp\/v2\/pages\/6514\/revisions\/7660620"}],"wp:attachment":[{"href":"https:\/\/hepsi-markt.de\/es\/wp-json\/wp\/v2\/media?parent=6514"}],"curies":[{"name":"wp","href":"https:\/\/api.w.org\/{rel}","templated":true}]}}