	{"id":6324,"date":"2021-04-29T15:16:21","date_gmt":"2021-04-29T13:16:21","guid":{"rendered":"https:\/\/hepsi-markt.de\/carrera-profesional\/formacion-profesional\/"},"modified":"2024-12-11T09:43:55","modified_gmt":"2024-12-11T08:43:55","slug":"formacion-profesional","status":"publish","type":"page","link":"https:\/\/hepsi-markt.de\/es\/carrera-profesional\/formacion-profesional\/","title":{"rendered":"Formaci\u00f3n profesional"},"content":{"rendered":"\t\t<div data-elementor-type=\"wp-page\" data-elementor-id=\"6324\" class=\"elementor elementor-6324 elementor-979\" data-elementor-post-type=\"page\">\n\t\t\t\t\t\t<section class=\"elementor-section elementor-top-section elementor-element elementor-element-48f48d0 elementor-section-full_width elementor-section-height-default elementor-section-height-default\" data-id=\"48f48d0\" data-element_type=\"section\">\n\t\t\t\t\t\t<div class=\"elementor-container elementor-column-gap-default\">\n\t\t\t\t\t<div class=\"elementor-column elementor-col-100 elementor-top-column elementor-element elementor-element-60270c0\" data-id=\"60270c0\" data-element_type=\"column\">\n\t\t\t<div class=\"elementor-widget-wrap\">\n\t\t\t\t\t\t\t<\/div>\n\t\t<\/div>\n\t\t\t\t\t<\/div>\n\t\t<\/section>\n\t\t\t\t<section class=\"elementor-section elementor-top-section elementor-element elementor-element-25fe2d43 elementor-section-full_width elementor-section-stretched elementor-section-height-default elementor-section-height-default\" data-id=\"25fe2d43\" data-element_type=\"section\" data-settings=\"{&quot;stretch_section&quot;:&quot;section-stretched&quot;}\">\n\t\t\t\t\t\t<div class=\"elementor-container elementor-column-gap-default\">\n\t\t\t\t\t<div class=\"elementor-column elementor-col-100 elementor-top-column elementor-element elementor-element-6b8828f\" data-id=\"6b8828f\" data-element_type=\"column\">\n\t\t\t<div class=\"elementor-widget-wrap elementor-element-populated\">\n\t\t\t\t\t\t<div class=\"elementor-element elementor-element-52b5a3dc elementor-widget elementor-widget-heading\" data-id=\"52b5a3dc\" data-element_type=\"widget\" data-widget_type=\"heading.default\">\n\t\t\t\t<div class=\"elementor-widget-container\">\n\t\t\t\t\t<h1 class=\"elementor-heading-title elementor-size-default\">Formaci\u00f3n en ventas<\/h1>\t\t\t\t<\/div>\n\t\t\t\t<\/div>\n\t\t\t\t\t<\/div>\n\t\t<\/div>\n\t\t\t\t\t<\/div>\n\t\t<\/section>\n\t\t\t\t<section class=\"elementor-section elementor-top-section elementor-element elementor-element-51bf2141 elementor-section-boxed elementor-section-height-default elementor-section-height-default\" data-id=\"51bf2141\" data-element_type=\"section\">\n\t\t\t\t\t\t<div class=\"elementor-container elementor-column-gap-default\">\n\t\t\t\t\t<div class=\"elementor-column elementor-col-100 elementor-top-column elementor-element elementor-element-ed99733\" data-id=\"ed99733\" data-element_type=\"column\">\n\t\t\t<div class=\"elementor-widget-wrap elementor-element-populated\">\n\t\t\t\t\t\t<div class=\"elementor-element elementor-element-3ce5266 elementor-widget elementor-widget-spacer\" data-id=\"3ce5266\" data-element_type=\"widget\" data-widget_type=\"spacer.default\">\n\t\t\t\t<div class=\"elementor-widget-container\">\n\t\t\t\t\t\t\t<div class=\"elementor-spacer\">\n\t\t\t<div class=\"elementor-spacer-inner\"><\/div>\n\t\t<\/div>\n\t\t\t\t\t\t<\/div>\n\t\t\t\t<\/div>\n\t\t\t\t<div class=\"elementor-element elementor-element-30c5253e elementor-widget elementor-widget-text-editor\" data-id=\"30c5253e\" data-element_type=\"widget\" data-widget_type=\"text-editor.default\">\n\t\t\t\t<div class=\"elementor-widget-container\">\n\t\t\t\t\t\t\t\t\t<h3>Inicio de la formaci\u00f3n: 1 de agosto<\/h3>\n<\/p>\n<h4><strong> Hepsi Empezar tu carrera en significa <\/strong> estar en el meollo de las cosas desde el principio, en lugar de simplemente estar ah\u00ed, asumiendo responsabilidades y aprendiendo constantemente cosas nuevas. Con nosotros, puedes hacer un poco m\u00e1s posible cada d\u00eda, para ti y para tu futuro, y divertirte al mismo tiempo. Trabajar juntos, implicarse y hacer siempre un esfuerzo adicional, y recibir una remuneraci\u00f3n justa por ello: Hepsi As\u00ed funciona el equipo.<\/h4>\n\t\t\t\t\t\t\t\t<\/div>\n\t\t\t\t<\/div>\n\t\t\t\t<div class=\"elementor-element elementor-element-7b2da0f8 elementor-widget elementor-widget-image\" data-id=\"7b2da0f8\" data-element_type=\"widget\" data-widget_type=\"image.default\">\n\t\t\t\t<div class=\"elementor-widget-container\">\n\t\t\t\t\t\t\t\t\t\t\t\t\t\t\t<img fetchpriority=\"high\" decoding=\"async\" width=\"1600\" height=\"800\" src=\"https:\/\/hepsi-markt.de\/wp-content\/uploads\/2024\/11\/Hepsi-Azubi.jpg\" class=\"attachment-full size-full wp-image-7639303\" alt=\"Hepsi-Azubi\" srcset=\"https:\/\/hepsi-markt.de\/wp-content\/uploads\/2024\/11\/Hepsi-Azubi.jpg 1600w, https:\/\/hepsi-markt.de\/wp-content\/uploads\/2024\/11\/Hepsi-Azubi-300x150.jpg 300w, https:\/\/hepsi-markt.de\/wp-content\/uploads\/2024\/11\/Hepsi-Azubi-1024x512.jpg 1024w, https:\/\/hepsi-markt.de\/wp-content\/uploads\/2024\/11\/Hepsi-Azubi-768x384.jpg 768w, https:\/\/hepsi-markt.de\/wp-content\/uploads\/2024\/11\/Hepsi-Azubi-1536x768.jpg 1536w, https:\/\/hepsi-markt.de\/wp-content\/uploads\/2024\/11\/Hepsi-Azubi-500x250.jpg 500w\" sizes=\"(max-width: 1600px) 100vw, 1600px\" \/>\t\t\t\t\t\t\t\t\t\t\t\t\t\t\t<\/div>\n\t\t\t\t<\/div>\n\t\t\t\t\t<\/div>\n\t\t<\/div>\n\t\t\t\t\t<\/div>\n\t\t<\/section>\n\t\t\t\t<section class=\"elementor-section elementor-top-section elementor-element elementor-element-26ac7e5e elementor-section-boxed elementor-section-height-default elementor-section-height-default\" data-id=\"26ac7e5e\" data-element_type=\"section\">\n\t\t\t\t\t\t<div class=\"elementor-container elementor-column-gap-default\">\n\t\t\t\t\t<div class=\"elementor-column elementor-col-100 elementor-top-column elementor-element elementor-element-5f5e375d\" data-id=\"5f5e375d\" data-element_type=\"column\">\n\t\t\t<div class=\"elementor-widget-wrap elementor-element-populated\">\n\t\t\t\t\t\t<div class=\"elementor-element elementor-element-803e96a elementor-widget elementor-widget-spacer\" data-id=\"803e96a\" data-element_type=\"widget\" data-widget_type=\"spacer.default\">\n\t\t\t\t<div class=\"elementor-widget-container\">\n\t\t\t\t\t\t\t<div class=\"elementor-spacer\">\n\t\t\t<div class=\"elementor-spacer-inner\"><\/div>\n\t\t<\/div>\n\t\t\t\t\t\t<\/div>\n\t\t\t\t<\/div>\n\t\t\t\t<div class=\"elementor-element elementor-element-74e0295b elementor-widget elementor-widget-text-editor\" data-id=\"74e0295b\" data-element_type=\"widget\" data-widget_type=\"text-editor.default\">\n\t\t\t\t<div class=\"elementor-widget-container\">\n\t\t\t\t\t\t\t\t\t<h2>En el Hepsi-Markt puedes realizar los siguientes programas de formaci\u00f3n:<\/h2>\n\t\t\t\t\t\t\t\t<\/div>\n\t\t\t\t<\/div>\n\t\t\t\t\t<\/div>\n\t\t<\/div>\n\t\t\t\t\t<\/div>\n\t\t<\/section>\n\t\t\t\t<section class=\"elementor-section elementor-top-section elementor-element elementor-element-5d520002 elementor-section-boxed elementor-section-height-default elementor-section-height-default\" data-id=\"5d520002\" data-element_type=\"section\">\n\t\t\t\t\t\t<div class=\"elementor-container elementor-column-gap-default\">\n\t\t\t\t\t<div class=\"elementor-column elementor-col-100 elementor-top-column elementor-element elementor-element-4749ffb6\" data-id=\"4749ffb6\" data-element_type=\"column\">\n\t\t\t<div class=\"elementor-widget-wrap elementor-element-populated\">\n\t\t\t\t\t\t<div class=\"elementor-element elementor-element-45c71890 elementor-widget elementor-widget-toggle\" data-id=\"45c71890\" data-element_type=\"widget\" data-widget_type=\"toggle.default\">\n\t\t\t\t<div class=\"elementor-widget-container\">\n\t\t\t\t\t\t\t<div class=\"elementor-toggle\">\n\t\t\t\t\t\t\t<div class=\"elementor-toggle-item\">\n\t\t\t\t\t<div id=\"elementor-tab-title-1171\" class=\"elementor-tab-title\" data-tab=\"1\" role=\"button\" aria-controls=\"elementor-tab-content-1171\" aria-expanded=\"false\">\n\t\t\t\t\t\t\t\t\t\t\t\t<span class=\"elementor-toggle-icon elementor-toggle-icon-left\" aria-hidden=\"true\">\n\t\t\t\t\t\t\t\t\t\t\t\t\t\t\t<span class=\"elementor-toggle-icon-closed\"><i class=\"fas fa-info-circle\"><\/i><\/span>\n\t\t\t\t\t\t\t\t<span class=\"elementor-toggle-icon-opened\"><i class=\"elementor-toggle-icon-opened fas fa-arrow-alt-circle-down\"><\/i><\/span>\n\t\t\t\t\t\t\t\t\t\t\t\t\t<\/span>\n\t\t\t\t\t\t\t\t\t\t\t\t<a class=\"elementor-toggle-title\" tabindex=\"0\">Comercial (h\/m\/d), duraci\u00f3n: 2 a\u00f1os  <\/a>\n\t\t\t\t\t<\/div>\n\n\t\t\t\t\t<div id=\"elementor-tab-content-1171\" class=\"elementor-tab-content elementor-clearfix\" data-tab=\"1\" role=\"region\" aria-labelledby=\"elementor-tab-title-1171\"><h3> <\/h3>\n<div class=\"jobsub\">Sus tareas<\/div>\n<h4>HepsiDurante tu aprendizaje de 2 a\u00f1os, aprender\u00e1s lo que es importante en el comercio minorista y c\u00f3mo garantizamos una experiencia de compra satisfactoria en nuestras tiendas con calidad, frescura y limpieza. Ya se trate de recoger y presentar la mercanc\u00eda, hornear o cobrar: Te pones manos a la obra y lo das todo. Comprobar\u00e1 la entrada de mercanc\u00edas, colaborar\u00e1 en el inventario y asesorar\u00e1 y ayudar\u00e1 a nuestros clientes. Para seguir desarrollando sus competencias, participar\u00e1 en cursos de formaci\u00f3n y en apasionantes proyectos de pr\u00e1cticas.<\/h4>\n<h3> <\/h3>\n<div class=\"jobsub\">Tu perfil<\/div>\n<ul>\n<li>Graduaci\u00f3n con \u00e9xito<\/li>\n<li>Forma de trabajar fiable y comprometida<\/li>\n<li>Esp\u00edritu de equipo, simpat\u00eda y gusto por el trato con la gente<\/li>\n<li>Flexibilidad horaria dentro del horario de apertura de su sucursal<\/li>\n<\/ul>\n<div class=\"jobsub\">Sus ventajas<\/div>\n<ul>\n<li>1.100 \u20ac\/mes en 1er a\u00f1o, 1.200 euros\/mes en el 2\u00ba a\u00f1o, (a tiempo completo)<\/li>\n<li>Apoyo individual, est\u00edmulo y supervisi\u00f3n por parte de formadores experimentados<\/li>\n<li>Desarrollo profesional y personal asumiendo cada vez m\u00e1s responsabilidades<\/li>\n<li>Tareas y proyectos variados<\/li>\n<li>Excelentes perspectivas de ser contratado y ascendido a puestos superiores tras superar con \u00e9xito el examen final.<\/li>\n<\/ul>\n<\/div>\n\t\t\t\t<\/div>\n\t\t\t\t\t\t\t<div class=\"elementor-toggle-item\">\n\t\t\t\t\t<div id=\"elementor-tab-title-1172\" class=\"elementor-tab-title\" data-tab=\"2\" role=\"button\" aria-controls=\"elementor-tab-content-1172\" aria-expanded=\"false\">\n\t\t\t\t\t\t\t\t\t\t\t\t<span class=\"elementor-toggle-icon elementor-toggle-icon-left\" aria-hidden=\"true\">\n\t\t\t\t\t\t\t\t\t\t\t\t\t\t\t<span class=\"elementor-toggle-icon-closed\"><i class=\"fas fa-info-circle\"><\/i><\/span>\n\t\t\t\t\t\t\t\t<span class=\"elementor-toggle-icon-opened\"><i class=\"elementor-toggle-icon-opened fas fa-arrow-alt-circle-down\"><\/i><\/span>\n\t\t\t\t\t\t\t\t\t\t\t\t\t<\/span>\n\t\t\t\t\t\t\t\t\t\t\t\t<a class=\"elementor-toggle-title\" tabindex=\"0\">Vendedor al por menor (h\/m\/d), duraci\u00f3n: 3 a\u00f1os  <\/a>\n\t\t\t\t\t<\/div>\n\n\t\t\t\t\t<div id=\"elementor-tab-content-1172\" class=\"elementor-tab-content elementor-clearfix\" data-tab=\"2\" role=\"region\" aria-labelledby=\"elementor-tab-title-1172\"><h3> <\/h3>\n<div class=\"jobsub\">Sus tareas<\/div>\n<h4>HepsiDurante tu aprendizaje de 3 a\u00f1os, aprender\u00e1s lo que es importante en el comercio minorista y c\u00f3mo garantizamos una experiencia de compra satisfactoria en nuestras tiendas con calidad, frescura y limpieza. Ya se trate de recoger y presentar la mercanc\u00eda, hornear o cobrar: Te pones manos a la obra y lo das todo. Comprobar\u00e1 la entrada de mercanc\u00edas, colaborar\u00e1 en el inventario y asesorar\u00e1 y ayudar\u00e1 a nuestros clientes. En su tercer a\u00f1o de formaci\u00f3n, aprender\u00e1 a crear los horarios del personal y a gestionar su primer turno. Para seguir desarrollando sus competencias, participar\u00e1 en cursos de formaci\u00f3n y en apasionantes proyectos de pr\u00e1cticas.<\/h4>\n<h3> <\/h3>\n<div class=\"jobsub\">Tu perfil<\/div>\n<ul>\n<li>Graduaci\u00f3n con \u00e9xito<\/li>\n<li>Apetencia por el din\u00e1mico mundo del comercio minorista<\/li>\n<li>Dinamismo y compromiso<\/li>\n<li>Esp\u00edritu de equipo, simpat\u00eda y gusto por el trato con la gente<\/li>\n<li>Flexibilidad horaria dentro del horario de apertura de su sucursal<\/li>\n<\/ul>\n<h3> <\/h3>\n<div class=\"jobsub\">Sus ventajas<\/div>\n<ul>\n<li>Salario: 1.100 euros\/mes en el 1er a\u00f1o, 1.200 euros\/mes en el 2\u00ba a\u00f1o, 1.350 euros\/mes en el 3er a\u00f1o (a tiempo completo)<\/li>\n<\/ul>\n<ul>\n<li>Apoyo individual, est\u00edmulo y supervisi\u00f3n por parte de formadores experimentados<\/li>\n<li>Desarrollo profesional y personal asumiendo cada vez m\u00e1s responsabilidades<\/li>\n<li>Tareas y proyectos variados<\/li>\n<li>Excelentes perspectivas de ser contratado y ascendido a puestos superiores tras superar con \u00e9xito el examen final.<\/li>\n<\/ul>\n<\/div>\n\t\t\t\t<\/div>\n\t\t\t\t\t\t\t\t<\/div>\n\t\t\t\t\t\t<\/div>\n\t\t\t\t<\/div>\n\t\t\t\t\t<\/div>\n\t\t<\/div>\n\t\t\t\t\t<\/div>\n\t\t<\/section>\n\t\t\t\t<section class=\"elementor-section elementor-top-section elementor-element elementor-element-4f77b16 elementor-section-boxed elementor-section-height-default elementor-section-height-default\" data-id=\"4f77b16\" data-element_type=\"section\">\n\t\t\t\t\t\t<div class=\"elementor-container elementor-column-gap-default\">\n\t\t\t\t\t<div class=\"elementor-column elementor-col-100 elementor-top-column elementor-element elementor-element-2cd813f\" data-id=\"2cd813f\" data-element_type=\"column\">\n\t\t\t<div class=\"elementor-widget-wrap elementor-element-populated\">\n\t\t\t\t\t\t<div class=\"elementor-element elementor-element-91d1a72 elementor-align-center elementor-widget elementor-widget-button\" data-id=\"91d1a72\" data-element_type=\"widget\" data-widget_type=\"button.default\">\n\t\t\t\t<div class=\"elementor-widget-container\">\n\t\t\t\t\t\t\t\t\t<div class=\"elementor-button-wrapper\">\n\t\t\t\t\t<a class=\"elementor-button elementor-button-link elementor-size-lg elementor-animation-shrink\" href=\"#elementor-action%3Aaction%3Dpopup%3Aopen%26settings%3DeyJpZCI6NzA1MCwidG9nZ2xlIjpmYWxzZX0%3D\">\n\t\t\t\t\t\t<span class=\"elementor-button-content-wrapper\">\n\t\t\t\t\t\t\t\t\t<span class=\"elementor-button-text\">Solicitar ahora<\/span>\n\t\t\t\t\t<\/span>\n\t\t\t\t\t<\/a>\n\t\t\t\t<\/div>\n\t\t\t\t\t\t\t\t<\/div>\n\t\t\t\t<\/div>\n\t\t\t\t\t<\/div>\n\t\t<\/div>\n\t\t\t\t\t<\/div>\n\t\t<\/section>\n\t\t\t\t<section class=\"elementor-section elementor-top-section elementor-element elementor-element-4084d922 elementor-section-boxed elementor-section-height-default elementor-section-height-default\" data-id=\"4084d922\" data-element_type=\"section\">\n\t\t\t\t\t\t<div class=\"elementor-container elementor-column-gap-default\">\n\t\t\t\t\t<div class=\"elementor-column elementor-col-100 elementor-top-column elementor-element elementor-element-2dc47e3e\" data-id=\"2dc47e3e\" data-element_type=\"column\">\n\t\t\t<div class=\"elementor-widget-wrap elementor-element-populated\">\n\t\t\t\t\t\t<div class=\"elementor-element elementor-element-4829455f elementor-widget elementor-widget-spacer\" data-id=\"4829455f\" data-element_type=\"widget\" data-widget_type=\"spacer.default\">\n\t\t\t\t<div class=\"elementor-widget-container\">\n\t\t\t\t\t\t\t<div class=\"elementor-spacer\">\n\t\t\t<div class=\"elementor-spacer-inner\"><\/div>\n\t\t<\/div>\n\t\t\t\t\t\t<\/div>\n\t\t\t\t<\/div>\n\t\t\t\t\t<\/div>\n\t\t<\/div>\n\t\t\t\t\t<\/div>\n\t\t<\/section>\n\t\t\t\t<section class=\"elementor-section elementor-top-section elementor-element elementor-element-5e9458ae elementor-section-boxed elementor-section-height-default elementor-section-height-default\" data-id=\"5e9458ae\" data-element_type=\"section\">\n\t\t\t\t\t\t<div class=\"elementor-container elementor-column-gap-default\">\n\t\t\t\t\t<div class=\"elementor-column elementor-col-100 elementor-top-column elementor-element elementor-element-8f7124a\" data-id=\"8f7124a\" data-element_type=\"column\">\n\t\t\t<div class=\"elementor-widget-wrap elementor-element-populated\">\n\t\t\t\t\t\t<div class=\"elementor-element elementor-element-4f4e165e elementor-blockquote--skin-quotation elementor-widget elementor-widget-blockquote\" data-id=\"4f4e165e\" data-element_type=\"widget\" data-widget_type=\"blockquote.default\">\n\t\t\t\t<div class=\"elementor-widget-container\">\n\t\t\t\t\t\t\t<blockquote class=\"elementor-blockquote\">\n\t\t\t<p class=\"elementor-blockquote__content\">\n\t\t\t\tHepsi Llevo 3 a\u00f1os con ellos y estoy totalmente satisfecha. Los superiores jer\u00e1rquicos ven lo que los empleados conseguimos cada d\u00eda y nos elogian, nos echan una mano y nos escuchan con simpat\u00eda.\t\t\t<\/p>\n\t\t\t\t\t<\/blockquote>\n\t\t\t\t\t\t<\/div>\n\t\t\t\t<\/div>\n\t\t\t\t<div class=\"elementor-element elementor-element-772a0e0 elementor-blockquote--skin-quotation elementor-widget elementor-widget-blockquote\" data-id=\"772a0e0\" data-element_type=\"widget\" data-widget_type=\"blockquote.default\">\n\t\t\t\t<div class=\"elementor-widget-container\">\n\t\t\t\t\t\t\t<blockquote class=\"elementor-blockquote\">\n\t\t\t<p class=\"elementor-blockquote__content\">\n\t\t\t\tHepsi Me gusta el hecho de que puedas hacer carrera en . Mi superior jer\u00e1rquico ha visto que estoy plenamente comprometida y dispuesta a asumir responsabilidades. Pude seguir form\u00e1ndome y pronto pasar\u00e9 a ocupar un puesto directivo.\t\t\t<\/p>\n\t\t\t\t\t<\/blockquote>\n\t\t\t\t\t\t<\/div>\n\t\t\t\t<\/div>\n\t\t\t\t\t<\/div>\n\t\t<\/div>\n\t\t\t\t\t<\/div>\n\t\t<\/section>\n\t\t\t\t<section class=\"elementor-section elementor-top-section elementor-element elementor-element-00d7b9c elementor-section-boxed elementor-section-height-default elementor-section-height-default\" data-id=\"00d7b9c\" data-element_type=\"section\">\n\t\t\t\t\t\t<div class=\"elementor-container elementor-column-gap-default\">\n\t\t\t\t\t<div class=\"elementor-column elementor-col-100 elementor-top-column elementor-element elementor-element-8f887cc\" data-id=\"8f887cc\" data-element_type=\"column\">\n\t\t\t<div class=\"elementor-widget-wrap elementor-element-populated\">\n\t\t\t\t\t\t<div class=\"elementor-element elementor-element-a82576d elementor-widget elementor-widget-spacer\" data-id=\"a82576d\" data-element_type=\"widget\" data-widget_type=\"spacer.default\">\n\t\t\t\t<div class=\"elementor-widget-container\">\n\t\t\t\t\t\t\t<div class=\"elementor-spacer\">\n\t\t\t<div class=\"elementor-spacer-inner\"><\/div>\n\t\t<\/div>\n\t\t\t\t\t\t<\/div>\n\t\t\t\t<\/div>\n\t\t\t\t<div class=\"elementor-element elementor-element-69ad3a2 elementor-widget elementor-widget-text-editor\" data-id=\"69ad3a2\" data-element_type=\"widget\" data-widget_type=\"text-editor.default\">\n\t\t\t\t<div class=\"elementor-widget-container\">\n\t\t\t\t\t\t\t\t\t<h2 style=\"text-align: center;\">Hepsi Una carrera en vale la pena<\/h2>\n\t\t\t\t\t\t\t\t<\/div>\n\t\t\t\t<\/div>\n\t\t\t\t\t<\/div>\n\t\t<\/div>\n\t\t\t\t\t<\/div>\n\t\t<\/section>\n\t\t\t\t<section class=\"elementor-section elementor-top-section elementor-element elementor-element-b67f475 elementor-section-boxed elementor-section-height-default elementor-section-height-default\" data-id=\"b67f475\" data-element_type=\"section\">\n\t\t\t\t\t\t<div class=\"elementor-container elementor-column-gap-default\">\n\t\t\t\t\t<div class=\"elementor-column elementor-col-50 elementor-top-column elementor-element elementor-element-68f0752\" data-id=\"68f0752\" data-element_type=\"column\">\n\t\t\t<div class=\"elementor-widget-wrap elementor-element-populated\">\n\t\t\t\t\t\t<div class=\"elementor-element elementor-element-423d82b elementor-widget elementor-widget-spacer\" data-id=\"423d82b\" data-element_type=\"widget\" data-widget_type=\"spacer.default\">\n\t\t\t\t<div class=\"elementor-widget-container\">\n\t\t\t\t\t\t\t<div class=\"elementor-spacer\">\n\t\t\t<div class=\"elementor-spacer-inner\"><\/div>\n\t\t<\/div>\n\t\t\t\t\t\t<\/div>\n\t\t\t\t<\/div>\n\t\t\t\t<div class=\"elementor-element elementor-element-4e0c988 elementor-view-default elementor-position-top elementor-mobile-position-top elementor-widget elementor-widget-icon-box\" data-id=\"4e0c988\" data-element_type=\"widget\" data-widget_type=\"icon-box.default\">\n\t\t\t\t<div class=\"elementor-widget-container\">\n\t\t\t\t\t\t\t<div class=\"elementor-icon-box-wrapper\">\n\n\t\t\t\t\t\t<div class=\"elementor-icon-box-icon\">\n\t\t\t\t<a href=\"https:\/\/hepsi-markt.de\/es\/carrera-profesional\/empleo-en-logistica\/\" class=\"elementor-icon\" tabindex=\"-1\" aria-label=\"Ofertas de empleo actuales en log\u00edstica\">\n\t\t\t\t\t\t\t\t<\/a>\n\t\t\t<\/div>\n\t\t\t\n\t\t\t\t\t\t<div class=\"elementor-icon-box-content\">\n\n\t\t\t\t\t\t\t\t\t<h3 class=\"elementor-icon-box-title\">\n\t\t\t\t\t\t<a href=\"https:\/\/hepsi-markt.de\/es\/carrera-profesional\/empleo-en-logistica\/\" >\n\t\t\t\t\t\t\tOfertas de empleo actuales en log\u00edstica\t\t\t\t\t\t<\/a>\n\t\t\t\t\t<\/h3>\n\t\t\t\t\n\t\t\t\t\t\t\t\t\t<p class=\"elementor-icon-box-description\">\n\t\t\t\t\t\tObtenga m\u00e1s informaci\u00f3n y presente su candidatura ahora.\t\t\t\t\t<\/p>\n\t\t\t\t\n\t\t\t<\/div>\n\t\t\t\n\t\t<\/div>\n\t\t\t\t\t\t<\/div>\n\t\t\t\t<\/div>\n\t\t\t\t\t<\/div>\n\t\t<\/div>\n\t\t\t\t<div class=\"elementor-column elementor-col-50 elementor-top-column elementor-element elementor-element-f38ede2\" data-id=\"f38ede2\" data-element_type=\"column\">\n\t\t\t<div class=\"elementor-widget-wrap elementor-element-populated\">\n\t\t\t\t\t\t<div class=\"elementor-element elementor-element-88a0985 elementor-widget elementor-widget-spacer\" data-id=\"88a0985\" data-element_type=\"widget\" data-widget_type=\"spacer.default\">\n\t\t\t\t<div class=\"elementor-widget-container\">\n\t\t\t\t\t\t\t<div class=\"elementor-spacer\">\n\t\t\t<div class=\"elementor-spacer-inner\"><\/div>\n\t\t<\/div>\n\t\t\t\t\t\t<\/div>\n\t\t\t\t<\/div>\n\t\t\t\t<div class=\"elementor-element elementor-element-217ee0e elementor-view-default elementor-position-top elementor-mobile-position-top elementor-widget elementor-widget-icon-box\" data-id=\"217ee0e\" data-element_type=\"widget\" data-widget_type=\"icon-box.default\">\n\t\t\t\t<div class=\"elementor-widget-container\">\n\t\t\t\t\t\t\t<div class=\"elementor-icon-box-wrapper\">\n\n\t\t\t\t\t\t<div class=\"elementor-icon-box-icon\">\n\t\t\t\t<a href=\"https:\/\/hepsi-markt.de\/es\/carrera-profesional\/carrera-de-ventas\/\" class=\"elementor-icon\" tabindex=\"-1\" aria-label=\"Trabajar en ventas\">\n\t\t\t\t\t\t\t\t<\/a>\n\t\t\t<\/div>\n\t\t\t\n\t\t\t\t\t\t<div class=\"elementor-icon-box-content\">\n\n\t\t\t\t\t\t\t\t\t<h3 class=\"elementor-icon-box-title\">\n\t\t\t\t\t\t<a href=\"https:\/\/hepsi-markt.de\/es\/carrera-profesional\/carrera-de-ventas\/\" >\n\t\t\t\t\t\t\tTrabajar en ventas\t\t\t\t\t\t<\/a>\n\t\t\t\t\t<\/h3>\n\t\t\t\t\n\t\t\t\t\t\t\t\t\t<p class=\"elementor-icon-box-description\">\n\t\t\t\t\t\tObtenga m\u00e1s informaci\u00f3n y presente su candidatura ahora.\t\t\t\t\t<\/p>\n\t\t\t\t\n\t\t\t<\/div>\n\t\t\t\n\t\t<\/div>\n\t\t\t\t\t\t<\/div>\n\t\t\t\t<\/div>\n\t\t\t\t\t<\/div>\n\t\t<\/div>\n\t\t\t\t\t<\/div>\n\t\t<\/section>\n\t\t\t\t<section class=\"elementor-section elementor-top-section elementor-element elementor-element-150fd3db elementor-section-boxed elementor-section-height-default elementor-section-height-default\" data-id=\"150fd3db\" data-element_type=\"section\">\n\t\t\t\t\t\t<div class=\"elementor-container elementor-column-gap-default\">\n\t\t\t\t\t<div class=\"elementor-column elementor-col-100 elementor-top-column elementor-element elementor-element-4a1e21c8\" data-id=\"4a1e21c8\" data-element_type=\"column\">\n\t\t\t<div class=\"elementor-widget-wrap elementor-element-populated\">\n\t\t\t\t\t\t<div class=\"elementor-element elementor-element-6b10a575 elementor-widget elementor-widget-spacer\" data-id=\"6b10a575\" data-element_type=\"widget\" data-widget_type=\"spacer.default\">\n\t\t\t\t<div class=\"elementor-widget-container\">\n\t\t\t\t\t\t\t<div class=\"elementor-spacer\">\n\t\t\t<div class=\"elementor-spacer-inner\"><\/div>\n\t\t<\/div>\n\t\t\t\t\t\t<\/div>\n\t\t\t\t<\/div>\n\t\t\t\t\t<\/div>\n\t\t<\/div>\n\t\t\t\t\t<\/div>\n\t\t<\/section>\n\t\t\t\t<\/div>\n\t\t","protected":false},"excerpt":{"rendered":"<p>Formaci\u00f3n en ventas Inicio de la formaci\u00f3n: 1 de agosto Hepsi Empezar tu carrera en significa estar en el meollo de las cosas desde el principio, en lugar de simplemente estar ah\u00ed, asumiendo responsabilidades y aprendiendo constantemente cosas nuevas. Con nosotros, puedes hacer un poco m\u00e1s posible cada d\u00eda, para ti y para tu futuro, [&hellip;]<\/p>\n","protected":false},"author":1,"featured_media":0,"parent":6131,"menu_order":0,"comment_status":"closed","ping_status":"closed","template":"elementor_header_footer","meta":{"_acf_changed":false,"footnotes":""},"class_list":["post-6324","page","type-page","status-publish","hentry"],"acf":[],"_links":{"self":[{"href":"https:\/\/hepsi-markt.de\/es\/wp-json\/wp\/v2\/pages\/6324","targetHints":{"allow":["GET"]}}],"collection":[{"href":"https:\/\/hepsi-markt.de\/es\/wp-json\/wp\/v2\/pages"}],"about":[{"href":"https:\/\/hepsi-markt.de\/es\/wp-json\/wp\/v2\/types\/page"}],"author":[{"embeddable":true,"href":"https:\/\/hepsi-markt.de\/es\/wp-json\/wp\/v2\/users\/1"}],"replies":[{"embeddable":true,"href":"https:\/\/hepsi-markt.de\/es\/wp-json\/wp\/v2\/comments?post=6324"}],"version-history":[{"count":2,"href":"https:\/\/hepsi-markt.de\/es\/wp-json\/wp\/v2\/pages\/6324\/revisions"}],"predecessor-version":[{"id":7661259,"href":"https:\/\/hepsi-markt.de\/es\/wp-json\/wp\/v2\/pages\/6324\/revisions\/7661259"}],"up":[{"embeddable":true,"href":"https:\/\/hepsi-markt.de\/es\/wp-json\/wp\/v2\/pages\/6131"}],"wp:attachment":[{"href":"https:\/\/hepsi-markt.de\/es\/wp-json\/wp\/v2\/media?parent=6324"}],"curies":[{"name":"wp","href":"https:\/\/api.w.org\/{rel}","templated":true}]}}