	{"id":7822868,"date":"2026-02-25T02:48:33","date_gmt":"2026-02-25T01:48:33","guid":{"rendered":"https:\/\/hepsi-markt.de\/produkt\/mutlu-makarna-yueksuek-500g\/"},"modified":"2026-04-11T02:05:28","modified_gmt":"2026-04-11T00:05:28","slug":"mutlu-makarna-yueksuek-500g","status":"publish","type":"product","link":"https:\/\/hepsi-markt.de\/en\/produkt\/mutlu-makarna-yueksuek-500g\/","title":{"rendered":"Mutlu Makarna Y\u00fcks\u00fck 500g"},"content":{"rendered":"<p>Mutlu Makarna Y\u00fcks\u00fck 500g<\/p>\n","protected":false},"excerpt":{"rendered":"<p>500 G<br \/>1000 Gramm = 1,38<\/p>\n","protected":false},"featured_media":7714610,"template":"","meta":{"_acf_changed":false},"product_brand":[],"product_cat":[395],"product_tag":[],"class_list":{"0":"post-7822868","1":"product","2":"type-product","3":"status-publish","4":"has-post-thumbnail","6":"product_cat-kochen-backen","8":"first","9":"instock","10":"shipping-taxable","11":"product-type-simple"},"acf":[],"_links":{"self":[{"href":"https:\/\/hepsi-markt.de\/en\/wp-json\/wp\/v2\/product\/7822868","targetHints":{"allow":["GET"]}}],"collection":[{"href":"https:\/\/hepsi-markt.de\/en\/wp-json\/wp\/v2\/product"}],"about":[{"href":"https:\/\/hepsi-markt.de\/en\/wp-json\/wp\/v2\/types\/product"}],"wp:featuredmedia":[{"embeddable":true,"href":"https:\/\/hepsi-markt.de\/en\/wp-json\/wp\/v2\/media\/7714610"}],"wp:attachment":[{"href":"https:\/\/hepsi-markt.de\/en\/wp-json\/wp\/v2\/media?parent=7822868"}],"wp:term":[{"taxonomy":"product_brand","embeddable":true,"href":"https:\/\/hepsi-markt.de\/en\/wp-json\/wp\/v2\/product_brand?post=7822868"},{"taxonomy":"product_cat","embeddable":true,"href":"https:\/\/hepsi-markt.de\/en\/wp-json\/wp\/v2\/product_cat?post=7822868"},{"taxonomy":"product_tag","embeddable":true,"href":"https:\/\/hepsi-markt.de\/en\/wp-json\/wp\/v2\/product_tag?post=7822868"}],"curies":[{"name":"wp","href":"https:\/\/api.w.org\/{rel}","templated":true}]}}