	{"id":7822179,"date":"2026-02-19T02:46:06","date_gmt":"2026-02-19T01:46:06","guid":{"rendered":"https:\/\/hepsi-markt.de\/produkt\/oeztuerk-cesnili-biberli-mix\/"},"modified":"2026-04-05T02:19:22","modified_gmt":"2026-04-05T00:19:22","slug":"oeztuerk-cesnili-biberli-mix","status":"publish","type":"product","link":"https:\/\/hepsi-markt.de\/en\/produkt\/oeztuerk-cesnili-biberli-mix\/","title":{"rendered":"\u00d6zt\u00fcrk Cesnili Biberli Mix"},"content":{"rendered":"<p>\u00d6zt\u00fcrk Cesnili Biberli Mix 80g<\/p>\n","protected":false},"excerpt":{"rendered":"<p>80 G<br \/>100 Gramm = 1,61<\/p>\n","protected":false},"featured_media":7729605,"template":"","meta":{"_acf_changed":false},"product_brand":[],"product_cat":[401],"product_tag":[],"class_list":{"0":"post-7822179","1":"product","2":"type-product","3":"status-publish","4":"has-post-thumbnail","6":"product_cat-wurstwaren","8":"first","9":"outofstock","10":"shipping-taxable","11":"product-type-simple"},"acf":[],"_links":{"self":[{"href":"https:\/\/hepsi-markt.de\/en\/wp-json\/wp\/v2\/product\/7822179","targetHints":{"allow":["GET"]}}],"collection":[{"href":"https:\/\/hepsi-markt.de\/en\/wp-json\/wp\/v2\/product"}],"about":[{"href":"https:\/\/hepsi-markt.de\/en\/wp-json\/wp\/v2\/types\/product"}],"wp:featuredmedia":[{"embeddable":true,"href":"https:\/\/hepsi-markt.de\/en\/wp-json\/wp\/v2\/media\/7729605"}],"wp:attachment":[{"href":"https:\/\/hepsi-markt.de\/en\/wp-json\/wp\/v2\/media?parent=7822179"}],"wp:term":[{"taxonomy":"product_brand","embeddable":true,"href":"https:\/\/hepsi-markt.de\/en\/wp-json\/wp\/v2\/product_brand?post=7822179"},{"taxonomy":"product_cat","embeddable":true,"href":"https:\/\/hepsi-markt.de\/en\/wp-json\/wp\/v2\/product_cat?post=7822179"},{"taxonomy":"product_tag","embeddable":true,"href":"https:\/\/hepsi-markt.de\/en\/wp-json\/wp\/v2\/product_tag?post=7822179"}],"curies":[{"name":"wp","href":"https:\/\/api.w.org\/{rel}","templated":true}]}}