	{"id":7832380,"date":"2026-05-11T02:57:49","date_gmt":"2026-05-11T00:57:49","guid":{"rendered":"https:\/\/hepsi-markt.de\/produkt\/super-boeller-ii-4er-paeck-80\/"},"modified":"2026-05-11T02:57:49","modified_gmt":"2026-05-11T00:57:49","slug":"super-boeller-ii-4er-paeck-80","status":"publish","type":"product","link":"https:\/\/hepsi-markt.de\/bs\/produkt\/super-boeller-ii-4er-paeck-80\/","title":{"rendered":"Super-B\u00f6ller II, 4er-P\u00e4ck. 80"},"content":{"rendered":"<p>Super-B\u00f6ller II, 4er-P\u00e4ck. 80<\/p>\n","protected":false},"excerpt":{"rendered":"<p>Stk.<br \/>St\u00fcck = 15,99<\/p>\n","protected":false},"featured_media":7774665,"template":"","meta":{"_acf_changed":false},"product_brand":[],"product_cat":[392],"product_tag":[],"class_list":{"0":"post-7832380","1":"product","2":"type-product","3":"status-publish","4":"has-post-thumbnail","6":"product_cat-kueche-haushalt","8":"first","9":"instock","10":"shipping-taxable","11":"product-type-simple"},"acf":[],"_links":{"self":[{"href":"https:\/\/hepsi-markt.de\/bs\/wp-json\/wp\/v2\/product\/7832380","targetHints":{"allow":["GET"]}}],"collection":[{"href":"https:\/\/hepsi-markt.de\/bs\/wp-json\/wp\/v2\/product"}],"about":[{"href":"https:\/\/hepsi-markt.de\/bs\/wp-json\/wp\/v2\/types\/product"}],"wp:featuredmedia":[{"embeddable":true,"href":"https:\/\/hepsi-markt.de\/bs\/wp-json\/wp\/v2\/media\/7774665"}],"wp:attachment":[{"href":"https:\/\/hepsi-markt.de\/bs\/wp-json\/wp\/v2\/media?parent=7832380"}],"wp:term":[{"taxonomy":"product_brand","embeddable":true,"href":"https:\/\/hepsi-markt.de\/bs\/wp-json\/wp\/v2\/product_brand?post=7832380"},{"taxonomy":"product_cat","embeddable":true,"href":"https:\/\/hepsi-markt.de\/bs\/wp-json\/wp\/v2\/product_cat?post=7832380"},{"taxonomy":"product_tag","embeddable":true,"href":"https:\/\/hepsi-markt.de\/bs\/wp-json\/wp\/v2\/product_tag?post=7832380"}],"curies":[{"name":"wp","href":"https:\/\/api.w.org\/{rel}","templated":true}]}}