	{"id":7661394,"date":"2024-12-13T10:54:17","date_gmt":"2024-12-13T09:54:17","guid":{"rendered":"https:\/\/hepsi-markt.de\/produkt\/kalbs-spiesse-mariniert-helal-qualitaet\/"},"modified":"2026-04-04T03:21:19","modified_gmt":"2026-04-04T01:21:19","slug":"kalbs-spiesse-mariniert-helal-qualitaet","status":"publish","type":"product","link":"https:\/\/hepsi-markt.de\/bs\/produkt\/kalbs-spiesse-mariniert-helal-qualitaet\/","title":{"rendered":"Kalbs Spie\u00dfe Mariniert Helal Qualit\u00e4t"},"content":{"rendered":"<p>Kalbs Spie\u00dfe Mariniert<\/p>\n","protected":false},"excerpt":{"rendered":"<p>1 KG<br \/>Kilogramm = 15,99<\/p>\n","protected":false},"featured_media":7740338,"template":"","meta":{"_acf_changed":false},"product_brand":[],"product_cat":[399],"product_tag":[],"class_list":{"0":"post-7661394","1":"product","2":"type-product","3":"status-publish","4":"has-post-thumbnail","6":"product_cat-frischetheke","8":"first","9":"instock","10":"sale","11":"shipping-taxable","12":"product-type-simple"},"acf":[],"_links":{"self":[{"href":"https:\/\/hepsi-markt.de\/bs\/wp-json\/wp\/v2\/product\/7661394","targetHints":{"allow":["GET"]}}],"collection":[{"href":"https:\/\/hepsi-markt.de\/bs\/wp-json\/wp\/v2\/product"}],"about":[{"href":"https:\/\/hepsi-markt.de\/bs\/wp-json\/wp\/v2\/types\/product"}],"wp:featuredmedia":[{"embeddable":true,"href":"https:\/\/hepsi-markt.de\/bs\/wp-json\/wp\/v2\/media\/7740338"}],"wp:attachment":[{"href":"https:\/\/hepsi-markt.de\/bs\/wp-json\/wp\/v2\/media?parent=7661394"}],"wp:term":[{"taxonomy":"product_brand","embeddable":true,"href":"https:\/\/hepsi-markt.de\/bs\/wp-json\/wp\/v2\/product_brand?post=7661394"},{"taxonomy":"product_cat","embeddable":true,"href":"https:\/\/hepsi-markt.de\/bs\/wp-json\/wp\/v2\/product_cat?post=7661394"},{"taxonomy":"product_tag","embeddable":true,"href":"https:\/\/hepsi-markt.de\/bs\/wp-json\/wp\/v2\/product_tag?post=7661394"}],"curies":[{"name":"wp","href":"https:\/\/api.w.org\/{rel}","templated":true}]}}