	{"id":7658759,"date":"2024-12-09T11:47:33","date_gmt":"2024-12-09T10:47:33","guid":{"rendered":"https:\/\/hepsi-markt.de\/produkt\/oeztuerk-taze-coekelek-350g\/"},"modified":"2025-03-25T02:17:17","modified_gmt":"2025-03-25T01:17:17","slug":"oeztuerk-taze-coekelek-350g","status":"publish","type":"product","link":"https:\/\/hepsi-markt.de\/bs\/produkt\/oeztuerk-taze-coekelek-350g\/","title":{"rendered":"\u00d6zt\u00fcrk Taze C\u00f6kelek 250g"},"content":{"rendered":"<p>\u00d6zt\u00fcrk Taze C\u00f6kelek 250 G<\/p>\n","protected":false},"excerpt":{"rendered":"<p>250g<br \/>1000 Gramm = 13,96<\/p>\n","protected":false},"featured_media":7745313,"template":"","meta":{"_acf_changed":false},"product_brand":[],"product_cat":[393],"product_tag":[],"class_list":{"0":"post-7658759","1":"product","2":"type-product","3":"status-publish","4":"has-post-thumbnail","6":"product_cat-kaese-eier-molkerei","8":"first","9":"outofstock","10":"shipping-taxable","11":"product-type-simple"},"acf":[],"_links":{"self":[{"href":"https:\/\/hepsi-markt.de\/bs\/wp-json\/wp\/v2\/product\/7658759","targetHints":{"allow":["GET"]}}],"collection":[{"href":"https:\/\/hepsi-markt.de\/bs\/wp-json\/wp\/v2\/product"}],"about":[{"href":"https:\/\/hepsi-markt.de\/bs\/wp-json\/wp\/v2\/types\/product"}],"wp:featuredmedia":[{"embeddable":true,"href":"https:\/\/hepsi-markt.de\/bs\/wp-json\/wp\/v2\/media\/7745313"}],"wp:attachment":[{"href":"https:\/\/hepsi-markt.de\/bs\/wp-json\/wp\/v2\/media?parent=7658759"}],"wp:term":[{"taxonomy":"product_brand","embeddable":true,"href":"https:\/\/hepsi-markt.de\/bs\/wp-json\/wp\/v2\/product_brand?post=7658759"},{"taxonomy":"product_cat","embeddable":true,"href":"https:\/\/hepsi-markt.de\/bs\/wp-json\/wp\/v2\/product_cat?post=7658759"},{"taxonomy":"product_tag","embeddable":true,"href":"https:\/\/hepsi-markt.de\/bs\/wp-json\/wp\/v2\/product_tag?post=7658759"}],"curies":[{"name":"wp","href":"https:\/\/api.w.org\/{rel}","templated":true}]}}