	{"id":7658469,"date":"2024-12-09T11:43:33","date_gmt":"2024-12-09T10:43:33","guid":{"rendered":"https:\/\/hepsi-markt.de\/produkt\/haehn-brust-mariniert-helal-qualitaet\/"},"modified":"2026-04-04T03:21:21","modified_gmt":"2026-04-04T01:21:21","slug":"haehn-brust-mariniert-helal-qualitaet","status":"publish","type":"product","link":"https:\/\/hepsi-markt.de\/bs\/produkt\/haehn-brust-mariniert-helal-qualitaet\/","title":{"rendered":"H\u00e4hn.- Brust Mariniert Helal Qualit\u00e4t"},"content":{"rendered":"<p>H\u00e4hn.- Brust Mariniert<\/p>\n","protected":false},"excerpt":{"rendered":"<p>1 KG<br \/>Kilogramm = 8,99<\/p>\n","protected":false},"featured_media":7740351,"template":"","meta":{"_acf_changed":false},"product_brand":[],"product_cat":[399],"product_tag":[],"class_list":{"0":"post-7658469","1":"product","2":"type-product","3":"status-publish","4":"has-post-thumbnail","6":"product_cat-frischetheke","8":"first","9":"instock","10":"shipping-taxable","11":"product-type-simple"},"acf":[],"_links":{"self":[{"href":"https:\/\/hepsi-markt.de\/bs\/wp-json\/wp\/v2\/product\/7658469","targetHints":{"allow":["GET"]}}],"collection":[{"href":"https:\/\/hepsi-markt.de\/bs\/wp-json\/wp\/v2\/product"}],"about":[{"href":"https:\/\/hepsi-markt.de\/bs\/wp-json\/wp\/v2\/types\/product"}],"wp:featuredmedia":[{"embeddable":true,"href":"https:\/\/hepsi-markt.de\/bs\/wp-json\/wp\/v2\/media\/7740351"}],"wp:attachment":[{"href":"https:\/\/hepsi-markt.de\/bs\/wp-json\/wp\/v2\/media?parent=7658469"}],"wp:term":[{"taxonomy":"product_brand","embeddable":true,"href":"https:\/\/hepsi-markt.de\/bs\/wp-json\/wp\/v2\/product_brand?post=7658469"},{"taxonomy":"product_cat","embeddable":true,"href":"https:\/\/hepsi-markt.de\/bs\/wp-json\/wp\/v2\/product_cat?post=7658469"},{"taxonomy":"product_tag","embeddable":true,"href":"https:\/\/hepsi-markt.de\/bs\/wp-json\/wp\/v2\/product_tag?post=7658469"}],"curies":[{"name":"wp","href":"https:\/\/api.w.org\/{rel}","templated":true}]}}