	{"id":7658031,"date":"2024-12-09T11:37:33","date_gmt":"2024-12-09T10:37:33","guid":{"rendered":"https:\/\/hepsi-markt.de\/produkt\/muratbey-oergue-peynir-150g\/"},"modified":"2026-04-04T03:14:02","modified_gmt":"2026-04-04T01:14:02","slug":"muratbey-oergue-peynir-150g","status":"publish","type":"product","link":"https:\/\/hepsi-markt.de\/bs\/produkt\/muratbey-oergue-peynir-150g\/","title":{"rendered":"Muratbey \u00d6rg\u00fc Peynir 150g"},"content":{"rendered":"<p>Muratbey \u00d6rg\u00fc Peynir 150g<\/p>\n","protected":false},"excerpt":{"rendered":"<p>200 G<br \/>1000 Gramm = 19,93<\/p>\n","protected":false},"featured_media":7732084,"template":"","meta":{"_acf_changed":false},"product_brand":[],"product_cat":[393],"product_tag":[],"class_list":{"0":"post-7658031","1":"product","2":"type-product","3":"status-publish","4":"has-post-thumbnail","6":"product_cat-kaese-eier-molkerei","8":"first","9":"outofstock","10":"shipping-taxable","11":"product-type-simple"},"acf":[],"_links":{"self":[{"href":"https:\/\/hepsi-markt.de\/bs\/wp-json\/wp\/v2\/product\/7658031","targetHints":{"allow":["GET"]}}],"collection":[{"href":"https:\/\/hepsi-markt.de\/bs\/wp-json\/wp\/v2\/product"}],"about":[{"href":"https:\/\/hepsi-markt.de\/bs\/wp-json\/wp\/v2\/types\/product"}],"wp:featuredmedia":[{"embeddable":true,"href":"https:\/\/hepsi-markt.de\/bs\/wp-json\/wp\/v2\/media\/7732084"}],"wp:attachment":[{"href":"https:\/\/hepsi-markt.de\/bs\/wp-json\/wp\/v2\/media?parent=7658031"}],"wp:term":[{"taxonomy":"product_brand","embeddable":true,"href":"https:\/\/hepsi-markt.de\/bs\/wp-json\/wp\/v2\/product_brand?post=7658031"},{"taxonomy":"product_cat","embeddable":true,"href":"https:\/\/hepsi-markt.de\/bs\/wp-json\/wp\/v2\/product_cat?post=7658031"},{"taxonomy":"product_tag","embeddable":true,"href":"https:\/\/hepsi-markt.de\/bs\/wp-json\/wp\/v2\/product_tag?post=7658031"}],"curies":[{"name":"wp","href":"https:\/\/api.w.org\/{rel}","templated":true}]}}