	{"id":7651025,"date":"2024-12-06T17:54:56","date_gmt":"2024-12-06T16:54:56","guid":{"rendered":"https:\/\/hepsi-markt.de\/produkt\/oencue-domates-salca-dose-830g\/"},"modified":"2026-04-04T03:03:46","modified_gmt":"2026-04-04T01:03:46","slug":"oencue-domates-salca-dose-830g","status":"publish","type":"product","link":"https:\/\/hepsi-markt.de\/bs\/produkt\/oencue-domates-salca-dose-830g\/","title":{"rendered":"\u00d6nc\u00fc Domates Salca Dose 830g"},"content":{"rendered":"<p>\u00d6nc\u00fc Domates Salca Dose 830g<\/p>\n","protected":false},"excerpt":{"rendered":"<p>830 G<br \/>1000 Gramm = 2,04<\/p>\n","protected":false},"featured_media":7720813,"template":"","meta":{"_acf_changed":false},"product_brand":[],"product_cat":[395],"product_tag":[],"class_list":{"0":"post-7651025","1":"product","2":"type-product","3":"status-publish","4":"has-post-thumbnail","6":"product_cat-kochen-backen","8":"first","9":"instock","10":"shipping-taxable","11":"product-type-simple"},"acf":[],"_links":{"self":[{"href":"https:\/\/hepsi-markt.de\/bs\/wp-json\/wp\/v2\/product\/7651025","targetHints":{"allow":["GET"]}}],"collection":[{"href":"https:\/\/hepsi-markt.de\/bs\/wp-json\/wp\/v2\/product"}],"about":[{"href":"https:\/\/hepsi-markt.de\/bs\/wp-json\/wp\/v2\/types\/product"}],"wp:featuredmedia":[{"embeddable":true,"href":"https:\/\/hepsi-markt.de\/bs\/wp-json\/wp\/v2\/media\/7720813"}],"wp:attachment":[{"href":"https:\/\/hepsi-markt.de\/bs\/wp-json\/wp\/v2\/media?parent=7651025"}],"wp:term":[{"taxonomy":"product_brand","embeddable":true,"href":"https:\/\/hepsi-markt.de\/bs\/wp-json\/wp\/v2\/product_brand?post=7651025"},{"taxonomy":"product_cat","embeddable":true,"href":"https:\/\/hepsi-markt.de\/bs\/wp-json\/wp\/v2\/product_cat?post=7651025"},{"taxonomy":"product_tag","embeddable":true,"href":"https:\/\/hepsi-markt.de\/bs\/wp-json\/wp\/v2\/product_tag?post=7651025"}],"curies":[{"name":"wp","href":"https:\/\/api.w.org\/{rel}","templated":true}]}}