	{"id":7650783,"date":"2024-12-06T17:51:43","date_gmt":"2024-12-06T16:51:43","guid":{"rendered":"https:\/\/hepsi-markt.de\/produkt\/sera-uezuem-sirkesi-sise-essig-500ml\/"},"modified":"2026-04-04T02:57:14","modified_gmt":"2026-04-04T00:57:14","slug":"sera-uezuem-sirkesi-sise-essig-500ml","status":"publish","type":"product","link":"https:\/\/hepsi-markt.de\/bs\/produkt\/sera-uezuem-sirkesi-sise-essig-500ml\/","title":{"rendered":"Sera \u00dcz\u00fcm Sirkesi Sise Essig 500ml"},"content":{"rendered":"<p>Sera \u00dcz\u00fcm Sirkesi Sise Essig 500ml<\/p>\n","protected":false},"excerpt":{"rendered":"<p>500 ML<br \/>1000 Milliliter = 3,58<\/p>\n","protected":false},"featured_media":7714157,"template":"","meta":{"_acf_changed":false},"product_brand":[],"product_cat":[395],"product_tag":[],"class_list":{"0":"post-7650783","1":"product","2":"type-product","3":"status-publish","4":"has-post-thumbnail","6":"product_cat-kochen-backen","8":"first","9":"outofstock","10":"shipping-taxable","11":"product-type-simple"},"acf":[],"_links":{"self":[{"href":"https:\/\/hepsi-markt.de\/bs\/wp-json\/wp\/v2\/product\/7650783","targetHints":{"allow":["GET"]}}],"collection":[{"href":"https:\/\/hepsi-markt.de\/bs\/wp-json\/wp\/v2\/product"}],"about":[{"href":"https:\/\/hepsi-markt.de\/bs\/wp-json\/wp\/v2\/types\/product"}],"wp:featuredmedia":[{"embeddable":true,"href":"https:\/\/hepsi-markt.de\/bs\/wp-json\/wp\/v2\/media\/7714157"}],"wp:attachment":[{"href":"https:\/\/hepsi-markt.de\/bs\/wp-json\/wp\/v2\/media?parent=7650783"}],"wp:term":[{"taxonomy":"product_brand","embeddable":true,"href":"https:\/\/hepsi-markt.de\/bs\/wp-json\/wp\/v2\/product_brand?post=7650783"},{"taxonomy":"product_cat","embeddable":true,"href":"https:\/\/hepsi-markt.de\/bs\/wp-json\/wp\/v2\/product_cat?post=7650783"},{"taxonomy":"product_tag","embeddable":true,"href":"https:\/\/hepsi-markt.de\/bs\/wp-json\/wp\/v2\/product_tag?post=7650783"}],"curies":[{"name":"wp","href":"https:\/\/api.w.org\/{rel}","templated":true}]}}