	{"id":6318,"date":"2021-04-29T15:16:21","date_gmt":"2021-04-29T13:16:21","guid":{"rendered":"https:\/\/hepsi-markt.de\/karijera\/trening-za-karijeru\/"},"modified":"2024-12-11T09:44:00","modified_gmt":"2024-12-11T08:44:00","slug":"trening-za-karijeru","status":"publish","type":"page","link":"https:\/\/hepsi-markt.de\/bs\/karijera\/trening-za-karijeru\/","title":{"rendered":"Trening za karijeru"},"content":{"rendered":"\t\t<div data-elementor-type=\"wp-page\" data-elementor-id=\"6318\" class=\"elementor elementor-6318 elementor-979\" data-elementor-post-type=\"page\">\n\t\t\t\t\t\t<section class=\"elementor-section elementor-top-section elementor-element elementor-element-48f48d0 elementor-section-full_width elementor-section-height-default elementor-section-height-default\" data-id=\"48f48d0\" data-element_type=\"section\">\n\t\t\t\t\t\t<div class=\"elementor-container elementor-column-gap-default\">\n\t\t\t\t\t<div class=\"elementor-column elementor-col-100 elementor-top-column elementor-element elementor-element-60270c0\" data-id=\"60270c0\" data-element_type=\"column\">\n\t\t\t<div class=\"elementor-widget-wrap\">\n\t\t\t\t\t\t\t<\/div>\n\t\t<\/div>\n\t\t\t\t\t<\/div>\n\t\t<\/section>\n\t\t\t\t<section class=\"elementor-section elementor-top-section elementor-element elementor-element-25fe2d43 elementor-section-full_width elementor-section-stretched elementor-section-height-default elementor-section-height-default\" data-id=\"25fe2d43\" data-element_type=\"section\" data-settings=\"{&quot;stretch_section&quot;:&quot;section-stretched&quot;}\">\n\t\t\t\t\t\t<div class=\"elementor-container elementor-column-gap-default\">\n\t\t\t\t\t<div class=\"elementor-column elementor-col-100 elementor-top-column elementor-element elementor-element-6b8828f\" data-id=\"6b8828f\" data-element_type=\"column\">\n\t\t\t<div class=\"elementor-widget-wrap elementor-element-populated\">\n\t\t\t\t\t\t<div class=\"elementor-element elementor-element-52b5a3dc elementor-widget elementor-widget-heading\" data-id=\"52b5a3dc\" data-element_type=\"widget\" data-widget_type=\"heading.default\">\n\t\t\t\t<div class=\"elementor-widget-container\">\n\t\t\t\t\t<h1 class=\"elementor-heading-title elementor-size-default\">Obuka prodaje<\/h1>\t\t\t\t<\/div>\n\t\t\t\t<\/div>\n\t\t\t\t\t<\/div>\n\t\t<\/div>\n\t\t\t\t\t<\/div>\n\t\t<\/section>\n\t\t\t\t<section class=\"elementor-section elementor-top-section elementor-element elementor-element-51bf2141 elementor-section-boxed elementor-section-height-default elementor-section-height-default\" data-id=\"51bf2141\" data-element_type=\"section\">\n\t\t\t\t\t\t<div class=\"elementor-container elementor-column-gap-default\">\n\t\t\t\t\t<div class=\"elementor-column elementor-col-100 elementor-top-column elementor-element elementor-element-ed99733\" data-id=\"ed99733\" data-element_type=\"column\">\n\t\t\t<div class=\"elementor-widget-wrap elementor-element-populated\">\n\t\t\t\t\t\t<div class=\"elementor-element elementor-element-3ce5266 elementor-widget elementor-widget-spacer\" data-id=\"3ce5266\" data-element_type=\"widget\" data-widget_type=\"spacer.default\">\n\t\t\t\t<div class=\"elementor-widget-container\">\n\t\t\t\t\t\t\t<div class=\"elementor-spacer\">\n\t\t\t<div class=\"elementor-spacer-inner\"><\/div>\n\t\t<\/div>\n\t\t\t\t\t\t<\/div>\n\t\t\t\t<\/div>\n\t\t\t\t<div class=\"elementor-element elementor-element-30c5253e elementor-widget elementor-widget-text-editor\" data-id=\"30c5253e\" data-element_type=\"widget\" data-widget_type=\"text-editor.default\">\n\t\t\t\t<div class=\"elementor-widget-container\">\n\t\t\t\t\t\t\t\t\t<h3>Po\u010detak treninga: 1. avgust<\/h3>\n<\/p>\n<h4><strong>Zapo\u010deti svoj profesionalni \u017eivot sa Hepsi zna\u010di<\/strong> biti u gu\u0161ti stvari od samog po\u010detka umjesto da budete samo tamo, preuzimate odgovornost i stalno u\u010dite nove stvari. Sa nama svaki dan mo\u017eete u\u010diniti malo vi\u0161e mogu\u0107im, za sebe i svoju budu\u0107nost &#8211; i istovremeno se dobro zabaviti. Zajedno rje\u0161avati stvari, obavljati stvari i jo\u0161 uvijek ne\u0161to raditi &#8211; i biti po\u0161teno pla\u0107eni za to: Tako funkcionira Hepsi tim.<\/h4>\n\t\t\t\t\t\t\t\t<\/div>\n\t\t\t\t<\/div>\n\t\t\t\t<div class=\"elementor-element elementor-element-7b2da0f8 elementor-widget elementor-widget-image\" data-id=\"7b2da0f8\" data-element_type=\"widget\" data-widget_type=\"image.default\">\n\t\t\t\t<div class=\"elementor-widget-container\">\n\t\t\t\t\t\t\t\t\t\t\t\t\t\t\t<img fetchpriority=\"high\" decoding=\"async\" width=\"1600\" height=\"800\" src=\"https:\/\/hepsi-markt.de\/wp-content\/uploads\/2024\/11\/Hepsi-Azubi.jpg\" class=\"attachment-full size-full wp-image-7639296\" alt=\"Hepsi-Azubi\" srcset=\"https:\/\/hepsi-markt.de\/wp-content\/uploads\/2024\/11\/Hepsi-Azubi.jpg 1600w, https:\/\/hepsi-markt.de\/wp-content\/uploads\/2024\/11\/Hepsi-Azubi-300x150.jpg 300w, https:\/\/hepsi-markt.de\/wp-content\/uploads\/2024\/11\/Hepsi-Azubi-1024x512.jpg 1024w, https:\/\/hepsi-markt.de\/wp-content\/uploads\/2024\/11\/Hepsi-Azubi-768x384.jpg 768w, https:\/\/hepsi-markt.de\/wp-content\/uploads\/2024\/11\/Hepsi-Azubi-1536x768.jpg 1536w, https:\/\/hepsi-markt.de\/wp-content\/uploads\/2024\/11\/Hepsi-Azubi-500x250.jpg 500w\" sizes=\"(max-width: 1600px) 100vw, 1600px\" \/>\t\t\t\t\t\t\t\t\t\t\t\t\t\t\t<\/div>\n\t\t\t\t<\/div>\n\t\t\t\t\t<\/div>\n\t\t<\/div>\n\t\t\t\t\t<\/div>\n\t\t<\/section>\n\t\t\t\t<section class=\"elementor-section elementor-top-section elementor-element elementor-element-26ac7e5e elementor-section-boxed elementor-section-height-default elementor-section-height-default\" data-id=\"26ac7e5e\" data-element_type=\"section\">\n\t\t\t\t\t\t<div class=\"elementor-container elementor-column-gap-default\">\n\t\t\t\t\t<div class=\"elementor-column elementor-col-100 elementor-top-column elementor-element elementor-element-5f5e375d\" data-id=\"5f5e375d\" data-element_type=\"column\">\n\t\t\t<div class=\"elementor-widget-wrap elementor-element-populated\">\n\t\t\t\t\t\t<div class=\"elementor-element elementor-element-803e96a elementor-widget elementor-widget-spacer\" data-id=\"803e96a\" data-element_type=\"widget\" data-widget_type=\"spacer.default\">\n\t\t\t\t<div class=\"elementor-widget-container\">\n\t\t\t\t\t\t\t<div class=\"elementor-spacer\">\n\t\t\t<div class=\"elementor-spacer-inner\"><\/div>\n\t\t<\/div>\n\t\t\t\t\t\t<\/div>\n\t\t\t\t<\/div>\n\t\t\t\t<div class=\"elementor-element elementor-element-74e0295b elementor-widget elementor-widget-text-editor\" data-id=\"74e0295b\" data-element_type=\"widget\" data-widget_type=\"text-editor.default\">\n\t\t\t\t<div class=\"elementor-widget-container\">\n\t\t\t\t\t\t\t\t\t<h2>Na Hepsi-Markt mo\u017eete obaviti sljede\u0107e treninge:<\/h2>\n\t\t\t\t\t\t\t\t<\/div>\n\t\t\t\t<\/div>\n\t\t\t\t\t<\/div>\n\t\t<\/div>\n\t\t\t\t\t<\/div>\n\t\t<\/section>\n\t\t\t\t<section class=\"elementor-section elementor-top-section elementor-element elementor-element-5d520002 elementor-section-boxed elementor-section-height-default elementor-section-height-default\" data-id=\"5d520002\" data-element_type=\"section\">\n\t\t\t\t\t\t<div class=\"elementor-container elementor-column-gap-default\">\n\t\t\t\t\t<div class=\"elementor-column elementor-col-100 elementor-top-column elementor-element elementor-element-4749ffb6\" data-id=\"4749ffb6\" data-element_type=\"column\">\n\t\t\t<div class=\"elementor-widget-wrap elementor-element-populated\">\n\t\t\t\t\t\t<div class=\"elementor-element elementor-element-45c71890 elementor-widget elementor-widget-toggle\" data-id=\"45c71890\" data-element_type=\"widget\" data-widget_type=\"toggle.default\">\n\t\t\t\t<div class=\"elementor-widget-container\">\n\t\t\t\t\t\t\t<div class=\"elementor-toggle\">\n\t\t\t\t\t\t\t<div class=\"elementor-toggle-item\">\n\t\t\t\t\t<div id=\"elementor-tab-title-1171\" class=\"elementor-tab-title\" data-tab=\"1\" role=\"button\" aria-controls=\"elementor-tab-content-1171\" aria-expanded=\"false\">\n\t\t\t\t\t\t\t\t\t\t\t\t<span class=\"elementor-toggle-icon elementor-toggle-icon-left\" aria-hidden=\"true\">\n\t\t\t\t\t\t\t\t\t\t\t\t\t\t\t<span class=\"elementor-toggle-icon-closed\"><i class=\"fas fa-info-circle\"><\/i><\/span>\n\t\t\t\t\t\t\t\t<span class=\"elementor-toggle-icon-opened\"><i class=\"elementor-toggle-icon-opened fas fa-arrow-alt-circle-down\"><\/i><\/span>\n\t\t\t\t\t\t\t\t\t\t\t\t\t<\/span>\n\t\t\t\t\t\t\t\t\t\t\t\t<a class=\"elementor-toggle-title\" tabindex=\"0\">Prodava\u010d (m\/\u017e\/d), trajanje: 2 godine  <\/a>\n\t\t\t\t\t<\/div>\n\n\t\t\t\t\t<div id=\"elementor-tab-content-1171\" class=\"elementor-tab-content elementor-clearfix\" data-tab=\"1\" role=\"region\" aria-labelledby=\"elementor-tab-title-1171\"><h3> <\/h3>\n<div class=\"jobsub\">Va\u0161i zadaci<\/div>\n<h4>Tokom va\u0161e dvogodi\u0161nje obuke nau\u010di\u0107ete \u0161ta je va\u017eno u maloprodaji i kako kvalitetom, sve\u017einom i \u010disto\u0107om obezbe\u0111ujemo uspe\u0161nu kupovinu u na\u0161im Hepsi poslovnicama. Bilo da se radi o ra\u0161\u010di\u0161\u0107avanju i predstavljanju robe, pe\u010denju ili blagajnici: uklju\u010dite se i ulo\u017eite svoj puni trud. Provjeravate pristiglu robu, podr\u017eavate inventuru i stojite na raspolaganju na\u0161im kupcima uz savjete i podr\u0161ku. Kako biste dodatno razvili svoje vje\u0161tine, u\u010destvovat \u0107ete u kursevima obuke i uzbudljivim projektima za pripravnike.<\/h4>\n<h3> <\/h3>\n<div class=\"jobsub\">tvoj profil<\/div>\n<ul>\n<li>Uspje\u0161na matura<\/li>\n<li>Pouzdan i predan na\u010din rada<\/li>\n<li>Timski duh, ljubaznost i zabavno opho\u0111enje sa ljudima<\/li>\n<li>Vremenska fleksibilnost u okviru radnog vremena va\u0161e filijale<\/li>\n<\/ul>\n<div class=\"jobsub\">va\u0161e prednosti<\/div>\n<ul>\n<li>1,100 \u20ac\/mjese\u010dno u 1. godina, 1.200 \u20ac\/mjese\u010dno u 2. godina, (puno radno vrijeme)<\/li>\n<li>Individualna podr\u0161ka, ohrabrenje i nadzor od strane iskusnih trenera<\/li>\n<li>Profesionalni i li\u010dni razvoj preuzimanjem sve ve\u0107e odgovornosti<\/li>\n<li>Raznovrsni zadaci i projekti<\/li>\n<li>Nakon uspje\u0161nih zavr\u0161nih ispita, imate najbolje izglede za preuzimanje i unapre\u0111enje na vi\u0161e pozicije<\/li>\n<\/ul>\n<\/div>\n\t\t\t\t<\/div>\n\t\t\t\t\t\t\t<div class=\"elementor-toggle-item\">\n\t\t\t\t\t<div id=\"elementor-tab-title-1172\" class=\"elementor-tab-title\" data-tab=\"2\" role=\"button\" aria-controls=\"elementor-tab-content-1172\" aria-expanded=\"false\">\n\t\t\t\t\t\t\t\t\t\t\t\t<span class=\"elementor-toggle-icon elementor-toggle-icon-left\" aria-hidden=\"true\">\n\t\t\t\t\t\t\t\t\t\t\t\t\t\t\t<span class=\"elementor-toggle-icon-closed\"><i class=\"fas fa-info-circle\"><\/i><\/span>\n\t\t\t\t\t\t\t\t<span class=\"elementor-toggle-icon-opened\"><i class=\"elementor-toggle-icon-opened fas fa-arrow-alt-circle-down\"><\/i><\/span>\n\t\t\t\t\t\t\t\t\t\t\t\t\t<\/span>\n\t\t\t\t\t\t\t\t\t\t\t\t<a class=\"elementor-toggle-title\" tabindex=\"0\">Slu\u017ebenik maloprodaje (m\/\u017e\/d), trajanje: 3 godine  <\/a>\n\t\t\t\t\t<\/div>\n\n\t\t\t\t\t<div id=\"elementor-tab-content-1172\" class=\"elementor-tab-content elementor-clearfix\" data-tab=\"2\" role=\"region\" aria-labelledby=\"elementor-tab-title-1172\"><h3> <\/h3>\n<div class=\"jobsub\">Va\u0161i zadaci<\/div>\n<h4>Tokom va\u0161e 3-godi\u0161nje obuke nau\u010di\u0107ete \u0161ta je va\u017eno u maloprodaji i kako kvalitetom, sve\u017einom i \u010disto\u0107om obezbe\u0111ujemo uspe\u0161nu kupovinu u na\u0161im Hepsi poslovnicama. Bilo da se radi o ra\u0161\u010di\u0161\u0107avanju i predstavljanju robe, pe\u010denju ili blagajnici: uklju\u010dite se i ulo\u017eite svoj puni trud. Provjeravate pristiglu robu, podr\u017eavate inventuru i stojite na raspolaganju na\u0161im kupcima uz savjete i podr\u0161ku. U tre\u0107oj godini obuke nau\u010dit \u0107ete kako kreirati planove raspore\u0111ivanja osoblja i upravljati svojom prvom smjenom. Kako biste dodatno razvili svoje vje\u0161tine, u\u010destvovat \u0107ete u kursevima obuke i uzbudljivim projektima za pripravnike.<\/h4>\n<h3> <\/h3>\n<div class=\"jobsub\">tvoj profil<\/div>\n<ul>\n<li>Uspje\u0161na matura<\/li>\n<li>Zanima vas dinami\u010dan svijet trgovanja?<\/li>\n<li>Pogon i predan na\u010din rada<\/li>\n<li>Timski duh, ljubaznost i zabavno opho\u0111enje sa ljudima<\/li>\n<li>Vremenska fleksibilnost u okviru radnog vremena va\u0161e filijale<\/li>\n<\/ul>\n<h3> <\/h3>\n<div class=\"jobsub\">va\u0161e prednosti<\/div>\n<ul>\n<li>Plata: 1.100 \u20ac\/mjese\u010dno 1. godina, 1.200 \u20ac\/mjese\u010dno u 2. godina, 1.350 \u20ac\/mjese\u010dno u 3. godina (puno radno vrijeme)<\/li>\n<\/ul>\n<ul>\n<li>Individualna podr\u0161ka, ohrabrenje i nadzor od strane iskusnih trenera<\/li>\n<li>Profesionalni i li\u010dni razvoj preuzimanjem sve ve\u0107e odgovornosti<\/li>\n<li>Raznovrsni zadaci i projekti<\/li>\n<li>Nakon uspje\u0161nih zavr\u0161nih ispita, imate najbolje izglede za preuzimanje i unapre\u0111enje na vi\u0161e pozicije<\/li>\n<\/ul>\n<\/div>\n\t\t\t\t<\/div>\n\t\t\t\t\t\t\t\t<\/div>\n\t\t\t\t\t\t<\/div>\n\t\t\t\t<\/div>\n\t\t\t\t\t<\/div>\n\t\t<\/div>\n\t\t\t\t\t<\/div>\n\t\t<\/section>\n\t\t\t\t<section class=\"elementor-section elementor-top-section elementor-element elementor-element-4f77b16 elementor-section-boxed elementor-section-height-default elementor-section-height-default\" data-id=\"4f77b16\" data-element_type=\"section\">\n\t\t\t\t\t\t<div class=\"elementor-container elementor-column-gap-default\">\n\t\t\t\t\t<div class=\"elementor-column elementor-col-100 elementor-top-column elementor-element elementor-element-2cd813f\" data-id=\"2cd813f\" data-element_type=\"column\">\n\t\t\t<div class=\"elementor-widget-wrap elementor-element-populated\">\n\t\t\t\t\t\t<div class=\"elementor-element elementor-element-91d1a72 elementor-align-center elementor-widget elementor-widget-button\" data-id=\"91d1a72\" data-element_type=\"widget\" data-widget_type=\"button.default\">\n\t\t\t\t<div class=\"elementor-widget-container\">\n\t\t\t\t\t\t\t\t\t<div class=\"elementor-button-wrapper\">\n\t\t\t\t\t<a class=\"elementor-button elementor-button-link elementor-size-lg elementor-animation-shrink\" href=\"#elementor-action%3Aaction%3Dpopup%3Aopen%26settings%3DeyJpZCI6NzA0MiwidG9nZ2xlIjpmYWxzZX0%3D\">\n\t\t\t\t\t\t<span class=\"elementor-button-content-wrapper\">\n\t\t\t\t\t\t\t\t\t<span class=\"elementor-button-text\">Prijavite se sada<\/span>\n\t\t\t\t\t<\/span>\n\t\t\t\t\t<\/a>\n\t\t\t\t<\/div>\n\t\t\t\t\t\t\t\t<\/div>\n\t\t\t\t<\/div>\n\t\t\t\t\t<\/div>\n\t\t<\/div>\n\t\t\t\t\t<\/div>\n\t\t<\/section>\n\t\t\t\t<section class=\"elementor-section elementor-top-section elementor-element elementor-element-4084d922 elementor-section-boxed elementor-section-height-default elementor-section-height-default\" data-id=\"4084d922\" data-element_type=\"section\">\n\t\t\t\t\t\t<div class=\"elementor-container elementor-column-gap-default\">\n\t\t\t\t\t<div class=\"elementor-column elementor-col-100 elementor-top-column elementor-element elementor-element-2dc47e3e\" data-id=\"2dc47e3e\" data-element_type=\"column\">\n\t\t\t<div class=\"elementor-widget-wrap elementor-element-populated\">\n\t\t\t\t\t\t<div class=\"elementor-element elementor-element-4829455f elementor-widget elementor-widget-spacer\" data-id=\"4829455f\" data-element_type=\"widget\" data-widget_type=\"spacer.default\">\n\t\t\t\t<div class=\"elementor-widget-container\">\n\t\t\t\t\t\t\t<div class=\"elementor-spacer\">\n\t\t\t<div class=\"elementor-spacer-inner\"><\/div>\n\t\t<\/div>\n\t\t\t\t\t\t<\/div>\n\t\t\t\t<\/div>\n\t\t\t\t\t<\/div>\n\t\t<\/div>\n\t\t\t\t\t<\/div>\n\t\t<\/section>\n\t\t\t\t<section class=\"elementor-section elementor-top-section elementor-element elementor-element-5e9458ae elementor-section-boxed elementor-section-height-default elementor-section-height-default\" data-id=\"5e9458ae\" data-element_type=\"section\">\n\t\t\t\t\t\t<div class=\"elementor-container elementor-column-gap-default\">\n\t\t\t\t\t<div class=\"elementor-column elementor-col-100 elementor-top-column elementor-element elementor-element-8f7124a\" data-id=\"8f7124a\" data-element_type=\"column\">\n\t\t\t<div class=\"elementor-widget-wrap elementor-element-populated\">\n\t\t\t\t\t\t<div class=\"elementor-element elementor-element-4f4e165e elementor-blockquote--skin-quotation elementor-widget elementor-widget-blockquote\" data-id=\"4f4e165e\" data-element_type=\"widget\" data-widget_type=\"blockquote.default\">\n\t\t\t\t<div class=\"elementor-widget-container\">\n\t\t\t\t\t\t\t<blockquote class=\"elementor-blockquote\">\n\t\t\t<p class=\"elementor-blockquote__content\">\n\t\t\t\tSa Hepsi sam 3 godine i potpuno sam zadovoljan. Nadre\u0111eni vide \u0161ta mi kao zaposleni radimo svaki dan i hvale nas, sami se uklju\u010duju i imaju otvoreno uho.\t\t\t<\/p>\n\t\t\t\t\t<\/blockquote>\n\t\t\t\t\t\t<\/div>\n\t\t\t\t<\/div>\n\t\t\t\t<div class=\"elementor-element elementor-element-772a0e0 elementor-blockquote--skin-quotation elementor-widget elementor-widget-blockquote\" data-id=\"772a0e0\" data-element_type=\"widget\" data-widget_type=\"blockquote.default\">\n\t\t\t\t<div class=\"elementor-widget-container\">\n\t\t\t\t\t\t\t<blockquote class=\"elementor-blockquote\">\n\t\t\t<p class=\"elementor-blockquote__content\">\n\t\t\t\tMislim da je dobro \u0161to mo\u017ee\u0161 imati karijeru u Hepsi . Moj menad\u017eer je vidio da sam potpuno posve\u0107en i spreman da preuzmem odgovornost. Uspio sam zavr\u0161iti daljnju obuku i uskoro \u0107u pre\u0107i na rukovode\u0107u poziciju.\t\t\t<\/p>\n\t\t\t\t\t<\/blockquote>\n\t\t\t\t\t\t<\/div>\n\t\t\t\t<\/div>\n\t\t\t\t\t<\/div>\n\t\t<\/div>\n\t\t\t\t\t<\/div>\n\t\t<\/section>\n\t\t\t\t<section class=\"elementor-section elementor-top-section elementor-element elementor-element-00d7b9c elementor-section-boxed elementor-section-height-default elementor-section-height-default\" data-id=\"00d7b9c\" data-element_type=\"section\">\n\t\t\t\t\t\t<div class=\"elementor-container elementor-column-gap-default\">\n\t\t\t\t\t<div class=\"elementor-column elementor-col-100 elementor-top-column elementor-element elementor-element-8f887cc\" data-id=\"8f887cc\" data-element_type=\"column\">\n\t\t\t<div class=\"elementor-widget-wrap elementor-element-populated\">\n\t\t\t\t\t\t<div class=\"elementor-element elementor-element-a82576d elementor-widget elementor-widget-spacer\" data-id=\"a82576d\" data-element_type=\"widget\" data-widget_type=\"spacer.default\">\n\t\t\t\t<div class=\"elementor-widget-container\">\n\t\t\t\t\t\t\t<div class=\"elementor-spacer\">\n\t\t\t<div class=\"elementor-spacer-inner\"><\/div>\n\t\t<\/div>\n\t\t\t\t\t\t<\/div>\n\t\t\t\t<\/div>\n\t\t\t\t<div class=\"elementor-element elementor-element-69ad3a2 elementor-widget elementor-widget-text-editor\" data-id=\"69ad3a2\" data-element_type=\"widget\" data-widget_type=\"text-editor.default\">\n\t\t\t\t<div class=\"elementor-widget-container\">\n\t\t\t\t\t\t\t\t\t<h2 style=\"text-align: center;\">Karijera u Hepsi je vrijedna truda<\/h2>\n\t\t\t\t\t\t\t\t<\/div>\n\t\t\t\t<\/div>\n\t\t\t\t\t<\/div>\n\t\t<\/div>\n\t\t\t\t\t<\/div>\n\t\t<\/section>\n\t\t\t\t<section class=\"elementor-section elementor-top-section elementor-element elementor-element-b67f475 elementor-section-boxed elementor-section-height-default elementor-section-height-default\" data-id=\"b67f475\" data-element_type=\"section\">\n\t\t\t\t\t\t<div class=\"elementor-container elementor-column-gap-default\">\n\t\t\t\t\t<div class=\"elementor-column elementor-col-50 elementor-top-column elementor-element elementor-element-68f0752\" data-id=\"68f0752\" data-element_type=\"column\">\n\t\t\t<div class=\"elementor-widget-wrap elementor-element-populated\">\n\t\t\t\t\t\t<div class=\"elementor-element elementor-element-423d82b elementor-widget elementor-widget-spacer\" data-id=\"423d82b\" data-element_type=\"widget\" data-widget_type=\"spacer.default\">\n\t\t\t\t<div class=\"elementor-widget-container\">\n\t\t\t\t\t\t\t<div class=\"elementor-spacer\">\n\t\t\t<div class=\"elementor-spacer-inner\"><\/div>\n\t\t<\/div>\n\t\t\t\t\t\t<\/div>\n\t\t\t\t<\/div>\n\t\t\t\t<div class=\"elementor-element elementor-element-4e0c988 elementor-view-default elementor-position-top elementor-mobile-position-top elementor-widget elementor-widget-icon-box\" data-id=\"4e0c988\" data-element_type=\"widget\" data-widget_type=\"icon-box.default\">\n\t\t\t\t<div class=\"elementor-widget-container\">\n\t\t\t\t\t\t\t<div class=\"elementor-icon-box-wrapper\">\n\n\t\t\t\t\t\t<div class=\"elementor-icon-box-icon\">\n\t\t\t\t<a href=\"https:\/\/hepsi-markt.de\/bs\/karijera\/logisticki-poslovi\/\" class=\"elementor-icon\" tabindex=\"-1\" aria-label=\"Aktuelni poslovi u logistici\">\n\t\t\t\t\t\t\t\t<\/a>\n\t\t\t<\/div>\n\t\t\t\n\t\t\t\t\t\t<div class=\"elementor-icon-box-content\">\n\n\t\t\t\t\t\t\t\t\t<h3 class=\"elementor-icon-box-title\">\n\t\t\t\t\t\t<a href=\"https:\/\/hepsi-markt.de\/bs\/karijera\/logisticki-poslovi\/\" >\n\t\t\t\t\t\t\tAktuelni poslovi u logistici\t\t\t\t\t\t<\/a>\n\t\t\t\t\t<\/h3>\n\t\t\t\t\n\t\t\t\t\t\t\t\t\t<p class=\"elementor-icon-box-description\">\n\t\t\t\t\t\tSaznajte vi\u0161e i prijavite se sada!\t\t\t\t\t<\/p>\n\t\t\t\t\n\t\t\t<\/div>\n\t\t\t\n\t\t<\/div>\n\t\t\t\t\t\t<\/div>\n\t\t\t\t<\/div>\n\t\t\t\t\t<\/div>\n\t\t<\/div>\n\t\t\t\t<div class=\"elementor-column elementor-col-50 elementor-top-column elementor-element elementor-element-f38ede2\" data-id=\"f38ede2\" data-element_type=\"column\">\n\t\t\t<div class=\"elementor-widget-wrap elementor-element-populated\">\n\t\t\t\t\t\t<div class=\"elementor-element elementor-element-88a0985 elementor-widget elementor-widget-spacer\" data-id=\"88a0985\" data-element_type=\"widget\" data-widget_type=\"spacer.default\">\n\t\t\t\t<div class=\"elementor-widget-container\">\n\t\t\t\t\t\t\t<div class=\"elementor-spacer\">\n\t\t\t<div class=\"elementor-spacer-inner\"><\/div>\n\t\t<\/div>\n\t\t\t\t\t\t<\/div>\n\t\t\t\t<\/div>\n\t\t\t\t<div class=\"elementor-element elementor-element-217ee0e elementor-view-default elementor-position-top elementor-mobile-position-top elementor-widget elementor-widget-icon-box\" data-id=\"217ee0e\" data-element_type=\"widget\" data-widget_type=\"icon-box.default\">\n\t\t\t\t<div class=\"elementor-widget-container\">\n\t\t\t\t\t\t\t<div class=\"elementor-icon-box-wrapper\">\n\n\t\t\t\t\t\t<div class=\"elementor-icon-box-icon\">\n\t\t\t\t<a href=\"https:\/\/hepsi-markt.de\/bs\/karijera\/career-sales\/\" class=\"elementor-icon\" tabindex=\"-1\" aria-label=\"Rad u prodaji\">\n\t\t\t\t\t\t\t\t<\/a>\n\t\t\t<\/div>\n\t\t\t\n\t\t\t\t\t\t<div class=\"elementor-icon-box-content\">\n\n\t\t\t\t\t\t\t\t\t<h3 class=\"elementor-icon-box-title\">\n\t\t\t\t\t\t<a href=\"https:\/\/hepsi-markt.de\/bs\/karijera\/career-sales\/\" >\n\t\t\t\t\t\t\tRad u prodaji\t\t\t\t\t\t<\/a>\n\t\t\t\t\t<\/h3>\n\t\t\t\t\n\t\t\t\t\t\t\t\t\t<p class=\"elementor-icon-box-description\">\n\t\t\t\t\t\tSaznajte vi\u0161e i prijavite se sada!\t\t\t\t\t<\/p>\n\t\t\t\t\n\t\t\t<\/div>\n\t\t\t\n\t\t<\/div>\n\t\t\t\t\t\t<\/div>\n\t\t\t\t<\/div>\n\t\t\t\t\t<\/div>\n\t\t<\/div>\n\t\t\t\t\t<\/div>\n\t\t<\/section>\n\t\t\t\t<section class=\"elementor-section elementor-top-section elementor-element elementor-element-150fd3db elementor-section-boxed elementor-section-height-default elementor-section-height-default\" data-id=\"150fd3db\" data-element_type=\"section\">\n\t\t\t\t\t\t<div class=\"elementor-container elementor-column-gap-default\">\n\t\t\t\t\t<div class=\"elementor-column elementor-col-100 elementor-top-column elementor-element elementor-element-4a1e21c8\" data-id=\"4a1e21c8\" data-element_type=\"column\">\n\t\t\t<div class=\"elementor-widget-wrap elementor-element-populated\">\n\t\t\t\t\t\t<div class=\"elementor-element elementor-element-6b10a575 elementor-widget elementor-widget-spacer\" data-id=\"6b10a575\" data-element_type=\"widget\" data-widget_type=\"spacer.default\">\n\t\t\t\t<div class=\"elementor-widget-container\">\n\t\t\t\t\t\t\t<div class=\"elementor-spacer\">\n\t\t\t<div class=\"elementor-spacer-inner\"><\/div>\n\t\t<\/div>\n\t\t\t\t\t\t<\/div>\n\t\t\t\t<\/div>\n\t\t\t\t\t<\/div>\n\t\t<\/div>\n\t\t\t\t\t<\/div>\n\t\t<\/section>\n\t\t\t\t<\/div>\n\t\t","protected":false},"excerpt":{"rendered":"<p>Obuka prodaje Po\u010detak treninga: 1. avgust Zapo\u010deti svoj profesionalni \u017eivot sa Hepsi zna\u010di biti u gu\u0161ti stvari od samog po\u010detka umjesto da budete samo tamo, preuzimate odgovornost i stalno u\u010dite nove stvari. Sa nama svaki dan mo\u017eete u\u010diniti malo vi\u0161e mogu\u0107im, za sebe i svoju budu\u0107nost &#8211; i istovremeno se dobro zabaviti. Zajedno rje\u0161avati stvari, [&hellip;]<\/p>\n","protected":false},"author":1,"featured_media":0,"parent":6156,"menu_order":0,"comment_status":"closed","ping_status":"closed","template":"elementor_header_footer","meta":{"_acf_changed":false,"footnotes":""},"class_list":["post-6318","page","type-page","status-publish","hentry"],"acf":[],"_links":{"self":[{"href":"https:\/\/hepsi-markt.de\/bs\/wp-json\/wp\/v2\/pages\/6318","targetHints":{"allow":["GET"]}}],"collection":[{"href":"https:\/\/hepsi-markt.de\/bs\/wp-json\/wp\/v2\/pages"}],"about":[{"href":"https:\/\/hepsi-markt.de\/bs\/wp-json\/wp\/v2\/types\/page"}],"author":[{"embeddable":true,"href":"https:\/\/hepsi-markt.de\/bs\/wp-json\/wp\/v2\/users\/1"}],"replies":[{"embeddable":true,"href":"https:\/\/hepsi-markt.de\/bs\/wp-json\/wp\/v2\/comments?post=6318"}],"version-history":[{"count":2,"href":"https:\/\/hepsi-markt.de\/bs\/wp-json\/wp\/v2\/pages\/6318\/revisions"}],"predecessor-version":[{"id":7661263,"href":"https:\/\/hepsi-markt.de\/bs\/wp-json\/wp\/v2\/pages\/6318\/revisions\/7661263"}],"up":[{"embeddable":true,"href":"https:\/\/hepsi-markt.de\/bs\/wp-json\/wp\/v2\/pages\/6156"}],"wp:attachment":[{"href":"https:\/\/hepsi-markt.de\/bs\/wp-json\/wp\/v2\/media?parent=6318"}],"curies":[{"name":"wp","href":"https:\/\/api.w.org\/{rel}","templated":true}]}}