	{"id":7822668,"date":"2026-02-23T02:48:54","date_gmt":"2026-02-23T01:48:54","guid":{"rendered":"https:\/\/hepsi-markt.de\/produkt\/ace-koepuek-kirec-coezuecue-ferahlik-etkisi-700ml\/"},"modified":"2026-04-09T02:21:35","modified_gmt":"2026-04-09T00:21:35","slug":"ace-koepuek-kirec-coezuecue-ferahlik-etkisi-700ml","status":"publish","type":"product","link":"https:\/\/hepsi-markt.de\/ar\/produkt\/ace-koepuek-kirec-coezuecue-ferahlik-etkisi-700ml\/","title":{"rendered":"Ace K\u00f6p\u00fck Kirec C\u00f6z\u00fcc\u00fc Ferahlik Etkisi 700ml"},"content":{"rendered":"<p>Ace K\u00f6p\u00fck Kirec C\u00f6z\u00fcc\u00fc Ferahlik Etkisi 700ml<\/p>\n","protected":false},"excerpt":{"rendered":"<p>700 ML<br \/>1000 Milliliter = 4,99<\/p>\n","protected":false},"featured_media":7735886,"template":"","meta":{"_acf_changed":false},"product_brand":[],"product_cat":[391],"product_tag":[],"class_list":{"0":"post-7822668","1":"product","2":"type-product","3":"status-publish","4":"has-post-thumbnail","6":"product_cat-drogerie-kosmetik","8":"first","9":"outofstock","10":"shipping-taxable","11":"product-type-simple"},"acf":[],"_links":{"self":[{"href":"https:\/\/hepsi-markt.de\/ar\/wp-json\/wp\/v2\/product\/7822668","targetHints":{"allow":["GET"]}}],"collection":[{"href":"https:\/\/hepsi-markt.de\/ar\/wp-json\/wp\/v2\/product"}],"about":[{"href":"https:\/\/hepsi-markt.de\/ar\/wp-json\/wp\/v2\/types\/product"}],"wp:featuredmedia":[{"embeddable":true,"href":"https:\/\/hepsi-markt.de\/ar\/wp-json\/wp\/v2\/media\/7735886"}],"wp:attachment":[{"href":"https:\/\/hepsi-markt.de\/ar\/wp-json\/wp\/v2\/media?parent=7822668"}],"wp:term":[{"taxonomy":"product_brand","embeddable":true,"href":"https:\/\/hepsi-markt.de\/ar\/wp-json\/wp\/v2\/product_brand?post=7822668"},{"taxonomy":"product_cat","embeddable":true,"href":"https:\/\/hepsi-markt.de\/ar\/wp-json\/wp\/v2\/product_cat?post=7822668"},{"taxonomy":"product_tag","embeddable":true,"href":"https:\/\/hepsi-markt.de\/ar\/wp-json\/wp\/v2\/product_tag?post=7822668"}],"curies":[{"name":"wp","href":"https:\/\/api.w.org\/{rel}","templated":true}]}}