	{"id":7816396,"date":"2026-01-01T02:49:04","date_gmt":"2026-01-01T01:49:04","guid":{"rendered":"https:\/\/hepsi-markt.de\/produkt\/su-boerek-kaese\/"},"modified":"2026-04-10T02:57:28","modified_gmt":"2026-04-10T00:57:28","slug":"su-boerek-kaese","status":"publish","type":"product","link":"https:\/\/hepsi-markt.de\/ar\/produkt\/su-boerek-kaese\/","title":{"rendered":"Su B\u00f6rek K\u00e4se"},"content":{"rendered":"","protected":false},"excerpt":{"rendered":"<p>1 St\u00fcck<br \/>St\u00fcck = 1,29<\/p>\n","protected":false},"featured_media":7816544,"template":"","meta":{"_acf_changed":false},"product_brand":[],"product_cat":[394],"product_tag":[],"class_list":{"0":"post-7816396","1":"product","2":"type-product","3":"status-publish","4":"has-post-thumbnail","6":"product_cat-backwaren-aufstriche-cerealien","8":"first","9":"instock","10":"shipping-taxable","11":"product-type-simple"},"acf":[],"_links":{"self":[{"href":"https:\/\/hepsi-markt.de\/ar\/wp-json\/wp\/v2\/product\/7816396","targetHints":{"allow":["GET"]}}],"collection":[{"href":"https:\/\/hepsi-markt.de\/ar\/wp-json\/wp\/v2\/product"}],"about":[{"href":"https:\/\/hepsi-markt.de\/ar\/wp-json\/wp\/v2\/types\/product"}],"wp:featuredmedia":[{"embeddable":true,"href":"https:\/\/hepsi-markt.de\/ar\/wp-json\/wp\/v2\/media\/7816544"}],"wp:attachment":[{"href":"https:\/\/hepsi-markt.de\/ar\/wp-json\/wp\/v2\/media?parent=7816396"}],"wp:term":[{"taxonomy":"product_brand","embeddable":true,"href":"https:\/\/hepsi-markt.de\/ar\/wp-json\/wp\/v2\/product_brand?post=7816396"},{"taxonomy":"product_cat","embeddable":true,"href":"https:\/\/hepsi-markt.de\/ar\/wp-json\/wp\/v2\/product_cat?post=7816396"},{"taxonomy":"product_tag","embeddable":true,"href":"https:\/\/hepsi-markt.de\/ar\/wp-json\/wp\/v2\/product_tag?post=7816396"}],"curies":[{"name":"wp","href":"https:\/\/api.w.org\/{rel}","templated":true}]}}