	{"id":7339,"date":"2021-07-07T09:58:59","date_gmt":"2021-07-07T07:58:59","guid":{"rendered":"https:\/\/hepsi-markt.de\/%d8%b9%d8%b1%d9%88%d8%b6-%d8%aa%d8%b1%d9%83%d9%8a%d8%a9-%d8%a8%d8%af%d9%88%d9%86-%d9%82%d8%a7%d8%a6%d9%85%d8%a9\/"},"modified":"2024-01-16T18:23:35","modified_gmt":"2024-01-16T17:23:35","slug":"%d8%b9%d8%b1%d9%88%d8%b6-%d8%aa%d8%b1%d9%83%d9%8a%d8%a9-%d8%a8%d8%af%d9%88%d9%86-%d9%82%d8%a7%d8%a6%d9%85%d8%a9","status":"publish","type":"page","link":"https:\/\/hepsi-markt.de\/ar\/%d8%b9%d8%b1%d9%88%d8%b6-%d8%aa%d8%b1%d9%83%d9%8a%d8%a9-%d8%a8%d8%af%d9%88%d9%86-%d9%82%d8%a7%d8%a6%d9%85%d8%a9\/","title":{"rendered":"\u0639\u0631\u0648\u0636 \u062a\u0631\u0643\u064a\u0629 \u0628\u062f\u0648\u0646 \u0642\u0627\u0626\u0645\u0629"},"content":{"rendered":"\t\t<div data-elementor-type=\"wp-page\" data-elementor-id=\"7339\" class=\"elementor elementor-7339 elementor-2924\" data-elementor-post-type=\"page\">\n\t\t\t\t\t\t<section class=\"elementor-section elementor-top-section elementor-element elementor-element-7e2e89e9 elementor-section-full_width elementor-section-height-default elementor-section-height-default\" data-id=\"7e2e89e9\" data-element_type=\"section\">\n\t\t\t\t\t\t<div class=\"elementor-container elementor-column-gap-default\">\n\t\t\t\t\t<div class=\"elementor-column elementor-col-100 elementor-top-column elementor-element elementor-element-53b852af\" data-id=\"53b852af\" data-element_type=\"column\">\n\t\t\t<div class=\"elementor-widget-wrap elementor-element-populated\">\n\t\t\t\t\t\t<div class=\"elementor-element elementor-element-c5ce8b6 elementor-widget elementor-widget-image\" data-id=\"c5ce8b6\" data-element_type=\"widget\" data-widget_type=\"image.default\">\n\t\t\t\t<div class=\"elementor-widget-container\">\n\t\t\t\t\t\t\t\t\t\t\t\t\t\t\t<img decoding=\"async\" src=\"https:\/\/hepsi-markt.de\/wp-content\/uploads\/06\/Lang-button-green-29.png\" title=\"\" alt=\"\" loading=\"lazy\" \/>\t\t\t\t\t\t\t\t\t\t\t\t\t\t\t<\/div>\n\t\t\t\t<\/div>\n\t\t\t\t\t<\/div>\n\t\t<\/div>\n\t\t\t\t\t<\/div>\n\t\t<\/section>\n\t\t\t\t<section class=\"elementor-section elementor-top-section elementor-element elementor-element-1e3aa8b2 elementor-section-full_width elementor-section-stretched elementor-section-height-default elementor-section-height-default\" data-id=\"1e3aa8b2\" data-element_type=\"section\" data-settings=\"{&quot;stretch_section&quot;:&quot;section-stretched&quot;}\">\n\t\t\t\t\t\t<div class=\"elementor-container elementor-column-gap-default\">\n\t\t\t\t\t<div class=\"elementor-column elementor-col-100 elementor-top-column elementor-element elementor-element-7e654822\" data-id=\"7e654822\" data-element_type=\"column\">\n\t\t\t<div class=\"elementor-widget-wrap elementor-element-populated\">\n\t\t\t\t\t\t<div class=\"elementor-element elementor-element-22890c14 elementor-widget elementor-widget-heading\" data-id=\"22890c14\" data-element_type=\"widget\" data-widget_type=\"heading.default\">\n\t\t\t\t<div class=\"elementor-widget-container\">\n\t\t\t\t\t<h1 class=\"elementor-heading-title elementor-size-default\">Hepsi-Markt 'ta g\u00fcncel \u015fube f\u0131rsatlar\u0131<\/h1>\t\t\t\t<\/div>\n\t\t\t\t<\/div>\n\t\t\t\t<div class=\"elementor-element elementor-element-205e4875 elementor-widget elementor-widget-spacer\" data-id=\"205e4875\" data-element_type=\"widget\" data-widget_type=\"spacer.default\">\n\t\t\t\t<div class=\"elementor-widget-container\">\n\t\t\t\t\t\t\t<div class=\"elementor-spacer\">\n\t\t\t<div class=\"elementor-spacer-inner\"><\/div>\n\t\t<\/div>\n\t\t\t\t\t\t<\/div>\n\t\t\t\t<\/div>\n\t\t\t\t\t<\/div>\n\t\t<\/div>\n\t\t\t\t\t<\/div>\n\t\t<\/section>\n\t\t\t\t<section class=\"elementor-section elementor-top-section elementor-element elementor-element-178e1709 elementor-section-boxed elementor-section-height-default elementor-section-height-default\" data-id=\"178e1709\" data-element_type=\"section\">\n\t\t\t\t\t\t<div class=\"elementor-container elementor-column-gap-default\">\n\t\t\t\t\t<div class=\"elementor-column elementor-col-100 elementor-top-column elementor-element elementor-element-2881d75b\" data-id=\"2881d75b\" data-element_type=\"column\">\n\t\t\t<div class=\"elementor-widget-wrap elementor-element-populated\">\n\t\t\t\t\t\t<div class=\"elementor-element elementor-element-1d93fcb3 elementor-widget elementor-widget-text-editor\" data-id=\"1d93fcb3\" data-element_type=\"widget\" data-widget_type=\"text-editor.default\">\n\t\t\t\t<div class=\"elementor-widget-container\">\n\t\t\t\t\t\t\t\t\t<h4><span class=\"VIiyi\" lang=\"tr\"><span class=\"JLqJ4b ChMk0b\" data-language-for-alternatives=\"tr\" data-language-to-translate-into=\"de\" data-phrase-index=\"1\" data-number-of-phrases=\"2\"><span class=\"Q4iAWc\">24 \u0648 25 \u064a\u0648\u0645 \u0627\u0644\u062c\u0645\u0639\u0629 \u0627\u0644\u0623\u0633\u0648\u062f.<\/span><\/span><\/span><\/h4>\n\t\t\t\t\t\t\t\t<\/div>\n\t\t\t\t<\/div>\n\t\t\t\t<div class=\"elementor-element elementor-element-f607b5f elementor-widget elementor-widget-spacer\" data-id=\"f607b5f\" data-element_type=\"widget\" data-widget_type=\"spacer.default\">\n\t\t\t\t<div class=\"elementor-widget-container\">\n\t\t\t\t\t\t\t<div class=\"elementor-spacer\">\n\t\t\t<div class=\"elementor-spacer-inner\"><\/div>\n\t\t<\/div>\n\t\t\t\t\t\t<\/div>\n\t\t\t\t<\/div>\n\t\t\t\t\t<\/div>\n\t\t<\/div>\n\t\t\t\t\t<\/div>\n\t\t<\/section>\n\t\t\t\t<section class=\"elementor-section elementor-top-section elementor-element elementor-element-7d298c0 elementor-section-boxed elementor-section-height-default elementor-section-height-default\" data-id=\"7d298c0\" data-element_type=\"section\">\n\t\t\t\t\t\t<div class=\"elementor-container elementor-column-gap-default\">\n\t\t\t\t\t<div class=\"elementor-column elementor-col-100 elementor-top-column elementor-element elementor-element-9f21d3d\" data-id=\"9f21d3d\" data-element_type=\"column\">\n\t\t\t<div class=\"elementor-widget-wrap elementor-element-populated\">\n\t\t\t\t\t\t<div class=\"elementor-element elementor-element-1d07979 elementor-widget elementor-widget-image\" data-id=\"1d07979\" data-element_type=\"widget\" data-widget_type=\"image.default\">\n\t\t\t\t<div class=\"elementor-widget-container\">\n\t\t\t\t\t\t\t\t\t\t\t\t\t\t\t<img fetchpriority=\"high\" decoding=\"async\" width=\"1920\" height=\"1182\" src=\"https:\/\/hepsi-markt.de\/wp-content\/uploads\/2022\/02\/Hepsi-Kasse-Angebote.webp\" class=\"attachment-full size-full wp-image-3400\" alt=\"Sonderangebote im Hepsi-Markt\" srcset=\"https:\/\/hepsi-markt.de\/wp-content\/uploads\/2022\/02\/Hepsi-Kasse-Angebote.webp 1920w, https:\/\/hepsi-markt.de\/wp-content\/uploads\/2022\/02\/Hepsi-Kasse-Angebote-500x308.webp 500w, https:\/\/hepsi-markt.de\/wp-content\/uploads\/2022\/02\/Hepsi-Kasse-Angebote-300x185.webp 300w, https:\/\/hepsi-markt.de\/wp-content\/uploads\/2022\/02\/Hepsi-Kasse-Angebote-1024x630.webp 1024w, https:\/\/hepsi-markt.de\/wp-content\/uploads\/2022\/02\/Hepsi-Kasse-Angebote-768x473.webp 768w, https:\/\/hepsi-markt.de\/wp-content\/uploads\/2022\/02\/Hepsi-Kasse-Angebote-1536x946.webp 1536w, https:\/\/hepsi-markt.de\/wp-content\/uploads\/2022\/02\/Hepsi-Kasse-Angebote-200x123.webp 200w\" sizes=\"(max-width: 1920px) 100vw, 1920px\" \/>\t\t\t\t\t\t\t\t\t\t\t\t\t\t\t<\/div>\n\t\t\t\t<\/div>\n\t\t\t\t<div class=\"elementor-element elementor-element-56dbea5 bu elementor-widget elementor-widget-text-editor\" data-id=\"56dbea5\" data-element_type=\"widget\" data-widget_type=\"text-editor.default\">\n\t\t\t\t<div class=\"elementor-widget-container\">\n\t\t\t\t\t\t\t\t\t<h6 style=\"text-align: left;\">\u0644\u0627 \u062a\u0641\u0633\u0631 edebiliriz\u061f Hepsi &#8216;de al\u0131\u015fveri\u015f yapmak e\u011flencelidir. Geni\u015f \u00fcr\u00fcn yelpazesinde bir\u00e7ok uluslararas\u0131 \u00fcr\u00fcn\u00fc uygun fiyatlarla bulacaks\u0131n\u0131z &#8211; size tavsiyelerde bulunmaktan mutluluk duyar\u0131z.<\/h6>\n\t\t\t\t\t\t\t\t<\/div>\n\t\t\t\t<\/div>\n\t\t\t\t\t<\/div>\n\t\t<\/div>\n\t\t\t\t\t<\/div>\n\t\t<\/section>\n\t\t\t\t<section class=\"elementor-section elementor-top-section elementor-element elementor-element-48afdec6 elementor-section-boxed elementor-section-height-default elementor-section-height-default\" data-id=\"48afdec6\" data-element_type=\"section\">\n\t\t\t\t\t\t<div class=\"elementor-container elementor-column-gap-default\">\n\t\t\t\t\t<div class=\"elementor-column elementor-col-100 elementor-top-column elementor-element elementor-element-3b998962\" data-id=\"3b998962\" data-element_type=\"column\">\n\t\t\t<div class=\"elementor-widget-wrap elementor-element-populated\">\n\t\t\t\t\t\t<div class=\"elementor-element elementor-element-ecb71cb elementor-widget elementor-widget-spacer\" data-id=\"ecb71cb\" data-element_type=\"widget\" data-widget_type=\"spacer.default\">\n\t\t\t\t<div class=\"elementor-widget-container\">\n\t\t\t\t\t\t\t<div class=\"elementor-spacer\">\n\t\t\t<div class=\"elementor-spacer-inner\"><\/div>\n\t\t<\/div>\n\t\t\t\t\t\t<\/div>\n\t\t\t\t<\/div>\n\t\t\t\t<div class=\"elementor-element elementor-element-5a3d76ab elementor-widget elementor-widget-text-editor\" data-id=\"5a3d76ab\" data-element_type=\"widget\" data-widget_type=\"text-editor.default\">\n\t\t\t\t<div class=\"elementor-widget-container\">\n\t\t\t\t\t\t\t\t\t<h2>Hepsi &#8216;de s\u00fcrekli uygun fiyatlar<\/h2>\n<p>Hepsi-Markt &#8216;ta s\u00fcrekli d\u00fc\u015f\u00fck fiyatlarla pek \u00e7ok \u00fcr\u00fcn bulunmaktad\u0131r. \u0643\u064a\u0646\u062f\u064a\u0646\u064a\u0632 \u0643\u0627\u0631\u0634\u064a\u0644\u0627\u0634\u062a\u064a\u0631\u064a\u0646. Kendi \u00fcr\u00fcnlerimiz ve pek \u00e7ok <a href=\"#\">T\u00fcrk markal\u0131 \u00fcr\u00fcnler<\/a> Hepsi &#8216;de rakipsiz uygun fiyatlara sahip.<\/p>\n<h2>\u0648\u0630\u0645\u0629 Temass\u0131z yap\u0131n ve nakit para \u00e7ekin<\/h2>\n<p>Hepsi-Markt \u064a\u062e\u062a\u0641\u064a \u0645\u0646 \u0627\u0644\u0648\u0630\u0645\u0629. \u062c\u064a\u0631\u0648\u0643\u0627\u0631\u062f\u060c \u0645\u0627\u0633\u062a\u0631\u0643\u0627\u0631\u062f \u0648\u0641\u064a\u0632\u0627 \u0643\u0627\u0628\u0648\u0644 ediyoruz.<\/p>\n\t\t\t\t\t\t\t\t<\/div>\n\t\t\t\t<\/div>\n\t\t\t\t\t<\/div>\n\t\t<\/div>\n\t\t\t\t\t<\/div>\n\t\t<\/section>\n\t\t\t\t<section class=\"elementor-section elementor-top-section elementor-element elementor-element-2433fd42 elementor-section-boxed elementor-section-height-default elementor-section-height-default\" data-id=\"2433fd42\" data-element_type=\"section\">\n\t\t\t\t\t\t<div class=\"elementor-container elementor-column-gap-default\">\n\t\t\t\t\t<div class=\"elementor-column elementor-col-20 elementor-top-column elementor-element elementor-element-24ee3354\" data-id=\"24ee3354\" data-element_type=\"column\">\n\t\t\t<div class=\"elementor-widget-wrap elementor-element-populated\">\n\t\t\t\t\t\t<div class=\"elementor-element elementor-element-36473966 elementor-widget elementor-widget-image\" data-id=\"36473966\" data-element_type=\"widget\" data-widget_type=\"image.default\">\n\t\t\t\t<div class=\"elementor-widget-container\">\n\t\t\t\t\t\t\t\t\t\t\t\t\t\t\t<img decoding=\"async\" src=\"https:\/\/hepsi-markt.de\/wp-content\/uploads\/04\/Label-kontaktlos-bezahlen-e1620817163474.jpg\" title=\"\" alt=\"\" loading=\"lazy\" \/>\t\t\t\t\t\t\t\t\t\t\t\t\t\t\t<\/div>\n\t\t\t\t<\/div>\n\t\t\t\t\t<\/div>\n\t\t<\/div>\n\t\t\t\t<div class=\"elementor-column elementor-col-20 elementor-top-column elementor-element elementor-element-5ba4d319\" data-id=\"5ba4d319\" data-element_type=\"column\">\n\t\t\t<div class=\"elementor-widget-wrap elementor-element-populated\">\n\t\t\t\t\t\t<div class=\"elementor-element elementor-element-42178f51 elementor-widget elementor-widget-image\" data-id=\"42178f51\" data-element_type=\"widget\" data-widget_type=\"image.default\">\n\t\t\t\t<div class=\"elementor-widget-container\">\n\t\t\t\t\t\t\t\t\t\t\t\t\t\t\t<img decoding=\"async\" src=\"https:\/\/hepsi-markt.de\/wp-content\/uploads\/04\/Label-girocard-e1620817191143.png\" title=\"\" alt=\"\" loading=\"lazy\" \/>\t\t\t\t\t\t\t\t\t\t\t\t\t\t\t<\/div>\n\t\t\t\t<\/div>\n\t\t\t\t\t<\/div>\n\t\t<\/div>\n\t\t\t\t<div class=\"elementor-column elementor-col-20 elementor-top-column elementor-element elementor-element-68815ef8\" data-id=\"68815ef8\" data-element_type=\"column\">\n\t\t\t<div class=\"elementor-widget-wrap\">\n\t\t\t\t\t\t\t<\/div>\n\t\t<\/div>\n\t\t\t\t<div class=\"elementor-column elementor-col-20 elementor-top-column elementor-element elementor-element-65ab21af\" data-id=\"65ab21af\" data-element_type=\"column\">\n\t\t\t<div class=\"elementor-widget-wrap\">\n\t\t\t\t\t\t\t<\/div>\n\t\t<\/div>\n\t\t\t\t<div class=\"elementor-column elementor-col-20 elementor-top-column elementor-element elementor-element-11fbd66\" data-id=\"11fbd66\" data-element_type=\"column\">\n\t\t\t<div class=\"elementor-widget-wrap\">\n\t\t\t\t\t\t\t<\/div>\n\t\t<\/div>\n\t\t\t\t\t<\/div>\n\t\t<\/section>\n\t\t\t\t<section class=\"elementor-section elementor-top-section elementor-element elementor-element-5aa50dec elementor-section-boxed elementor-section-height-default elementor-section-height-default\" data-id=\"5aa50dec\" data-element_type=\"section\">\n\t\t\t\t\t\t<div class=\"elementor-container elementor-column-gap-default\">\n\t\t\t\t\t<div class=\"elementor-column elementor-col-100 elementor-top-column elementor-element elementor-element-38805972\" data-id=\"38805972\" data-element_type=\"column\">\n\t\t\t<div class=\"elementor-widget-wrap elementor-element-populated\">\n\t\t\t\t\t\t<div class=\"elementor-element elementor-element-26f29604 elementor-widget elementor-widget-text-editor\" data-id=\"26f29604\" data-element_type=\"widget\" data-widget_type=\"text-editor.default\">\n\t\t\t\t<div class=\"elementor-widget-container\">\n\t\t\t\t\t\t\t\t\t<p>\u0627\u0644\u0627\u0633\u062a\u0631\u062f\u0627\u062f \u0627\u0644\u0646\u0642\u062f\u064a \u0645\u062a\u0627\u062d \u0628\u0640: 5 \u064a\u0648\u0631\u0648 \u0648\u064a\u0645\u0643\u0646\u0643 \u0623\u064a\u0636\u064b\u0627 \u0627\u0633\u062a\u062e\u062f\u0627\u0645 \u0627\u0644\u0628\u0637\u0627\u0642\u0629 \u0644\u062f\u0641\u0639 \u062b\u0645\u0646\u0647\u0627. \u0415stedi\u011finiz tutar\u0131 Hepsi kasas\u0131nda bildirin, PIN&#8217;i Girocard&#8217;a girin ve nakit paray\u0131 do\u011frudan al\u0131n.<\/p>\n\t\t\t\t\t\t\t\t<\/div>\n\t\t\t\t<\/div>\n\t\t\t\t<div class=\"elementor-element elementor-element-5461ec54 elementor-widget elementor-widget-spacer\" data-id=\"5461ec54\" data-element_type=\"widget\" data-widget_type=\"spacer.default\">\n\t\t\t\t<div class=\"elementor-widget-container\">\n\t\t\t\t\t\t\t<div class=\"elementor-spacer\">\n\t\t\t<div class=\"elementor-spacer-inner\"><\/div>\n\t\t<\/div>\n\t\t\t\t\t\t<\/div>\n\t\t\t\t<\/div>\n\t\t\t\t\t<\/div>\n\t\t<\/div>\n\t\t\t\t\t<\/div>\n\t\t<\/section>\n\t\t\t\t<\/div>\n\t\t","protected":false},"excerpt":{"rendered":"<p>Hepsi-Markt &#8216;ta g\u00fcncel \u015fube f\u0131rsatlar\u0131 24 \u0648 25 \u064a\u0648\u0645 \u0627\u0644\u062c\u0645\u0639\u0629 \u0627\u0644\u0623\u0633\u0648\u062f. \u0644\u0627 \u062a\u0641\u0633\u0631 edebiliriz\u061f Hepsi &#8216;de al\u0131\u015fveri\u015f yapmak e\u011flencelidir. Geni\u015f \u00fcr\u00fcn yelpazesinde bir\u00e7ok uluslararas\u0131 \u00fcr\u00fcn\u00fc uygun fiyatlarla bulacaks\u0131n\u0131z &#8211; size tavsiyelerde bulunmaktan mutluluk duyar\u0131z. Hepsi &#8216;de s\u00fcrekli uygun fiyatlar Hepsi-Markt &#8216;ta s\u00fcrekli d\u00fc\u015f\u00fck fiyatlarla pek \u00e7ok \u00fcr\u00fcn bulunmaktad\u0131r. \u0643\u064a\u0646\u062f\u064a\u0646\u064a\u0632 \u0643\u0627\u0631\u0634\u064a\u0644\u0627\u0634\u062a\u064a\u0631\u064a\u0646. Kendi \u00fcr\u00fcnlerimiz ve pek \u00e7ok [&hellip;]<\/p>\n","protected":false},"author":1,"featured_media":0,"parent":0,"menu_order":0,"comment_status":"closed","ping_status":"closed","template":"elementor_header_footer","meta":{"_acf_changed":false,"footnotes":""},"class_list":["post-7339","page","type-page","status-publish","hentry"],"acf":[],"_links":{"self":[{"href":"https:\/\/hepsi-markt.de\/ar\/wp-json\/wp\/v2\/pages\/7339","targetHints":{"allow":["GET"]}}],"collection":[{"href":"https:\/\/hepsi-markt.de\/ar\/wp-json\/wp\/v2\/pages"}],"about":[{"href":"https:\/\/hepsi-markt.de\/ar\/wp-json\/wp\/v2\/types\/page"}],"author":[{"embeddable":true,"href":"https:\/\/hepsi-markt.de\/ar\/wp-json\/wp\/v2\/users\/1"}],"replies":[{"embeddable":true,"href":"https:\/\/hepsi-markt.de\/ar\/wp-json\/wp\/v2\/comments?post=7339"}],"version-history":[{"count":0,"href":"https:\/\/hepsi-markt.de\/ar\/wp-json\/wp\/v2\/pages\/7339\/revisions"}],"wp:attachment":[{"href":"https:\/\/hepsi-markt.de\/ar\/wp-json\/wp\/v2\/media?parent=7339"}],"curies":[{"name":"wp","href":"https:\/\/api.w.org\/{rel}","templated":true}]}}